{"id":37526,"date":"2020-05-08T00:00:00","date_gmt":"2020-05-07T23:00:00","guid":{"rendered":"https:\/\/grappa.no\/no\/albums\/ukategorisert\/sandra-lied-haga\/"},"modified":"2020-08-06T13:13:26","modified_gmt":"2020-08-06T12:13:26","slug":"sandra-lied-haga","status":"publish","type":"product","link":"https:\/\/grappa.no\/no\/albums\/simax-classics\/sandra-lied-haga\/","title":{"rendered":"Sandra Lied Haga"},"content":{"rendered":"<p><\/p>\n<p>Sandra Lied Haga albumdebuterer<\/p>\n<p>Sandra Lied Haga albumdebuterer \u2013 som solist med State Academic Symphony Orchestra of Russia &#8216;Evgeny Svetlanov&#8217; \u2013 i \u00e6rverdige Moskva-konservatoriets Store Sal. I mai venter konserter under Festspillene i Bergen, og som solist i Rococo-variasjonene med Stavanger Symfoniorkester. 25 \u00e5r gammel har Sandra allerede en klang og et utrykk i sin musisering som umiddelbart griper tak i lytteren.<\/p>\n<p>De siste \u00e5rene har Sandra gjort seg bemerket blant de unge ut\u00f8verne i Europa. Hennes rike, vakre klang og enest\u00e5ende talent har allerede fanget oppmerksomheten Daniel Barenboim og Anne-Sophie Mutter. Sandra spiller regelmessig kammermusikk-konserter med Mutter og stipendiatene i Anne-Sophie Mutter Foundation og Mutter\u2019s Virtuosi. <\/p>\n<p>Sandra har valgt seg ut de to verkene i den romantiske cello-litteraturen som p\u00e5 mange m\u00e5ter definerer perioden, mesterverk med en uendelighet av uttrykksmuligheter. De fleste cellister kan bare dr\u00f8mme om \u00e5 sitte foran orkesteret i Tchaikovskys eget konservatorium og spille et av komponistens mest kjente verk. I tillegg har hun valgt Tchaikovskys sv\u00e6rt krevende originalversjon av stykket. Dvo\u0159\u00e1ks cellokonsert er et av de f\u00e5 stykkene han skrev mens han oppholdt seg i New York, og temaene vitner om en komponist med sterk hjemlengsel.<br \/>\nSandra begynte \u00e5 spille cello bare tre \u00e5r gammel, og hun er den yngste som er tatt inn ved Barratt Dues Musikkinstitutt. 12 \u00e5r gammel debuterte hun i Wigmore Hall, etterfulgt av studier ved Razumovsky Academy i London, samt 6 \u00e5r med Truls M\u00f8rk som l\u00e6rer. I 2017 mottok Sandra &#8216;De Unges Lindeman-pris&#8217;, og nylig ble hun tildelt Equinors prestisjtunge Talentstipend.<\/p>\n<p><!--more--><\/p>\n<p>Sandra Lied Haga albumdebuterer \u2013 som solist med State Academic Symphony Orchestra of Russia &#8216;Evgeny Svetlanov&#8217; \u2013 i \u00e6rverdige Moskva-konservatoriets Store Sal. I mai venter konserter under Festspillene i Bergen, og som solist i Rococo-variasjonene med Stavanger Symfoniorkester. 25 \u00e5r gammel har Sandra allerede en klang og et utrykk i sin musisering som umiddelbart griper tak i lytteren.<\/p>\n<h4>Dvo\u0159\u00e1k &amp; Tchaikovsky i Moskva<\/h4>\n<p>Sandra har valgt seg ut de to verkene i den romantiske cello-litteraturen som p\u00e5 mange m\u00e5ter definerer perioden, mesterverk med en uendelighet av uttrykksmuligheter. De fleste cellister kan bare dr\u00f8mme om \u00e5 sitte foran orkesteret i Tchaikovskys eget konservatorium og spille et av komponistens mest kjente verk. I tillegg har hun valgt Tchaikovskys sv\u00e6rt krevende originalversjon av stykket. Dvo\u0159\u00e1ks cellokonsert er et av de f\u00e5 stykkene han skrev mens han oppholdt seg i New York, og temaene vitner om en komponist med sterk hjemlengsel. Den norske dirigenten Terje Mikkelsen har turnert flere ganger med Svetlanov-orkesteret rundt om i verden, og det skal godt gj\u00f8res \u00e5 finne bedre medmusikere.<\/p>\n<h4>Konserter, festivaler og kammermusikk<\/h4>\n<p>Sin unge alder til tross har Sandra allerede v\u00e6rt gjest ved flere av verdens fremste festivaler og konserthus, deriblant Salzburg Festspiele, Sommets Musicaux de Gstaad, Utrecht Kamermuziekfestival og St. Petersburg Philharmonia. Som solist har hun spilt med en rekke orkestre i inn- og utland, og listen over kammermusikkpartnere inneholder navn som Janine Jansen, Yo-Yo Ma, Paul Lewis og Leif Ove Andsnes, for \u00e5 nevne noen.<\/p>\n<h4>Sandra Lied Haga<\/h4>\n<p>Sandra begynte \u00e5 spille cello bare tre \u00e5r gammel, og hun er den yngste som er tatt inn ved Barratt Dues Musikkinstitutt. 12 \u00e5r gammel debuterte hun i Wigmore Hall, etterfulgt av studier ved Razumovsky Academy i London, samt 6 \u00e5r med Truls M\u00f8rk som l\u00e6rer. Hun er n\u00e5 Masterstudent hos Thorleif Thedeen ved Norges musikkh\u00f8gskole. Sandra har vunnet fire internasjonale f\u00f8rstepriser Tallinn Young Musician, Heran International Cello Competition, Padova International Competition og Chance International Competition, samt 8 f\u00f8rstepriser i nasjonale konkurranser. I 2017 mottok hun &#8216;De Unges Lindeman-pris&#8217;, og nylig ble hun tildelt Equinors prestisjtunge Talentstipend. Sandra spiller p\u00e5 en Joannes Florenus Guidantus cello (Bologna 1730) utl\u00e5nt av Dextra Musica.<\/p>\n<p><\/p>","protected":false},"excerpt":{"rendered":"<p>25 \u00e5r gammel har Sandra allerede en klang og et utrykk i sin musisering som umiddelbart griper tak i lytteren.<\/p>\n","protected":false},"featured_media":37527,"comment_status":"closed","ping_status":"open","template":"","meta":[],"product_brand":[],"product_cat":[180],"product_tag":[],"class_list":{"0":"post-37526","1":"product","2":"type-product","3":"status-publish","4":"has-post-thumbnail","6":"product_cat-simax-classics","7":"product_shipping_class-cddvd-shipping","8":"uni_artist_tag-antonin-dvorak","9":"uni_artist_tag-peter-tchaikovsky","10":"uni_artist_tag-sandra-lied-haga","11":"uni_artist_tag-state-academic-symphony-orchestra-evgeny-svetlanov","12":"uni_artist_tag-terje-mikkelsen","13":"uni_main_artist_tag-sandra-lied-haga","14":"uni_artist_genre-concerto","15":"uni_artist_genre-strings","16":"uni_artist_genre-young-norwegian","18":"first","19":"instock","20":"taxable","21":"shipping-taxable","22":"purchasable","23":"product-type-simple"},"_links":{"self":[{"href":"https:\/\/grappa.no\/no\/wp-json\/wp\/v2\/product\/37526","targetHints":{"allow":["GET"]}}],"collection":[{"href":"https:\/\/grappa.no\/no\/wp-json\/wp\/v2\/product"}],"about":[{"href":"https:\/\/grappa.no\/no\/wp-json\/wp\/v2\/types\/product"}],"replies":[{"embeddable":true,"href":"https:\/\/grappa.no\/no\/wp-json\/wp\/v2\/comments?post=37526"}],"wp:featuredmedia":[{"embeddable":true,"href":"https:\/\/grappa.no\/no\/wp-json\/wp\/v2\/media\/37527"}],"wp:attachment":[{"href":"https:\/\/grappa.no\/no\/wp-json\/wp\/v2\/media?parent=37526"}],"wp:term":[{"taxonomy":"product_brand","embeddable":true,"href":"https:\/\/grappa.no\/no\/wp-json\/wp\/v2\/product_brand?post=37526"},{"taxonomy":"product_cat","embeddable":true,"href":"https:\/\/grappa.no\/no\/wp-json\/wp\/v2\/product_cat?post=37526"},{"taxonomy":"product_tag","embeddable":true,"href":"https:\/\/grappa.no\/no\/wp-json\/wp\/v2\/product_tag?post=37526"}],"curies":[{"name":"wp","href":"https:\/\/api.w.org\/{rel}","templated":true}]}}