{"id":37522,"date":"2016-10-07T00:00:00","date_gmt":"2016-10-06T23:00:00","guid":{"rendered":"https:\/\/grappa.no\/no\/albums\/ukategorisert\/prov-a-si-noe-til-meg-na\/"},"modified":"2025-06-13T12:13:46","modified_gmt":"2025-06-13T11:13:46","slug":"prov-a-si-noe-til-meg-na","status":"publish","type":"product","link":"https:\/\/grappa.no\/no\/albums\/heilo\/prov-a-si-noe-til-meg-na\/","title":{"rendered":"pr\u00f8v \u00e5 si noe til meg n\u00e5"},"content":{"rendered":"<p><\/p>\n<p>NY PLATE FRA VALKYRIEN Valkyrien har parkert tilnavnet \u201dAllstars\u201d, men videref\u00f8rer sitt s\u00e6regne lydbilde p\u00e5 bandets nye utgivelse.\u00a0&#8220;pr\u00f8v \u00e5 si noe til meg n\u00e5&#8221; er et kompakt verk, der s\u00e5 \u00e5 si all musikk og tekst er laget av Valkyrien. Fremdeles kan en h\u00f8re det folkemusikalske utgangspunktet bandet er kjent for, men denne gangen blir publikum servert\u00a0tradisjon p\u00e5 en seng av akustisk pop-musikk\u00a0\u2013 med ikke ubetydelige mengder synth. Man kan til og med danse til det uten \u00e5 ha g\u00e5tt p\u00e5 kurs.\u00a0 &#8220;pr\u00f8v \u00e5 si noe til meg n\u00e5&#8221; er Valkyriens femte album.<\/p>\n<p><!--more--><\/p>\n<p>Ny plate fra Valkyrien<\/p>\n<h4>pr\u00f8v \u00e5 si noe til meg n\u00e5<\/h4>\n<p>&#8220;pr\u00f8v \u00e5 si noe til meg n\u00e5&#8221; er et kompakt verk, der s\u00e5 \u00e5 si all musikk og tekst er laget av Valkyrien. Fremdeles kan en h\u00f8re det folkemusikalske utgangspunktet bandet er kjent for, men denne gangen blir publikum servert\u00a0tradisjon p\u00e5 en seng av akustisk pop-musikk\u00a0\u2013 med ikke ubetydelige mengder synth. Man kan til og med danse til det uten \u00e5 ha g\u00e5tt p\u00e5 kurs.<\/p>\n<h4>Valkyrien<\/h4>\n<p>Fra Valkyrien slapp sin selvtitulerte debutplate i 2007, et album som raskt solgte til gull, har de fortsatt med \u00e5 utforske og utfordre bruken av tradisjonelle instrumenter og gammel norsk musikk i et kontempor\u00e6rt uttrykk. Bandet har v\u00e6rt usedvanlig aktive og har gjennom 10 \u00e5r med iherdig konsertvirksomhet utviklet seg til et solid og lekent liveband som aldri spiller to like konserter. Valkyrien er et band i stadig forandring. Det som begynte som en ren hardingfeletrio har utviklet seg til noe som rett og slett er litt vanskelig \u00e5 beskrive-det m\u00e5 oppleves. Valkyrien er: Erik Sollid Tuva Livsdatter Syvertsen Martin Viktor Langlie Magnus Larsen Jr.<\/p>\n<p><\/p>","protected":false},"excerpt":{"rendered":"<p>\u2013 Dette er en plate med store kontraster,men p\u00e5 et punkt er den lik hele veien: Den er veldig god. [Dagsavisen]<\/p>\n","protected":false},"featured_media":31234,"comment_status":"closed","ping_status":"closed","template":"","meta":[],"product_brand":[],"product_cat":[35],"product_tag":[],"class_list":{"0":"post-37522","1":"product","2":"type-product","3":"status-publish","4":"has-post-thumbnail","6":"product_cat-heilo","7":"product_shipping_class-cddvd-shipping","8":"uni_artist_tag-valkyrien-allstars","9":"uni_main_artist_tag-valkyrien","10":"uni_artist_genre-folk-music","11":"uni_artist_genre-pop","13":"first","14":"instock","15":"taxable","16":"shipping-taxable","17":"purchasable","18":"product-type-variable","19":"has-default-attributes"},"_links":{"self":[{"href":"https:\/\/grappa.no\/no\/wp-json\/wp\/v2\/product\/37522","targetHints":{"allow":["GET"]}}],"collection":[{"href":"https:\/\/grappa.no\/no\/wp-json\/wp\/v2\/product"}],"about":[{"href":"https:\/\/grappa.no\/no\/wp-json\/wp\/v2\/types\/product"}],"replies":[{"embeddable":true,"href":"https:\/\/grappa.no\/no\/wp-json\/wp\/v2\/comments?post=37522"}],"wp:featuredmedia":[{"embeddable":true,"href":"https:\/\/grappa.no\/no\/wp-json\/wp\/v2\/media\/31234"}],"wp:attachment":[{"href":"https:\/\/grappa.no\/no\/wp-json\/wp\/v2\/media?parent=37522"}],"wp:term":[{"taxonomy":"product_brand","embeddable":true,"href":"https:\/\/grappa.no\/no\/wp-json\/wp\/v2\/product_brand?post=37522"},{"taxonomy":"product_cat","embeddable":true,"href":"https:\/\/grappa.no\/no\/wp-json\/wp\/v2\/product_cat?post=37522"},{"taxonomy":"product_tag","embeddable":true,"href":"https:\/\/grappa.no\/no\/wp-json\/wp\/v2\/product_tag?post=37522"}],"curies":[{"name":"wp","href":"https:\/\/api.w.org\/{rel}","templated":true}]}}