{"id":37520,"date":"2007-10-01T00:00:00","date_gmt":"2007-09-30T23:00:00","guid":{"rendered":"https:\/\/grappa.no\/no\/albums\/ukategorisert\/valkyrien-allstars\/"},"modified":"2023-06-26T14:25:06","modified_gmt":"2023-06-26T13:25:06","slug":"valkyrien-allstars","status":"publish","type":"product","link":"https:\/\/grappa.no\/no\/albums\/heilo\/valkyrien-allstars\/","title":{"rendered":"Valkyrien Allstars"},"content":{"rendered":"<p>Rockete folkemusikk Valkyrien Allstars\u00b4 debutalbum var en sensasjon. Deres unike og rockete tolkning av norsk folkemusikk representerte et helt nytt og ukjent uttrykk innenfor norsk musikk. Kritikere og publikum var fra seg av begeistring og Valkyrien Allstars fikk Spellemannprisen som \u00c5rets nykommer 2007. Uforbeholden spilleglede og frisk originalitet leder an. Valkyrien Allstars har hele tiden en trampende fot i folkemusikktradisjonen og s\u00e6rlig trekker de frem den legendariske spellemannen Hallvard Kv\u00e5le som en av de inspirasjonskildene. L\u00e5tmaterialet best\u00e5r b\u00e5de av selvkomponerte sanger og spennende tolkninger av tradisjonelle folketoner. \u201d\u00c5 gjev du batt meg\u201d ble raskt en hit, det samme med Jokkes \u201dHvis jeg var deg\u201d som med hardingfele, munnspill og Tuva Syvertsens r\u00e5 vokal st\u00e5r helt p\u00e5 egne ben!<\/p>\n<p><!--more--><\/p>\n<p>Folkemusikken er den nye rocken!<\/p>\n<h4>Musikk som bergtar<\/h4>\n<p>Bandet har sitt hjerte i folkemusikken og sin sjel i den kreative videreformidling. Musikken bergtar. Ikke bare fordi den rykker i b\u00e5de danse- og rockefoten, men rett og slett fordi den vibrerer i den enkeltes f\u00f8lelsesstreng. Deres musikalske p\u00e5gangsmot og ungdommelige sjarm bidrar til \u00e5 gi begrepet folkekultur en ny betydning og levende musikk et nytt innhold. De v\u00e5ger \u00e5 flytte grenser ved \u00e5 trekke det tradisjonelle over i det eksperimentelle og lar urbane villskudd f\u00e5 blomstre p\u00e5 urnorsk rot.<\/p>\n<h4>Vinnere av Grappas Debutantpris<\/h4>\n<p>I 2006 vant de plateselskapet Grappas Debutantpris, hvor premien var platekontrakt og i 2007 slapp de sitt selvtitulerte debutalbum. Plata er produsert av Dum Dum Boys-bassist Aslak D\u00f8rum. Allerede dagen etter la de ut p\u00e5 turn\u00e9 i regi av Rikskonsertene med hele 18 jobber p\u00e5 programmet. Vokalist Tuva Syvertsen uttalte i et intervju i Dagbladet tidligere i sommer: \u2013 Vi legger ikke s\u00e5 mye vekt p\u00e5 at musikken skal v\u00e6re ren og pen. Musikken skal sparke. Og aller helst kjennes i underlivet. Med en slik filosofi er det ikke uten grunn bandet er kjent for \u00e5 levere fantastiske konserter!<\/p>\n<h4>Gjennombrudd med Kjempesjansen<\/h4>\n<p>Tuva Syvertsen, Ola Hilmen og Erik Sollid startet Valkyrien Allstars i 2004 etter mange \u00e5rs oppl\u00e6ring. De siste \u00e5rene har de benyttet til \u00e5 utvikle sitt musikalske uttrykk, alt mens de har gjennomf\u00f8rt en rekke spilleoppdrag i inn- og utland. Deres definitive gjennombrudd kom med finaleplassen i NRK\u2019s Kjempesjansen.<\/p>\n","protected":false},"excerpt":{"rendered":"<p>Folkemusikk p\u00e5 nytt og forfriskende originalt vis!<\/p>\n","protected":false},"featured_media":27269,"comment_status":"closed","ping_status":"closed","template":"","meta":[],"product_brand":[],"product_cat":[35],"product_tag":[],"class_list":{"0":"post-37520","1":"product","2":"type-product","3":"status-publish","4":"has-post-thumbnail","6":"product_cat-heilo","7":"product_shipping_class-cddvd-shipping","8":"uni_artist_tag-anders-roine","9":"uni_artist_tag-aslak-dorum","10":"uni_artist_tag-erik-sollid","11":"uni_artist_tag-joachim-nielsen","12":"uni_artist_tag-jon-rosenlid","13":"uni_artist_tag-jorn-hilme","14":"uni_artist_tag-magnus-larsen","15":"uni_artist_tag-marit-steinsrud","16":"uni_artist_tag-martin-langlie","17":"uni_artist_tag-ola-hilmen","18":"uni_artist_tag-per-zanussi","19":"uni_artist_tag-tore-andreas-solheim","20":"uni_artist_tag-trad","21":"uni_artist_tag-tuva-livsdatter-syvertsen","22":"uni_artist_tag-valkyrien-allstars","23":"uni_main_artist_tag-valkyrien-allstars","24":"uni_artist_genre-folk-music","25":"uni_artist_genre-rock","26":"uni_artist_genre-roots","27":"uni_artist_genre-traditional","28":"uni_artist_genre-world-music","30":"first","31":"instock","32":"taxable","33":"shipping-taxable","34":"purchasable","35":"product-type-variable","36":"has-default-attributes"},"_links":{"self":[{"href":"https:\/\/grappa.no\/no\/wp-json\/wp\/v2\/product\/37520","targetHints":{"allow":["GET"]}}],"collection":[{"href":"https:\/\/grappa.no\/no\/wp-json\/wp\/v2\/product"}],"about":[{"href":"https:\/\/grappa.no\/no\/wp-json\/wp\/v2\/types\/product"}],"replies":[{"embeddable":true,"href":"https:\/\/grappa.no\/no\/wp-json\/wp\/v2\/comments?post=37520"}],"wp:featuredmedia":[{"embeddable":true,"href":"https:\/\/grappa.no\/no\/wp-json\/wp\/v2\/media\/27269"}],"wp:attachment":[{"href":"https:\/\/grappa.no\/no\/wp-json\/wp\/v2\/media?parent=37520"}],"wp:term":[{"taxonomy":"product_brand","embeddable":true,"href":"https:\/\/grappa.no\/no\/wp-json\/wp\/v2\/product_brand?post=37520"},{"taxonomy":"product_cat","embeddable":true,"href":"https:\/\/grappa.no\/no\/wp-json\/wp\/v2\/product_cat?post=37520"},{"taxonomy":"product_tag","embeddable":true,"href":"https:\/\/grappa.no\/no\/wp-json\/wp\/v2\/product_tag?post=37520"}],"curies":[{"name":"wp","href":"https:\/\/api.w.org\/{rel}","templated":true}]}}