{"id":37511,"date":"2020-02-21T00:00:00","date_gmt":"2020-02-20T23:00:00","guid":{"rendered":"https:\/\/grappa.no\/no\/albums\/ukategorisert\/blatt-svev\/"},"modified":"2024-12-02T10:07:05","modified_gmt":"2024-12-02T09:07:05","slug":"blatt-svev","status":"publish","type":"product","link":"https:\/\/grappa.no\/no\/albums\/grappa\/blatt-svev\/","title":{"rendered":"Bl\u00e5tt svev"},"content":{"rendered":"<p><\/p>\n<p>Fosse til nytt tonef\u00f8lge<\/p>\n<p>&#8220;Jon Fosse er ein unik diktar som gjev oss spr\u00e5k for det spr\u00e5klause&#8221;, seier skodespelar Hildegun Riise om Fosses forfattarskap. P\u00e5 den forseggjorte utgjevinga &#8220;Bl\u00e5tt svev&#8221; les ho dikt av Jon Fosse til nykomponert musikk av Benedicte Maurseth og Stein Urheim. I jubileums\u00e5ret for Jon Fosse har dei samla nokre av hans finaste dikt og gitt dei ny musikalsk innpakking. Utgjevinga kjem i ei vakkert utforma bok, med alle tekstane og biletkunst av Sissel Efjestad.<\/p>\n<p><!--more--><\/p>\n<p>Jon Fosse er ein unik diktar som gjev oss spr\u00e5k for det spr\u00e5klause, seier skodespelar Hildegun Riise om Fosses forfattarskap. P\u00e5 den forseggjorte utgjevinga &#8220;Bl\u00e5tt svev&#8221; les ho dikt av Jon Fosse til nykomponert musikk av Benedicte Maurseth og Stein Urheim. I jubileums\u00e5ret for Jon Fosse har dei samla nokre av hans finaste dikt og gitt dei ny musikalsk innpakking. Utgjevinga kjem i ei vakkert utforma bok, med alle tekstane og biletkunst av Sissel Efjestad.<\/p>\n<h4><\/h4>\n<p>Jon Fosse skriv om fjorden, d\u00f8den og kj\u00e6rleiken. Den kvardagslege verda som blir dikta fram, er det berre Fosse, med sin s\u00e6reigne signatur, som kan skapa. For over den finst ein stor himmel, og i alt han skriv, er det sterke band til det vestlandske.<\/p>\n<h4>Menneskeleg sanning<\/h4>\n<p>Likevel ber litteraturen hans i seg ei menneskeleg sanning som viser seg \u00e5 vera gyldig i store delar av verda. Tekstutvalet til denne utgjevinga er det Hildegun Riise som st\u00e5r for. Ho har valt dikt som lenge har vore som skattar for henne, men \u00f2g tekstar som har festa seg i henne gjennom denne innspelinga; dikt som er fylte med kj\u00e6rleik og lys, einsemd, d\u00f8d og tr\u00f8yst. Med andre ord dikt som set ord p\u00e5 noko djupt universelt og menneskeleg. Jon Fosse er ein unik diktar som gjev oss spr\u00e5k for det s\u00e5 \u00e5 seia spr\u00e5klause. Hardingfelespelar og komponist Benedicte Maurseth og gitarist og komponist Stein Urheim er ansvarlege for nye musikalske tolkingar og komposisjonar til Fosses poesi.<br \/>\nAlle tre har \u00f2g tidlegare arbeidd med hans mangslungne tekstunivers.<br \/>\nUtgjevinga lanseras med framsyningar p\u00e5 Det Norske Teatret, Fossedagane og Litteraturhuset i Bergen.<br \/>\nFramsyningar:<br \/>\n17. September \u2013 Det Norske Teatret Scene 2, Oslo<br \/>\n18. September \u2013 Det Norske Teatret Scene 2, Oslo<br \/>\n21. September \u2013 Fosse dagane, Strandebarm<br \/>\n26. September \u2013 Litteraturhuset, Bergen<\/p>\n<h4><\/h4>\n<p><\/p>","protected":false},"excerpt":{"rendered":"<p>P\u00e5 den forseggjorte utgjevinga &#8220;Bl\u00e5tt svev&#8221; les ho dikt av Jon Fosse til nykomponert musikk av Benedicte Maurseth og Stein Urheim.<\/p>\n","protected":false},"featured_media":37512,"comment_status":"closed","ping_status":"closed","template":"","meta":[],"product_brand":[],"product_cat":[6],"product_tag":[],"class_list":{"0":"post-37511","1":"product","2":"type-product","3":"status-publish","4":"has-post-thumbnail","6":"product_cat-grappa","7":"product_shipping_class-book-shipping","8":"uni_artist_tag-benedicte-maurseth","9":"uni_artist_tag-hildegun-riise","10":"uni_artist_tag-stein-urheim","11":"uni_main_artist_tag-benedicte-maurseth","12":"uni_artist_genre-folk-music","13":"uni_artist_genre-jazz","14":"uni_artist_genre-poetry","16":"first","17":"outofstock","18":"taxable","19":"shipping-taxable","20":"purchasable","21":"product-type-simple"},"_links":{"self":[{"href":"https:\/\/grappa.no\/no\/wp-json\/wp\/v2\/product\/37511","targetHints":{"allow":["GET"]}}],"collection":[{"href":"https:\/\/grappa.no\/no\/wp-json\/wp\/v2\/product"}],"about":[{"href":"https:\/\/grappa.no\/no\/wp-json\/wp\/v2\/types\/product"}],"replies":[{"embeddable":true,"href":"https:\/\/grappa.no\/no\/wp-json\/wp\/v2\/comments?post=37511"}],"wp:featuredmedia":[{"embeddable":true,"href":"https:\/\/grappa.no\/no\/wp-json\/wp\/v2\/media\/37512"}],"wp:attachment":[{"href":"https:\/\/grappa.no\/no\/wp-json\/wp\/v2\/media?parent=37511"}],"wp:term":[{"taxonomy":"product_brand","embeddable":true,"href":"https:\/\/grappa.no\/no\/wp-json\/wp\/v2\/product_brand?post=37511"},{"taxonomy":"product_cat","embeddable":true,"href":"https:\/\/grappa.no\/no\/wp-json\/wp\/v2\/product_cat?post=37511"},{"taxonomy":"product_tag","embeddable":true,"href":"https:\/\/grappa.no\/no\/wp-json\/wp\/v2\/product_tag?post=37511"}],"curies":[{"name":"wp","href":"https:\/\/api.w.org\/{rel}","templated":true}]}}