{"id":37488,"date":"2020-02-07T00:00:00","date_gmt":"2020-02-06T23:00:00","guid":{"rendered":"https:\/\/grappa.no\/no\/albums\/ukategorisert\/hold-dae-pa-vingan\/"},"modified":"2020-08-06T13:13:39","modified_gmt":"2020-08-06T12:13:39","slug":"hold-dae-pa-vingan","status":"publish","type":"product","link":"https:\/\/grappa.no\/no\/albums\/heilo\/hold-dae-pa-vingan\/","title":{"rendered":"Hold d\u00e6 p\u00e5 vingan"},"content":{"rendered":"<p><\/p>\n<p>Nordnorsk ettertenksomhet og utforsking<\/p>\n<p>\u00abHold d\u00e6 p\u00e5 vingan\u00bb viser Susannes sterke utforskertrang n\u00e5r hun bruker og blander det hun har samlet seg av fele- og folketoner fra nord med livets varsomme intensitet. <\/p>\n<p>Hun har holdt det g\u00e5ende som en av Norges mest aktive folkemusikere i 30 \u00e5r og gir n\u00e5 ut sitt 12. album.<\/p>\n<p>De seneste \u00e5rene har hun utviklet seg fra \u00e5 v\u00e6re en av Norges mest feirede felespillere til \u00e5 i tillegg bli en prisbel\u00f8nnet tekstforfatter. I 2019 fikk hun NOPAs tekstpris for tittelkuttet p\u00e5 sitt forrige album \u00abDet va n\u00e6re p\u00e5\u00bb (2018), hvor hun for f\u00f8rste gang ga ut egne tekster, og juryen beskrev det som: \u00aben nyskapende, klisjefri perle av norskspr\u00e5klig sanglyrikk\u00bb. P\u00e5 dette nye albumet er det igjen tekster som tar utgangspunkt i de store, s\u00e5 vel som de enkle sp\u00f8rsm\u00e5lene, med lekende og utforskende spr\u00e5kf\u00f8ring.<\/p>\n<p><!--more--><\/p>\n<h4>Konserter<\/h4>\n<p>19. februar \u2013 Bod\u00f8\/Stormen<br \/>\n20. februar \u2013 Honningsv\u00e5g\/Perleporten<br \/>\n21. februar \u2013 Hammerfest\/ Arktisk kultursenter<br \/>\n22. februar \u2013 M\u00e5lselv\/ Rundhaug<br \/>\n23. februar \u2013 Troms\u00f8\/Viseklubben Spelt<br \/>\n4. mars \u2013 Bergen\/Underlig<br \/>\n5. mars \u2013 Oslo\/ Kulturkirken Jakob<br \/>\n6. mars \u2013 Fredrikstad\/ St. Qroix-huset<br \/>\n19. mars &#8211; Mel\u00f8y\/Glomfjord<br \/>\n20. mars &#8211; Kjerring\u00f8y<br \/>\n21. mars \u2013 Trondheim\/ Dokkhuset<br \/>\n22. april \u2013 B\u00e6rum\/ kulturhus<\/p>\n<h4>Susanne Lundeng<\/h4>\n<p>Susanne Lundeng har med forankring i nordnorsk folkemusikk utviklet seg til en s\u00e6rpreget felespiller, komponist, sanger og musikalsk fritenker, og har bl.a. h\u00f8stet en Spellemannpris i folkemusikk for sin utgivelse av nordlandssl\u00e5tter og er en av Norges mest meritterte folkemusikere.<\/p>\n<h4>Nils-Olav Johansen og Erik Nylander<\/h4>\n<p>Nils-Olav Johansen er jazzgitarist og sanger som henter inspirasjon fra tradisjonell musikk fra hele verden i sitt musikalske uttrykk, og er kjent for sine virtuose improvisasjoner med umiskjennelig signatur. Han er ansatt som professor i jazzgitar p\u00e5 jazzlinja ved NTNU i Trondheim.<\/p>\n<p>Erik Nylander er f\u00f8dt i Norberg, V\u00e4smandlands l\u00e4n i Sverige. Han har medvirket p\u00e5 rundt 50 utgivelser og turnert i en mengde land. Han har v\u00e6rt medprodusent og musiker i to prosjekter med Trondheim Jazzorkester. De siste \u00e5rene har han deltatt i ulike prosjekter med Ola Kvernberg, hvor albumet Liarbird fikk Spellemannsprisen i 2014 og Mechanical Fair ble nominert i 2015. I dag spiller han i blant annet i Honest John, Nymo\/Zetterberg\/Nylander, Monoswezi, Ape Club, Bj\u00f8rn Alterhaug Quintet, Erlend Slettevoll Trio og Steamdome.<\/p>\n<p><\/p>","protected":false},"excerpt":{"rendered":"<p>Tekster som tar utgangspunkt i de store, s\u00e5 vel som de enkle sp\u00f8rsm\u00e5lene, med lekende og utforskende spr\u00e5kf\u00f8ring.<\/p>\n","protected":false},"featured_media":37489,"comment_status":"closed","ping_status":"open","template":"","meta":[],"product_brand":[],"product_cat":[35],"product_tag":[],"class_list":{"0":"post-37488","1":"product","2":"type-product","3":"status-publish","4":"has-post-thumbnail","6":"product_cat-heilo","7":"product_shipping_class-cddvd-shipping","8":"uni_artist_tag-erik-nylander","9":"uni_artist_tag-nils-olav-johansen","10":"uni_artist_tag-susanne-lundeng","11":"uni_main_artist_tag-susanne-lundeng","12":"uni_artist_genre-folk-music","13":"uni_artist_genre-world-music","15":"first","16":"instock","17":"taxable","18":"shipping-taxable","19":"purchasable","20":"product-type-simple"},"_links":{"self":[{"href":"https:\/\/grappa.no\/no\/wp-json\/wp\/v2\/product\/37488","targetHints":{"allow":["GET"]}}],"collection":[{"href":"https:\/\/grappa.no\/no\/wp-json\/wp\/v2\/product"}],"about":[{"href":"https:\/\/grappa.no\/no\/wp-json\/wp\/v2\/types\/product"}],"replies":[{"embeddable":true,"href":"https:\/\/grappa.no\/no\/wp-json\/wp\/v2\/comments?post=37488"}],"wp:featuredmedia":[{"embeddable":true,"href":"https:\/\/grappa.no\/no\/wp-json\/wp\/v2\/media\/37489"}],"wp:attachment":[{"href":"https:\/\/grappa.no\/no\/wp-json\/wp\/v2\/media?parent=37488"}],"wp:term":[{"taxonomy":"product_brand","embeddable":true,"href":"https:\/\/grappa.no\/no\/wp-json\/wp\/v2\/product_brand?post=37488"},{"taxonomy":"product_cat","embeddable":true,"href":"https:\/\/grappa.no\/no\/wp-json\/wp\/v2\/product_cat?post=37488"},{"taxonomy":"product_tag","embeddable":true,"href":"https:\/\/grappa.no\/no\/wp-json\/wp\/v2\/product_tag?post=37488"}],"curies":[{"name":"wp","href":"https:\/\/api.w.org\/{rel}","templated":true}]}}