{"id":37459,"date":"2020-02-21T00:00:00","date_gmt":"2020-02-20T23:00:00","guid":{"rendered":"https:\/\/grappa.no\/no\/albums\/ukategorisert\/metamorphoses-beethoven-%c2%b7-kraggerud\/"},"modified":"2020-08-06T13:13:33","modified_gmt":"2020-08-06T12:13:33","slug":"metamorphoses-beethoven-%c2%b7-kraggerud","status":"publish","type":"product","link":"https:\/\/grappa.no\/no\/albums\/simax-classics\/metamorphoses-beethoven-%c2%b7-kraggerud\/","title":{"rendered":"Metamorphoses \u2013 Beethoven \u00b7 Kraggerud"},"content":{"rendered":"<p><\/p>\n<p>Arktisk Filharmoni feirer Beethoven 250 \u00e5r!<\/p>\n<p>Med sin nye sjefdirigent Christian Kluxen p\u00e5 plass og Henning Kraggerud som solist\/komponist\/arrang\u00f8r, er alt klart for en fenomenal utgivelse med den mest ikoniske av alle fiolinkonserter. Kraggerud har fremf\u00f8rt Beethovens fiolinkonsert utallige ganger p\u00e5 konsertscener over hele verden, bl.a i Carnegie Hall \u2013 og den har fulgt ham fra han som liten gutt h\u00f8rte den for f\u00f8rste gang i Oistrakhs 1948-innspilling og forelsket seg fullstendig. Men f\u00f8rst n\u00e5 er tiden inne til \u00e5 spille den inn, selvf\u00f8lgelig med egenkomponerte cadenzaer. Kraggerud komponerte Mantra-Metamorfosen mens han \u00f8vde inn Richard Strauss ber\u00f8mte &quot;Metamorfosen&quot; til Arktisk Filharmoni sin festival p\u00e5 Svalbard i 2019. Men ogs\u00e5 i denne musikken lurer Beethoven umiskjennelig i kulissene. Albumet avsluttes med Beethovens kvartett nr. 11 i f-moll, i Kraggeruds eget arrangement; en av de mest kompakte av alle komponistens strykekvartetter.<br \/>\nKraggerud er kunstnerisk leder for kammerorkesteret, og sammen har de har gitt ut en rekke album til stor begeistring hos kritikerne:<br \/>\n\u2013  [\u2026] one of the best recordings \u2013 maybe the best \u2013 of the Vivaldi cycle. Maybe you can scrap the ones you already have! The solo playing is stunning, the orchestra, the world\u2019s youngest and northernmost, is fantastic and the recording is superb in every respect. Besides that there is a very personal essay on Vivaldi and his four seasons by Erik Fosnes Hansen. Things couldn\u2019t be better! [Recording of the Month \/ Musicweb-international.com]<br \/>\n\u2013 Det aller viktigste ved innspillingen er at det er en energi og en gl\u00f8d over den. Det h\u00f8res ut som om det er risikofylt \u00e5 spille, som om musikerne sitter ytterst p\u00e5 stolen og konkurrerer om \u00e5 vise initiativ. Samtidig er det jo ypperlig kammermusikkspill, der ingen musikere blir st\u00f8rre enn ensemblets vilje. [Klassekampens Musikkmagasin]<\/p>\n<p><!--more--><\/p>\n<p>Med sin nye sjefdirigent Christian Kluxen p\u00e5 plass og Henning Kraggerud som solist\/komponist\/arrang\u00f8r, er alt klart for en fenomenal utgivelse med den mest ikoniske av alle fiolinkonserter.<\/p>\n<h4>Inn til Beethoven gjennom improvisasjon<\/h4>\n<p>For Henning Kraggerud har veien inn til Beethoven g\u00e5tt fra tradisjonene hans vokste opp med videre gjennom studier av komponistens manuskript, og ikke minst improvisasjoner rundt alle motiver og temaer i hele konserten. Kraggerud beskriver i artikkelen sin en \u00e5relang prosess der han gradvis har f\u00e5tt verket under huden til han f\u00f8ler et eierskap til musikken. Nettopp improvisasjonstiln\u00e6rmingen er noe han virkelig brenner for, s\u00e6rlig fordi denne evnen var s\u00e5 sentral p\u00e5 Beethovens egen tid \u2013 men n\u00e6rmest er g\u00e5tt i glemmeboken i dag.<\/p>\n<h4>Mantra-Metamorfosen og Quartetto Serioso<\/h4>\n<p>Kraggerud komponerte Mantra-Metamorfosen mens han \u00f8vde inn Richard Strauss ber\u00f8mte &quot;Metamorfosen&quot; til Arktisk Filharmoni sin festival p\u00e5 Svalbard i 2019. Men ogs\u00e5 i denne musikken lurer Beethoven umiskjennelig i kulissene. Albumet avsluttes med Beethovens kvartett nr. 11 i f-moll, i Kraggeruds eget arrangement; en av de mest kompakte av alle komponistens strykekvartetter.<\/p>\n<h4>Arktisk Filharmoni og Henning Kraggerud<\/h4>\n<p>Nord for polarsirkelen finner du verdens yngste og nordligste profesjonelle orkesterinstitusjon. Hvert \u00e5r setter orkesteret opp ca. 200 forestillinger og konserter. Kraggerud er kunstnerisk leder for kammerorkesteret, og sammen har de har gitt ut en rekke album til stor begeistring hos kritikerne:<br \/>\n\u2013  [\u2026] one of the best recordings \u2013 maybe the best \u2013 of the Vivaldi cycle. Maybe you can scrap the ones you already have! The solo playing is stunning, the orchestra, the world\u2019s youngest and northernmost, is fantastic and the recording is superb in every respect. Besides that there is a very personal essay on Vivaldi and his four seasons by Erik Fosnes Hansen. Things couldn\u2019t be better! [Recording of the Month \/ Musicweb-international.com]<br \/>\n\u2013 Det aller viktigste ved innspillingen er at det er en energi og en gl\u00f8d over den. Det h\u00f8res ut som om det er risikofylt \u00e5 spille, som om musikerne sitter ytterst p\u00e5 stolen og konkurrerer om \u00e5 vise initiativ. Samtidig er det jo ypperlig kammermusikkspill, der ingen musikere blir st\u00f8rre enn ensemblets vilje. [Klassekampens Musikkmagasin]<\/p>\n<p><\/p>","protected":false},"excerpt":{"rendered":"<p>Arktisk Filharmoni feirer Beethoven 250 \u00e5r!<\/p>\n","protected":false},"featured_media":37460,"comment_status":"closed","ping_status":"open","template":"","meta":[],"product_brand":[],"product_cat":[180],"product_tag":[],"class_list":{"0":"post-37459","1":"product","2":"type-product","3":"status-publish","4":"has-post-thumbnail","6":"product_cat-simax-classics","7":"product_shipping_class-cddvd-shipping","8":"uni_artist_tag-arctic-philharmonic-symphony-orchestra","9":"uni_artist_tag-henning-kraggerud","10":"uni_artist_tag-ludwig-van-beethoven","11":"uni_artist_tag-sean-lewis","12":"uni_main_artist_tag-henning-kraggerud","13":"uni_artist_genre-concerto","14":"uni_artist_genre-orchestral","15":"uni_artist_genre-world-premiere-recording","17":"first","18":"instock","19":"taxable","20":"shipping-taxable","21":"purchasable","22":"product-type-simple"},"_links":{"self":[{"href":"https:\/\/grappa.no\/no\/wp-json\/wp\/v2\/product\/37459","targetHints":{"allow":["GET"]}}],"collection":[{"href":"https:\/\/grappa.no\/no\/wp-json\/wp\/v2\/product"}],"about":[{"href":"https:\/\/grappa.no\/no\/wp-json\/wp\/v2\/types\/product"}],"replies":[{"embeddable":true,"href":"https:\/\/grappa.no\/no\/wp-json\/wp\/v2\/comments?post=37459"}],"wp:featuredmedia":[{"embeddable":true,"href":"https:\/\/grappa.no\/no\/wp-json\/wp\/v2\/media\/37460"}],"wp:attachment":[{"href":"https:\/\/grappa.no\/no\/wp-json\/wp\/v2\/media?parent=37459"}],"wp:term":[{"taxonomy":"product_brand","embeddable":true,"href":"https:\/\/grappa.no\/no\/wp-json\/wp\/v2\/product_brand?post=37459"},{"taxonomy":"product_cat","embeddable":true,"href":"https:\/\/grappa.no\/no\/wp-json\/wp\/v2\/product_cat?post=37459"},{"taxonomy":"product_tag","embeddable":true,"href":"https:\/\/grappa.no\/no\/wp-json\/wp\/v2\/product_tag?post=37459"}],"curies":[{"name":"wp","href":"https:\/\/api.w.org\/{rel}","templated":true}]}}