{"id":37435,"date":"2020-01-24T00:00:00","date_gmt":"2020-01-23T23:00:00","guid":{"rendered":"https:\/\/grappa.no\/no\/albums\/ukategorisert\/slitsom-onsdag\/"},"modified":"2020-03-09T14:34:10","modified_gmt":"2020-03-09T13:34:10","slug":"between-dark-daylight","status":"publish","type":"product","link":"https:\/\/grappa.no\/no\/albums\/grappa\/between-dark-daylight\/","title":{"rendered":"Between Dark &amp; Daylight"},"content":{"rendered":"<p><\/p>\n<p>Hanne Boel &#8211; Between Dark &amp; Daylight<\/p>\n<p>Den danske legendens nye album, Between Dark &amp; Daylight, slippes den 24. januar 2020.<br \/>\nP\u00e5 Between Dark &amp; Daylight har Danmarks st\u00f8rste soul-sanger vendt tilbake til r\u00f8ttene. For Hanne er ikke dette nye albumet et fors\u00f8k p\u00e5 \u00e5 gjenopplive det gamle, men heller en mulighet til \u00e5 oppdage og bygge videre p\u00e5 tidligere erfaringer fra en karriere som har solgt mer en 2,5 millioner plater.<br \/>\nFlere av sangene er basert p\u00e5 d\u00f8gnets m\u00f8rke timer, n\u00e5r det usagte og undertrykkede kommer fram. N\u00e5r f\u00f8lelsene tar over og sansene er i h\u00f8ygir. De handler om dualismen mellom natt og dag, lys og m\u00f8rke. Men de handler ogs\u00e5 om tid, alder, aksept, tillit og anger, samt kj\u00e6rligheten som finner veien gjennom livets sprekker hvor alt kan gro.<\/p>\n<p><!--more--><\/p>\n<p>Den danske legendens nye album, Between Dark &amp; Daylight, slippes den 24. januar.<\/p>\n<h4>Frigj\u00f8rende opplevelse<\/h4>\n<p>Det hele begynte med en bunke l\u00e5ter som l\u00e5 bortgjemt i en skuff, og var n\u00e6rmest uh\u00f8rt av noen andre en Hanne selv. Men da hun fikk hjelp av Jacob Funch til \u00e5 bringe dem tilbake til live, begynte ting \u00e5 bevege seg. Det var en frigj\u00f8rende opplevelse for henne. <\/p>\n<p>\u2013 Det var en lang prosess, helt fri for forhastede beslutninger, samtidig som vi holdt d\u00f8ren oppe for kreativiteten hele veien, forteller Hanne. <\/p>\n<p>\u2013 Meningen bak noen av tekstene er nok umiddelbart \u00e5penbare, mens andre tekster kan f\u00e5 ny mening n\u00e5r jeg synger dem n\u00e5 med livet jeg har levd &#8211; ikke bare som sanger, men ogs\u00e5 som et menneske. Det er spennende \u00e5 bli utfordret av tekster p\u00e5 denne m\u00e5ten. <\/p>\n<p>Flere av sangene er basert p\u00e5 d\u00f8gnets m\u00f8rke timer, n\u00e5r det usagte og undertrykkede kommer fram. N\u00e5r f\u00f8lelsene tar over og sansene er i h\u00f8ygir. De handler om dualismen mellom natt og dag, lys og m\u00f8rke. Men de handler ogs\u00e5 om tid, alder, aksept, tillit og anger, samt kj\u00e6rligheten som finner veien gjennom livets sprekker hvor alt kan gro. <\/p>\n<p>Between Dark &amp; Daylight inneholder nye sanger skrevet av Hanne selv, i tillegg til andre sanger som er skrevet i samarbeid med Jacob Bellens, Anders SG og Emil Falk. Dette er Hanne Boel anno 2020 i et dekonstruert univers, og i en hybrid av musikalske retninger hvorav hun f\u00f8ler seg hjemme i samtlige. <\/p>\n<p>\u2013 Tiden har g\u00e5tt, og jeg har blitt eldre. Men jeg har ogs\u00e5 blitt langt mer \u00e5pensinnet enn jeg noen gang har v\u00e6rt, sier hun.<\/p>\n<p>\u2013 Jeg ventet p\u00e5 en gnist av inspirasjon til \u00e5 uttrykke meg selv, istedet for \u00e5 se p\u00e5 det som kom til meg naturlig og konstant. Det var utfordrende \u00e5 f\u00e5 jobbet med egne l\u00e5ter, for ikke \u00e5 snakke om tekstene. Men det har ogs\u00e5 v\u00e6rt tilfredsstillende \u00e5 tillate at denne prosessen skjer i sitt eget tempo.<\/p>\n<h4><\/h4>\n<p><h4><\/h4>\n<\/p>\n<p><\/p>","protected":false},"excerpt":{"rendered":"<p>Hanne Boel, Danmarks st\u00f8rste soul-sanger har vendt tilbake til r\u00f8ttene med sitt nye album &quot;Between Dark &amp; Daylight&quot;<\/p>\n","protected":false},"featured_media":37436,"comment_status":"closed","ping_status":"open","template":"","meta":[],"product_brand":[],"product_cat":[6],"product_tag":[],"class_list":{"0":"post-37435","1":"product","2":"type-product","3":"status-publish","4":"has-post-thumbnail","6":"product_cat-grappa","7":"product_shipping_class-cddvd-shipping","8":"uni_artist_tag-anders-sg","9":"uni_artist_tag-bobby-ricketts","10":"uni_artist_tag-emil-falk","11":"uni_artist_tag-hanne-boel","12":"uni_artist_tag-jacob-bellens","13":"uni_artist_tag-jacob-funch","14":"uni_artist_tag-peter-vetesse","15":"uni_main_artist_tag-hanne-boel","16":"uni_artist_genre-pop","18":"first","19":"instock","20":"taxable","21":"shipping-taxable","22":"purchasable","23":"product-type-simple"},"_links":{"self":[{"href":"https:\/\/grappa.no\/no\/wp-json\/wp\/v2\/product\/37435","targetHints":{"allow":["GET"]}}],"collection":[{"href":"https:\/\/grappa.no\/no\/wp-json\/wp\/v2\/product"}],"about":[{"href":"https:\/\/grappa.no\/no\/wp-json\/wp\/v2\/types\/product"}],"replies":[{"embeddable":true,"href":"https:\/\/grappa.no\/no\/wp-json\/wp\/v2\/comments?post=37435"}],"wp:featuredmedia":[{"embeddable":true,"href":"https:\/\/grappa.no\/no\/wp-json\/wp\/v2\/media\/37436"}],"wp:attachment":[{"href":"https:\/\/grappa.no\/no\/wp-json\/wp\/v2\/media?parent=37435"}],"wp:term":[{"taxonomy":"product_brand","embeddable":true,"href":"https:\/\/grappa.no\/no\/wp-json\/wp\/v2\/product_brand?post=37435"},{"taxonomy":"product_cat","embeddable":true,"href":"https:\/\/grappa.no\/no\/wp-json\/wp\/v2\/product_cat?post=37435"},{"taxonomy":"product_tag","embeddable":true,"href":"https:\/\/grappa.no\/no\/wp-json\/wp\/v2\/product_tag?post=37435"}],"curies":[{"name":"wp","href":"https:\/\/api.w.org\/{rel}","templated":true}]}}