{"id":37424,"date":"2020-02-07T00:00:00","date_gmt":"2020-02-06T23:00:00","guid":{"rendered":"https:\/\/grappa.no\/no\/albums\/ukategorisert\/arcadian-affairs-handel-continuo-cantatas\/"},"modified":"2020-08-06T13:13:30","modified_gmt":"2020-08-06T12:13:30","slug":"arcadian-affairs-handel-continuo-cantatas","status":"publish","type":"product","link":"https:\/\/grappa.no\/no\/albums\/simax-classics\/arcadian-affairs-handel-continuo-cantatas\/","title":{"rendered":"Arcadian Affairs \u2013 Handel Continuo Cantatas"},"content":{"rendered":"<p><\/p>\n<p>Handel i Italia.<\/p>\n<p>Cembalisten Christian Kjos fordyper seg i George Friedrich Handels \u2018generalbass-kantater\u2019 \u2013 sammen med Ditte Marie Br\u00e6in og Marianne Beate Kielland. De leverer de et briljant album med musikk fra barokkens elegante mester. Mens Handel virket i Italia (1706-10) skrev han rundt 70 \u2018generalbass-kantater\u2019; musikk for en sanger og et halv-improvisert akkompagnement. Formen var sv\u00e6rt popul\u00e6r i Itaila, og hovedtematikken er lidenskapelig kj\u00e6rlighet mellom hyrder i Antikkens Arkadia. Verkene ble fremf\u00f8rt p\u00e5 ukentlige musikalske samlinger i palassene til komponistens velgj\u00f8rere i Roma. Fra disse verkene hentet Handel en mengde perler og gull-korn som han gjenbrukte i andre og mer kjente verk senere i karrieren. Christian har v\u00e6rt stipendiat ved NMH siden 2015 med det kunstneriske utviklingsarbeidet \u2018Releasing the \u2018Loudie\u2019, harpsichord accompaniement in the G. F. Handel\u2019s continuo cantatas\u2019.<\/p>\n<p><!--more--><\/p>\n<p>Cembalisten Christian Kjos fordyper seg i George Friedrich Handels \u2018generalbass-kantater\u2019 \u2013 sammen med Ditte Marie Br\u00e6in og Marianne Beate Kielland. De leverer de et briljant album med musikk fra barokkens elegante mester.<\/p>\n<h4>Christian Kjos om generalbass-spill:<\/h4>\n<p>\u00abGeneralbass (it. continuo) er 16- og 1700- tallets besifringsspill som i hovedsak best\u00e5r av \u00e5 legge akkorder (improvisert) over en (komponert) basslinje. Hvordan dette l\u00f8ses, selve utsettelsen, kan utf\u00f8res med varierende grad av kompleksitet avhengig av ut\u00f8verens \u00f8nsker og evner. L\u00e6reboken Grosse General-Ba\u00df-Schule (Hamburg, 1731) av Johann Mattheson \u2013 Handels venn fra hans \u00e5r i Hamburg \u2013 beskriver en form for avansert generalbass-spill som jeg \u00f8nsket \u00e5 utforske og bruke i Handels sjelden fremf\u00f8rte \u2018generalbass-kantater\u2019 der utf\u00f8relsen av generalbassen er helt avgj\u00f8rende for det klingende resultatet. Det som kanskje er mest fremtredende i mitt spill er hvor ofte jeg forlater et rent akkordisk spill til fordel for bruk av melodisk materiale, imitasjoner, parallelle terser og tillagte dissonanser slik at det h\u00f8res mer ut som en obligat (utskrevet\/komponert) cembalostemme.<\/p>\n<h4>Ditte Marie Br\u00e6in, Marianne Beate Kielland and Christian Kjos<\/h4>\n<p>Ditte Marie Br\u00e6in stammer fra en av Norges eldste musikerfamilier. Hun studerte ved Norges musikkh\u00f8gskole (NMH) og har arbeidet mye b\u00e5de som solist og ensemblesanger innenfor barokk-, wienerklassisk- og samtidsmusikk. Marianne Beate Kielland er en av Skandinavias fremste sangere, med jevnlige opptredener i Europa, Japan og Amerika. Christian Kjos er en av Norges mest aktive cembalister. Etter studier ved NMH med Knut Johannesen og ved Schola Cantorum Basiliensis med Jesper Christensen, har han v\u00e6rt frilans cembalist og continuospiller i flere av Norges tidligmusikkensembler, s\u00e6rlig Barokkanerne. Christian har spilt med Concerto Copenhagen under Alfredo Bernardini og er en av grunnleggerne av Ensemble Meridiana, basert i Sveits. Christian har v\u00e6rt stipendiat ved NMH siden 2015 med det kunstneriske utviklingsarbeidet \u2018Releasing the \u2018Loudie\u2019, harpsichord accompaniement in the G. F. Handel\u2019s continuo cantatas\u2019.<\/p>\n<h4><\/h4>\n<\/p>\n<p><\/p>","protected":false},"excerpt":{"rendered":"<p>Lidenskapelig kj\u00e6rlighet mellom hyrder i Antikkens Arkadia.<\/p>\n","protected":false},"featured_media":37425,"comment_status":"closed","ping_status":"open","template":"","meta":[],"product_brand":[],"product_cat":[180],"product_tag":[],"class_list":{"0":"post-37424","1":"product","2":"type-product","3":"status-publish","4":"has-post-thumbnail","6":"product_cat-simax-classics","7":"product_shipping_class-cddvd-shipping","8":"uni_artist_tag-christian-kjos","9":"uni_artist_tag-georg-friedrich-handel","10":"uni_artist_tag-jorn-pedersen","11":"uni_artist_tag-marianne-beate-kielland","12":"uni_main_artist_tag-christian-kjos","13":"uni_artist_genre-early-music","15":"first","16":"instock","17":"taxable","18":"shipping-taxable","19":"purchasable","20":"product-type-simple"},"_links":{"self":[{"href":"https:\/\/grappa.no\/no\/wp-json\/wp\/v2\/product\/37424","targetHints":{"allow":["GET"]}}],"collection":[{"href":"https:\/\/grappa.no\/no\/wp-json\/wp\/v2\/product"}],"about":[{"href":"https:\/\/grappa.no\/no\/wp-json\/wp\/v2\/types\/product"}],"replies":[{"embeddable":true,"href":"https:\/\/grappa.no\/no\/wp-json\/wp\/v2\/comments?post=37424"}],"wp:featuredmedia":[{"embeddable":true,"href":"https:\/\/grappa.no\/no\/wp-json\/wp\/v2\/media\/37425"}],"wp:attachment":[{"href":"https:\/\/grappa.no\/no\/wp-json\/wp\/v2\/media?parent=37424"}],"wp:term":[{"taxonomy":"product_brand","embeddable":true,"href":"https:\/\/grappa.no\/no\/wp-json\/wp\/v2\/product_brand?post=37424"},{"taxonomy":"product_cat","embeddable":true,"href":"https:\/\/grappa.no\/no\/wp-json\/wp\/v2\/product_cat?post=37424"},{"taxonomy":"product_tag","embeddable":true,"href":"https:\/\/grappa.no\/no\/wp-json\/wp\/v2\/product_tag?post=37424"}],"curies":[{"name":"wp","href":"https:\/\/api.w.org\/{rel}","templated":true}]}}