{"id":37400,"date":"2020-01-17T00:00:00","date_gmt":"2020-01-16T23:00:00","guid":{"rendered":"https:\/\/grappa.no\/no\/albums\/ukategorisert\/drommeanker\/"},"modified":"2025-02-07T10:16:13","modified_gmt":"2025-02-07T09:16:13","slug":"drommeanker","status":"publish","type":"product","link":"https:\/\/grappa.no\/no\/albums\/grappa\/drommeanker\/","title":{"rendered":"Dr\u00f8mmeanker"},"content":{"rendered":"<p><\/p>\n<p>Nytt album fra Tre Sm\u00e5 Kinesere<\/p>\n<p>30 \u00e5r etter debutalbumet er tr\u00f8nderlegendene i Tre Sm\u00e5 Kinesere endelig aktuelle igjen med et splitter nytt album!<br \/>\n&#8220;Dr\u00f8mmeanker&#8221; inneholder ti nye sanger, inkludert singlene \u00abDet ska du f\u00e5 m\u00e6 te \u00e5 tru\u00bb, \u00abVente p\u00e5 r\u00f8dt\u00bb, og \u00abEngel i hjertet\u00bb, som alle er med p\u00e5 \u00e5 vise bredden b\u00e5de lyrisk og musikalsk som denne plata byr p\u00e5, ogs\u00e5 med l\u00e5ter som \u00abLegende\u00bb og \u00abOver Himalaya\u00bb &#8211; samtidig som den klassiske lyden av Tre Sm\u00e5 Kinesere er godt ivaretatt.<\/p>\n<p><!--more--><\/p>\n<p>30 \u00e5r etter debutalbumet er tr\u00f8nderlegendene i Tre Sm\u00e5 Kinesere endelig aktuelle igjen med et splitter nytt album!<\/p>\n<h4>Personlig plate<\/h4>\n<p>\u2013 En dr\u00f8m skal ikke ha et anker, for da dr\u00f8mmer man ikke, sier frontfigur Ulf Risnes om tittelen p\u00e5 Tre Sm\u00e5 Kineser sitt ferske album, som f\u00f8lger OK Kompis fra 2017.<\/p>\n<p>For Ulf er dette en personlig skive, blant annet med l\u00e5ter som tittelsporet, hvor han ser tilbake p\u00e5 da moren hans fortalte at han ikke kunne leve av \u00e5 spille musikk dagen lang. Men Dr\u00f8mmeanker tar ogs\u00e5 for seg samfunnsmessige og politiske sp\u00f8rsm\u00e5l. Han husker at atombomben var den st\u00f8rste trusselen der ute da han vokste opp. N\u00e5 er det milj\u00f8trusselen, og potensialet for et \u00f8kologisk sammenbrudd.<\/p>\n<p>\u2013 Det er viktig for meg \u00e5 ytre seg om noe folk bryr seg om, og jeg vil at vi skal jobbe hardt for \u00e5 f\u00e5 det bedre, forteller han.<\/p>\n<p>Tre Sm\u00e5 Kinesere sitt popeventyr startet i 1988, men begynte for alvor to \u00e5r senere da de slapp debutalbumet 365 fri. I l\u00f8pet av sine over 30 \u00e5r som band har de med n\u00e5, med over ti album og gudene vet hvor mange konserter rundt om i landet, etablert seg som ett av Norges mest folkekj\u00e6re band. Dr\u00f8mmeanker er en retur til det akustiske lydbildet fra debutalbumet, og kommer n\u00f8yaktig 30 \u00e5r etter debuten.<\/p>\n<h4><\/h4>\n<h4><\/h4>\n<p><\/p>","protected":false},"excerpt":{"rendered":"<p>30 \u00e5r etter debutalbumet slipper Tre Sm\u00e5 Kinesere albumet &#8220;Dr\u00f8mmeanker&#8221;.<\/p>\n","protected":false},"featured_media":37401,"comment_status":"closed","ping_status":"closed","template":"","meta":[],"product_brand":[],"product_cat":[6],"product_tag":[],"class_list":{"0":"post-37400","1":"product","2":"type-product","3":"status-publish","4":"has-post-thumbnail","6":"product_cat-grappa","7":"product_shipping_class-cddvd-shipping","8":"uni_artist_tag-dag-erik-oksvold","9":"uni_artist_tag-torunn-saevik","10":"uni_artist_tag-tre-sma-kinesere","11":"uni_artist_tag-ulf-risnes","12":"uni_main_artist_tag-tre-sma-kinesere","13":"uni_artist_genre-pop","15":"first","16":"outofstock","17":"taxable","18":"shipping-taxable","19":"purchasable","20":"product-type-simple"},"_links":{"self":[{"href":"https:\/\/grappa.no\/no\/wp-json\/wp\/v2\/product\/37400","targetHints":{"allow":["GET"]}}],"collection":[{"href":"https:\/\/grappa.no\/no\/wp-json\/wp\/v2\/product"}],"about":[{"href":"https:\/\/grappa.no\/no\/wp-json\/wp\/v2\/types\/product"}],"replies":[{"embeddable":true,"href":"https:\/\/grappa.no\/no\/wp-json\/wp\/v2\/comments?post=37400"}],"wp:featuredmedia":[{"embeddable":true,"href":"https:\/\/grappa.no\/no\/wp-json\/wp\/v2\/media\/37401"}],"wp:attachment":[{"href":"https:\/\/grappa.no\/no\/wp-json\/wp\/v2\/media?parent=37400"}],"wp:term":[{"taxonomy":"product_brand","embeddable":true,"href":"https:\/\/grappa.no\/no\/wp-json\/wp\/v2\/product_brand?post=37400"},{"taxonomy":"product_cat","embeddable":true,"href":"https:\/\/grappa.no\/no\/wp-json\/wp\/v2\/product_cat?post=37400"},{"taxonomy":"product_tag","embeddable":true,"href":"https:\/\/grappa.no\/no\/wp-json\/wp\/v2\/product_tag?post=37400"}],"curies":[{"name":"wp","href":"https:\/\/api.w.org\/{rel}","templated":true}]}}