{"id":374,"date":"1999-01-21T00:00:00","date_gmt":"1999-01-20T23:00:00","guid":{"rendered":"http:\/\/www.grappa.no\/albums\/uncategorized\/hear\/"},"modified":"2019-02-22T15:42:41","modified_gmt":"2019-02-22T14:42:41","slug":"hear","status":"publish","type":"product","link":"https:\/\/grappa.no\/no\/albums\/simax-classics\/hear\/","title":{"rendered":"Hear"},"content":{"rendered":"<p><\/p>\n<p>20. \u00e5rhundrets kormusikk<\/p>\n<p>P\u00e5 plata Hear m\u00f8ter vi Solistkoret b\u00e5de i forlengelsen av de sentrale verkene fra det 20. \u00e5rhundres vokalrepertoar og med innslag fra nyere kormusikk. Vi f\u00e5r h\u00f8re stykker av komponister som Bo Holten, Lasse Thoresen, Arnold Sch\u00f6nberg og grunnleggeren av Solistkoret, Knut Nystedt. Cd-en begynner og avsluttes med bearbeidelser av eldre verker. F\u00f8rst Sven-Davis Sandstr\u00f8ms bearbeidelse av Henry Purcells Hear My Prayer som etterhert er blitt en kjent klassiker. Platen avsluttes med Clytus Gottwalds rikt utarbeidede versjon av det nydelige stykket Ich bin der Welt abhanden gekommen av Gustav Mahler. <\/p>\n<p>Det Norske Solistkor har siden etablering i 1950 hatt som form\u00e5l \u00e5 v\u00e6re et eliteenseble med de h\u00f8yeste kunstneriske m\u00e5l for framf\u00f8ring av kormusikk. Ved at denne m\u00e5lsetningen hele tiden har v\u00e6rt retningsgivende for korets aktiviteter, har det f\u00e5tt en unik plassering i norsk musikkliv. Det Norske Solistkor blir ledet av dirigent Grete Pedersen Helger\u00f8d. I sitt arbeid med blant annet Solistkoret har hun markert seg som en av landets fremste og mest allsidige dirigenter.<\/p>\n<p><!--more--><\/p>\n<h4><\/h4>\n<\/p>\n<h4><\/h4>\n<p><h4><\/h4>\n<\/p>\n<p><\/p>","protected":false},"excerpt":{"rendered":"","protected":false},"featured_media":27563,"comment_status":"closed","ping_status":"open","template":"","meta":[],"product_brand":[],"product_cat":[180],"product_tag":[],"class_list":{"0":"post-374","1":"product","2":"type-product","3":"status-publish","4":"has-post-thumbnail","6":"product_cat-simax-classics","7":"product_shipping_class-cddvd-shipping","8":"uni_artist_tag-arnold-schonberg","9":"uni_artist_tag-bo-holten","10":"uni_artist_tag-grete-pedersen","11":"uni_artist_tag-gustav-mahler","12":"uni_artist_tag-henry-purcell","13":"uni_artist_tag-jorn-pedersen","14":"uni_artist_tag-knut-nystedt","15":"uni_artist_tag-lasse-thoresen","16":"uni_artist_tag-norwegian-soloists-choir","17":"uni_artist_tag-sven-david-sandstrom","18":"uni_main_artist_tag-norwegian-soloists-choir","19":"uni_artist_genre-a-cappella","20":"uni_artist_genre-choir","21":"uni_artist_genre-contemporary-music","23":"first","24":"instock","25":"taxable","26":"shipping-taxable","27":"purchasable","28":"product-type-simple"},"_links":{"self":[{"href":"https:\/\/grappa.no\/no\/wp-json\/wp\/v2\/product\/374","targetHints":{"allow":["GET"]}}],"collection":[{"href":"https:\/\/grappa.no\/no\/wp-json\/wp\/v2\/product"}],"about":[{"href":"https:\/\/grappa.no\/no\/wp-json\/wp\/v2\/types\/product"}],"replies":[{"embeddable":true,"href":"https:\/\/grappa.no\/no\/wp-json\/wp\/v2\/comments?post=374"}],"wp:featuredmedia":[{"embeddable":true,"href":"https:\/\/grappa.no\/no\/wp-json\/wp\/v2\/media\/27563"}],"wp:attachment":[{"href":"https:\/\/grappa.no\/no\/wp-json\/wp\/v2\/media?parent=374"}],"wp:term":[{"taxonomy":"product_brand","embeddable":true,"href":"https:\/\/grappa.no\/no\/wp-json\/wp\/v2\/product_brand?post=374"},{"taxonomy":"product_cat","embeddable":true,"href":"https:\/\/grappa.no\/no\/wp-json\/wp\/v2\/product_cat?post=374"},{"taxonomy":"product_tag","embeddable":true,"href":"https:\/\/grappa.no\/no\/wp-json\/wp\/v2\/product_tag?post=374"}],"curies":[{"name":"wp","href":"https:\/\/api.w.org\/{rel}","templated":true}]}}