{"id":37376,"date":"2020-01-17T00:00:00","date_gmt":"2020-01-16T23:00:00","guid":{"rendered":"https:\/\/grappa.no\/no\/albums\/ukategorisert\/carl-arnold-piano-concerto-%c2%b7-grand-sextet\/"},"modified":"2020-03-09T14:34:09","modified_gmt":"2020-03-09T13:34:09","slug":"carl-arnold-piano-concerto-%c2%b7-grand-sextet","status":"publish","type":"product","link":"https:\/\/grappa.no\/no\/albums\/simax-classics\/carl-arnold-piano-concerto-%c2%b7-grand-sextet\/","title":{"rendered":"Carl Arnold: Piano Concerto \u00b7 Grand Sextet"},"content":{"rendered":"<p><\/p>\n<p>I Beethovens \u00e5nd<\/p>\n<p>Komponisten Carl Arnold (1794\u20131873) brakte Beethovens \u00e5nd med seg til Norge, og bygget grunnmuren for det profesjonelle musikklivet i landet v\u00e5rt. Pianisten Torleif Torgersen har tidligere gitt ut et kritikerrost album med solo klavermusikk av Arnold. N\u00e5 presenterer han en innspilling av komponistens store klaverkonsert og sekstett, sammen med Bergen Filharmoniske Orkester under ledelse av dirigent og tidligmusikkekspert Rinaldo Alessandrini. Carl Arnold selv var noe av et r\u00e5skinn ved pianoet, og b\u00e5de klaverkonserten og klaversekstetten er stort anlagte verk som krever alt av Torleif Torgersen. Det er f\u00f8rste gang i moderne tid denne musikken kan h\u00f8res med instrumentet den er skrevet for \u2013 hammerklaveret! I 2011 skrev Dagbladets anmelder: \u00abMinst like gledelig som m\u00f8tet med Arnold s\u00e5 byr utgivelsen p\u00e5 storartet m\u00f8te med Torleif Torgersen p\u00e5 hammerklaver, og det et riktig godt et ogs\u00e5, et Hafner opprinnelig fra 1830. Han spiller opp uten forbehold, fast i grepet og briljant teknisk. Dette er s\u00e5 langt fra dokumentasjon av en historisk figur som tenkes kan, men musisering med og i musikkhistorien, en storartet opplevelse.\u00bb<\/p>\n<p><!--more--><\/p>\n<p>Komponisten Carl Arnold (1794\u20131873) brakte Beethovens \u00e5nd med seg til Norge, og bygget grunnmuren for det profesjonelle musikklivet i landet v\u00e5rt. Pianisten Torleif Torgersen har tidligere gitt ut et kritikerrost album med solo klavermusikk av Arnold. N\u00e5 presenterer han en innspilling av komponistens store klaverkonsert og sekstett, sammen med Bergen Filharmoniske Orkester under ledelse av dirigent og tidligmusikkekspert Rinaldo Alessandrini.<\/p>\n<h4><\/h4>\n<p>Etter Napoleonskrigenes slutt i 1815 kunne den unge klavervirtuosen Carl reise p\u00e5 turn\u00e9er i de fornemste adelskretser, mens han komponerte nye klaververker underveis. Klaverkonserten ble urfremf\u00f8rt i Warszawa i august 1819, tilegnet \u00abhennes h\u00f8yhet prinsesse Aleksandra Zaj\u0105czek\u00bb. Klaversekstetten ble til i 1825, i en periode der Arnold har sl\u00e5tt seg ned i Berlin. Stilistisk er musikken er tydelig forankret i Beethoven-tradisjonen, og den virtuose klaverstemmen gj\u00f8r at ogs\u00e5 dette verket nesten fremst\u00e5r som en klaverkonsert.<\/p>\n<h4><\/h4>\n<p>Carl Arnold var f\u00f8dt i Neunkirchen i Tyskland, og blir sentral i oppbyggingen av det profesjonelle musikkliv i Kristiania fra han ankommer byen f\u00f8rste gang som turnerende klavervirtuos i 1848. Han blir v\u00e6rende i byen, engasjert som dirigent for det Philharmoniske Selskab og etterhvert ogs\u00e5 organist i Trefodighetskirken. Han grunnla Kristianias f\u00f8rste organist- og komposisjonsskole, og blant hans mest kjente elever finner vi Halfdan Kjerulf, Otto Winter-Hjelm og Johan Svendsen.<\/p>\n<h4><\/h4>\n<p>I 2011 skrev Dagbladets anmelder: \u00abMinst like gledelig som m\u00f8tet med Arnold s\u00e5 byr utgivelsen p\u00e5 storartet m\u00f8te med Torleif Torgersen p\u00e5 hammerklaver, og det et riktig godt et ogs\u00e5, et Hafner opprinnelig fra 1830. Han spiller opp uten forbehold, fast i grepet og briljant teknisk. Dette er s\u00e5 langt fra dokumentasjon av en historisk figur som tenkes kan, men musisering med og i musikkhistorien, en storartet opplevelse.\u00bb Torgersen arbeider med fremf\u00f8ringstradisjon p\u00e5 historiske klaverinstrumenter, bl.a med Malcolm Bilson og Bart van Oort, og er professor ved Griegakademiet i Bergen. Bergen Filharmoniske Orkester har status som nasjonalorkester og kan som et av verdens eldste orkestre f\u00f8re sin historie helt tilbake til 1765. Edvard Grieg var i \u00e5rene 1880-82 orkesterets kunstneriske leder.<\/p>\n<p><\/p>","protected":false},"excerpt":{"rendered":"<p>Carl Arnold selv var noe av et r\u00e5skinn ved pianoet, og b\u00e5de klaverkonserten og klaversekstetten er stort anlagte verk i den klassisk\/romantiske tradisjonen.<\/p>\n","protected":false},"featured_media":37377,"comment_status":"closed","ping_status":"open","template":"","meta":[],"product_brand":[],"product_cat":[180],"product_tag":[],"class_list":{"0":"post-37376","1":"product","2":"type-product","3":"status-publish","4":"has-post-thumbnail","6":"product_cat-simax-classics","7":"product_shipping_class-cddvd-shipping","8":"uni_artist_tag-bergen-philharmonic-orchestra","9":"uni_artist_tag-carl-arnold","10":"uni_artist_tag-francois-eckert","11":"uni_artist_tag-rinaldo-alessandrini","12":"uni_artist_tag-torleif-torgersen","13":"uni_artist_genre-concerto","14":"uni_artist_genre-early-music","15":"uni_artist_genre-world-premiere-recording","17":"first","18":"instock","19":"taxable","20":"shipping-taxable","21":"purchasable","22":"product-type-simple"},"_links":{"self":[{"href":"https:\/\/grappa.no\/no\/wp-json\/wp\/v2\/product\/37376","targetHints":{"allow":["GET"]}}],"collection":[{"href":"https:\/\/grappa.no\/no\/wp-json\/wp\/v2\/product"}],"about":[{"href":"https:\/\/grappa.no\/no\/wp-json\/wp\/v2\/types\/product"}],"replies":[{"embeddable":true,"href":"https:\/\/grappa.no\/no\/wp-json\/wp\/v2\/comments?post=37376"}],"wp:featuredmedia":[{"embeddable":true,"href":"https:\/\/grappa.no\/no\/wp-json\/wp\/v2\/media\/37377"}],"wp:attachment":[{"href":"https:\/\/grappa.no\/no\/wp-json\/wp\/v2\/media?parent=37376"}],"wp:term":[{"taxonomy":"product_brand","embeddable":true,"href":"https:\/\/grappa.no\/no\/wp-json\/wp\/v2\/product_brand?post=37376"},{"taxonomy":"product_cat","embeddable":true,"href":"https:\/\/grappa.no\/no\/wp-json\/wp\/v2\/product_cat?post=37376"},{"taxonomy":"product_tag","embeddable":true,"href":"https:\/\/grappa.no\/no\/wp-json\/wp\/v2\/product_tag?post=37376"}],"curies":[{"name":"wp","href":"https:\/\/api.w.org\/{rel}","templated":true}]}}