{"id":37348,"date":"2019-11-15T00:00:00","date_gmt":"2019-11-14T23:00:00","guid":{"rendered":"https:\/\/grappa.no\/no\/albums\/ukategorisert\/dialogues\/"},"modified":"2023-03-20T11:56:37","modified_gmt":"2023-03-20T10:56:37","slug":"dialogues","status":"publish","type":"product","link":"https:\/\/grappa.no\/no\/albums\/grappa\/dialogues\/","title":{"rendered":"Dialogues"},"content":{"rendered":"<p><\/p>\n<p>Tora Augestad &#8211; Dialogues<\/p>\n<p>Tora Augestad fyller 40 \u00e5r, og feirer med \u00e5 slippe sitt nye album Dialogues p\u00e5 Grappa Musikkforlag<\/p>\n<p>I v\u00e5r vant Tora Augestad sammen med Oslofilharmonien Spellemannprisen i kategorien Klassisk for albumet Portraying Passion. P\u00e5 hennes nyeste utgivelse Dialogues g\u00e5r Augestad helt ned i format, og presenterer et dobbeltalbum hvor hver l\u00e5t er en duett sammen med musikere hun har arbeidet med gjennom de siste 20 \u00e5rene.<\/p>\n<p>Platen beskriver et spesielt kunstnerskap; Augestad er kjent som en sjangersjongl\u00f8r og grensesprenger som tar hvert musikalske landskap hun beveger seg inn i p\u00e5 alvor. Duoformatet er intimt og sangene av Henry Purcell via Schubert, Jan Eggum og Kari Bremnes, til nyskrevne l\u00e5ter av Mathias Eick og Trygve Seim, har et neddempet preg. Dialogues f\u00f8lger et d\u00f8gn og fors\u00f8ker \u00e5 transcendere sjangre. Klassiske perler glir s\u00f8ml\u00f8st over i evergreens fra \u00abThe American Songbook\u00bb til nyere sanger av Geirr Tveitt og John Cage. Nok en gang er dette et unikt album fra hennes h\u00e5nd.<\/p>\n<p><!--more--><\/p>\n<p>Tora Augestad fyller 40 \u00e5r, og feirer med \u00e5 slippe sitt nye album Dialogues p\u00e5 Grappa Musikkforlag<\/p>\n<h4>Et spesielt kunstnerskap<\/h4>\n<p>Platen beskriver et spesielt kunstnerskap; Augestad er kjent som en sjangersjongl\u00f8r og grensesprenger som tar hvert musikalske landskap hun beveger seg inn i p\u00e5 alvor. Duoformatet er intimt og sangene av Henry Purcell via Schubert, Jan Eggum og Kari Bremnes, til nyskrevne l\u00e5ter av Mathias Eick og Trygve Seim, har et neddempet preg. Dialogues f\u00f8lger et d\u00f8gn og fors\u00f8ker \u00e5 transcendere sjangre. Klassiske perler glir s\u00f8ml\u00f8st over i evergreens fra \u00abThe American Songbook\u00bb til nyere sanger av Geirr Tveitt og John Cage. Nok en gang er dette et unikt album fra hennes h\u00e5nd.<\/p>\n<p>\u2013 Dialogues er et fors\u00f8k p\u00e5 \u00e5 fange musikalske dialoger p\u00e5 plate. Jeg spiller meg p\u00e5 mange m\u00e5ter gjennom min karriere med skinnende medmusikanter, forteller Tora.<\/p>\n<p>\u2013 I en hektisk og st\u00f8yende tid som v\u00e5r, \u00f8nsket jeg \u00e5 lage et neddempet album som senker pulsen og som presenterer l\u00e5tene i et intimt rom. L\u00e5tmaterialet fra klassiske miniatyrer via evergreens og nyskrevne ting til den norske sangskatten er noen av mine favoritter. Jeg h\u00e5per lytteren finner sin favoritt blant sangene som g\u00e5r fra morgen til natt.<\/p>\n<p>Musikerne hun har med seg er Trygve Seim, Christian Eggen og Svante Henryson, Frode Barth, Frank Hovland (Bergen), Bendix Dethleffsen (fra Ibsenprisvinner Marthalers teaterproduksjoner), Torbj\u00f8rn Dyrud, Erlend Skomsvoll, J\u00f8rn Simen \u00d8verli og den sveitsiske barokkspesialisten Martin Zeller. I tillegg er hennes eget ensemble Music for a While, med Stian Carstensen, Mathias Eick, Trygve Br\u00f8ske, P\u00e5l Hausken og Martin Taxt, \u00e5 finne her som medmusikanter.<\/p>\n<h4><\/h4>\n<h4><\/h4>\n<p><\/p>","protected":false},"excerpt":{"rendered":"<p>Dobbeltalbum med unike duetter fra Tora Augestad<\/p>\n","protected":false},"featured_media":37349,"comment_status":"closed","ping_status":"closed","template":"","meta":[],"product_brand":[],"product_cat":[6],"product_tag":[],"class_list":{"0":"post-37348","1":"product","2":"type-product","3":"status-publish","4":"has-post-thumbnail","6":"product_cat-grappa","7":"product_shipping_class-cddvd-shipping","8":"uni_artist_tag-aslaug-lastad-lygre","9":"uni_artist_tag-bendix-dethleffsen","10":"uni_artist_tag-beppe-wolkers","11":"uni_artist_tag-bill-evans","12":"uni_artist_tag-christian-eggen","13":"uni_artist_tag-coleman-barks","14":"uni_artist_tag-edmond-haraucourt","15":"uni_artist_tag-eric-maschwitz","16":"uni_artist_tag-erlend-skomsvoll","17":"uni_artist_tag-francis-poulenc","18":"uni_artist_tag-frank-hovland","19":"uni_artist_tag-franz-schubert","20":"uni_artist_tag-friedrich-hollander","21":"uni_artist_tag-frode-barth","22":"uni_artist_tag-geirr-tveitt","23":"uni_artist_tag-guillaume-apollinaire","24":"uni_artist_tag-henry-purcell","25":"uni_artist_tag-ivor-gurney","26":"uni_artist_tag-jacob-paulli","27":"uni_artist_tag-james-joyce","28":"uni_artist_tag-james-taylor","29":"uni_artist_tag-jan-eggum","30":"uni_artist_tag-jelaluddin-rumi","31":"uni_artist_tag-john-cage","32":"uni_artist_tag-john-dowland","33":"uni_artist_tag-john-dryden","34":"uni_artist_tag-jorn-simen-overli","35":"uni_artist_tag-kari-bremnes","36":"uni_artist_tag-kate-augestad","37":"uni_artist_tag-kurt-weill","38":"uni_artist_tag-langston-hughes","39":"uni_artist_tag-leigh-harline","40":"uni_artist_tag-manning-sherwin","41":"uni_artist_tag-martin-abrahamsen","42":"uni_artist_tag-martin-taxt","43":"uni_artist_tag-martin-zeller","44":"uni_artist_tag-mathias-eick","45":"uni_artist_tag-ned-washington","46":"uni_artist_tag-oscar-hammerstein-ii","47":"uni_artist_tag-pal-hausken","48":"uni_artist_tag-richard-rogers","49":"uni_artist_tag-stian-carstensen","50":"uni_artist_tag-svante-henryson","51":"uni_artist_tag-tariq-ali","52":"uni_artist_tag-thomas-campion","53":"uni_artist_tag-thorvald-steen","54":"uni_artist_tag-tora-augestad","55":"uni_artist_tag-torbjorn-dyrud","56":"uni_artist_tag-trad","57":"uni_artist_tag-trygve-broske","58":"uni_artist_tag-trygve-seim","59":"uni_artist_tag-wilhelm-muller","60":"uni_artist_tag-zygmunt-konieczny","61":"uni_main_artist_tag-tora-augestad","62":"uni_artist_genre-jazz","64":"first","65":"outofstock","66":"taxable","67":"shipping-taxable","68":"purchasable","69":"product-type-simple"},"_links":{"self":[{"href":"https:\/\/grappa.no\/no\/wp-json\/wp\/v2\/product\/37348","targetHints":{"allow":["GET"]}}],"collection":[{"href":"https:\/\/grappa.no\/no\/wp-json\/wp\/v2\/product"}],"about":[{"href":"https:\/\/grappa.no\/no\/wp-json\/wp\/v2\/types\/product"}],"replies":[{"embeddable":true,"href":"https:\/\/grappa.no\/no\/wp-json\/wp\/v2\/comments?post=37348"}],"wp:featuredmedia":[{"embeddable":true,"href":"https:\/\/grappa.no\/no\/wp-json\/wp\/v2\/media\/37349"}],"wp:attachment":[{"href":"https:\/\/grappa.no\/no\/wp-json\/wp\/v2\/media?parent=37348"}],"wp:term":[{"taxonomy":"product_brand","embeddable":true,"href":"https:\/\/grappa.no\/no\/wp-json\/wp\/v2\/product_brand?post=37348"},{"taxonomy":"product_cat","embeddable":true,"href":"https:\/\/grappa.no\/no\/wp-json\/wp\/v2\/product_cat?post=37348"},{"taxonomy":"product_tag","embeddable":true,"href":"https:\/\/grappa.no\/no\/wp-json\/wp\/v2\/product_tag?post=37348"}],"curies":[{"name":"wp","href":"https:\/\/api.w.org\/{rel}","templated":true}]}}