{"id":37293,"date":"2019-12-06T00:00:00","date_gmt":"2019-12-05T23:00:00","guid":{"rendered":"https:\/\/grappa.no\/no\/albums\/ukategorisert\/ketil-hvoslef-piano-concerto-%c2%b7-ein-traumspiel-%c2%b7-barabbas\/"},"modified":"2020-04-13T13:54:07","modified_gmt":"2020-04-13T12:54:07","slug":"ketil-hvoslef-piano-concerto-%c2%b7-ein-traumspiel-%c2%b7-barabbas","status":"publish","type":"product","link":"https:\/\/grappa.no\/no\/albums\/simax-classics\/ketil-hvoslef-piano-concerto-%c2%b7-ein-traumspiel-%c2%b7-barabbas\/","title":{"rendered":"Ketil Hvoslef: Piano Concerto \u00b7 Ein Traumspiel \u00b7 Barabbas"},"content":{"rendered":"<p><\/p>\n<p>Leif Ove og BFO feirer Hvoslef 80 \u00e5r.<\/p>\n<p>Leif Ove Andsnes og Bergen Filharmoniske Orkester avslutter \u00e5ret med en f\u00f8dselsdagsgave til \u00e5rets 80-\u00e5rs jubilant Ketil Hvoslef. Dette er en gave som vil klinge i lang tid: et album med tre f\u00f8rstegangsinnspillinger av Hvoslef! Kraftfull orkestermusikk fra en av v\u00e5r tids virkelig egenartede komponistprofiler \u2013 kanskje med klaverkonserten som han har skrevet til Leif Ove som prikken over i-en! <\/p>\n<p>Andsnes sier dette om verket: \u00abDet er fascinerande korleis Ketil klarar \u00e5 skape ein s\u00e5 sterk spaning og historieforteljing &#8211; samstundes som han er s\u00e5 gjennomsiktig. Tonespr\u00e5ket hans er s\u00e5 tydeleg. Det same gjeld haldninga hans til &quot;less is more&quot;- det har eg sett gjennom alle revideringane av klaverkonserten. Eg syns i tillegg at musikken hans er fylt med ei klassisk kl\u00e5rleik: ei underliggande spaning som eg syns er fascinerande.  Det er noko eg ikkje klarar \u00e5 setje ord p\u00e5. Dette syns eg er veldig tydeleg i klaverkonsertens sistesats: her ulmar det av mange ulike spaningar som alle kjem opp og fortel ulike forteljingar.  D\u00e8t er noko som har fascinert meg heilt sidan starten.\u00bb<\/p>\n<p>Jubilanten Hvoslef beskriver Andsnes som fortolker p\u00e5 denne m\u00e5ten: \u00abHan er s\u00e5 klar og speler s\u00e5 presist.  Og min musikk er avhengig av ekstrem presisjon. Det er nesten manisk &#8211; og det kan eg ikkje gjere noko med. Derfor kunne eg aldri f\u00e5tt noko betre enn han til \u00e5 spele det! Han skj\u00f8ner kor naudsynt presisheit er. Dette h\u00f8yrest kanskje prosaisk ut for andre &#8211; men for meg betyr det veldig mykje.\u00bb<\/p>\n<p><!--more--><\/p>\n<p>Leif Ove Andsnes og Bergen Filharmoniske Orkester hyller den mest s\u00e6rpregede norske orkesterkomponisten i moderne tid med et storsl\u00e5tt album p\u00e5 tampen av \u00e5ret Ketil Hvoslef fyller 80. Det er en vital jubilant som m\u00f8ter publikum p\u00e5 denne utgivelsen med tre store orkesterverk \u2013 der klaverkonserten inntar en helt spesiell plass.<\/p>\n<h4>Klaverkonsert \u00b7 Ein Traumspiel \u00b7 Barabbas \u2013 opera uten sangere<\/h4>\n<p>Om Andsnes som solist sier komponisten: \u00abHan er s\u00e5 klar og spiller s\u00e5 presist. Og min musikk er avhengig av ekstrem presisjon. Det er nesten manisk &#8211; og det kan jeg ikke gj\u00f8re noe med. Derfor kunne jeg aldri f\u00e5tt noen betre enn ham til \u00e5 spille det!\u00bb Da Eivind Gullberg Jensen skulle lede sin f\u00f8rste konsert som sjefdirigent for Norddeutsche Rundfunk Sinfonieorchester i Hannover i 2009 bestilte han et nytt verk av Ketil Hvoslef \u2013 for \u00e5 \u00abta med noe hjemmefra\u00bb. Resultatet ble orkesterverket Ein Traumspiel, som er basert p\u00e5 August Strindbergs poetiske drama. Stein Winge satt opp Ghelderodes skuespill Barabbas i Oslo i 1981, og Hvoslef komponerte musikk til forestillingen. Tematikken f\u00f8rte Hvoslef videre i operaen med samme navn, og s\u00e5 til slutt i orkesterverket Barabbas \u2013 opera uten sangere, der utdrag fra operalibrettoen vises p\u00e5 tekstmaskin over orkesteret ettersom handlingen i verket skrider frem. Hvoslef har gjennom hele sin komponistkarriere hatt et tett forhold til Bergen Filharmoniske Orkester, som har urframf\u00f8rt og bestilt en rekke av hans verk.<\/p>\n<h4>Leif Ove Andsnes og Bergen Filharmoniske Orkester<\/h4>\n<p>Leif Ove Andsnes hylles over hele verden for sine interpretasjoner og eminente teknikk. Han opptrer i verdens viktigste konsertsaler \u2013 b\u00e5de alene og som solist med de fremste orkestre, samtidig som han bygger en anerkjent og sv\u00e6rt rikholdig diskografi. Bergen Filharmoniske Orkester har status som nasjonalorkester og nyter stor internasjonal anseelse takket v\u00e6re turneer, innspillinger, str\u00f8mmetjenesten Bergenphilive og internasjonale bestillingsverk. P\u00e5 denne innspillingen ledes de av sjefdirigent Edward Gardner, samt Juanjo Mena og Eivind Gullberg Jensen.<\/p>\n<h4><\/h4>\n<\/p>\n<p><\/p>","protected":false},"excerpt":{"rendered":"<p>Leif Ove Andsnes: \u00abDet er fascinerande hvordan Ketil klarer \u00e5 skape en s\u00e5 sterk spenning og historiefortelling &#8211; samtidig som den er s\u00e5 gjennomsiktig.\u00bb<\/p>\n","protected":false},"featured_media":37294,"comment_status":"closed","ping_status":"open","template":"","meta":[],"product_brand":[],"product_cat":[180],"product_tag":[],"class_list":{"0":"post-37293","1":"product","2":"type-product","3":"status-publish","4":"has-post-thumbnail","6":"product_cat-simax-classics","7":"product_shipping_class-cddvd-shipping","8":"uni_artist_tag-arild-erikstad","9":"uni_artist_tag-bergen-philharmonic-orchestra","10":"uni_artist_tag-edward-gardner","11":"uni_artist_tag-eivind-gullberg-jensen","12":"uni_artist_tag-jorn-pedersen","13":"uni_artist_tag-juanjo-mena","14":"uni_artist_tag-ketil-hvoslef","15":"uni_artist_tag-leif-ove-andsnes","16":"uni_main_artist_tag-leif-ove-andsnes","17":"uni_artist_genre-art-music","18":"uni_artist_genre-concerto","19":"uni_artist_genre-contemporary-music","20":"uni_artist_genre-piano","22":"first","23":"instock","24":"taxable","25":"shipping-taxable","26":"purchasable","27":"product-type-simple"},"_links":{"self":[{"href":"https:\/\/grappa.no\/no\/wp-json\/wp\/v2\/product\/37293","targetHints":{"allow":["GET"]}}],"collection":[{"href":"https:\/\/grappa.no\/no\/wp-json\/wp\/v2\/product"}],"about":[{"href":"https:\/\/grappa.no\/no\/wp-json\/wp\/v2\/types\/product"}],"replies":[{"embeddable":true,"href":"https:\/\/grappa.no\/no\/wp-json\/wp\/v2\/comments?post=37293"}],"wp:featuredmedia":[{"embeddable":true,"href":"https:\/\/grappa.no\/no\/wp-json\/wp\/v2\/media\/37294"}],"wp:attachment":[{"href":"https:\/\/grappa.no\/no\/wp-json\/wp\/v2\/media?parent=37293"}],"wp:term":[{"taxonomy":"product_brand","embeddable":true,"href":"https:\/\/grappa.no\/no\/wp-json\/wp\/v2\/product_brand?post=37293"},{"taxonomy":"product_cat","embeddable":true,"href":"https:\/\/grappa.no\/no\/wp-json\/wp\/v2\/product_cat?post=37293"},{"taxonomy":"product_tag","embeddable":true,"href":"https:\/\/grappa.no\/no\/wp-json\/wp\/v2\/product_tag?post=37293"}],"curies":[{"name":"wp","href":"https:\/\/api.w.org\/{rel}","templated":true}]}}