{"id":37287,"date":"2019-11-29T00:00:00","date_gmt":"2019-11-28T23:00:00","guid":{"rendered":"https:\/\/grappa.no\/no\/albums\/ukategorisert\/trondheim-jazz-orchestra-with-sofia-jarnberg-olav-luksengard-mjelva\/"},"modified":"2019-12-02T10:54:07","modified_gmt":"2019-12-02T09:54:07","slug":"trondheim-jazz-orchestra-with-sofia-jarnberg-olav-luksengard-mjelva","status":"publish","type":"product","link":"https:\/\/grappa.no\/no\/albums\/heilo\/trondheim-jazz-orchestra-with-sofia-jarnberg-olav-luksengard-mjelva\/","title":{"rendered":"Trondheim Jazz Orchestra with Sofia J\u00e4rnberg &amp; Olav Lukseng\u00e5rd Mjelva"},"content":{"rendered":"<p><\/p>\n<p>Eksplosiv jazzmusikk sentrert rundt hardingfela<\/p>\n<p>Jazzvokalisten, bandlederen og komponisten Sofia J\u00e4rnberg m\u00f8tte Olav Lukseng\u00e5rd Mjelva i 2009 og ble umiddelbart grepet av hardingfeletradisjonen og folkemusikken. Slik startet et langstrakt og utfordrende prosjekt. Jazznytt kaller albumet: \u00aben stille eksplosjon av feelgood-musisering, der man n\u00e6rmest kan h\u00f8re smilet om munnen p\u00e5 ut\u00f8verne mens de tramper de asymmetriske rytmene\u00bb.<\/p>\n<p><!--more--><\/p>\n<h4>Trondheim Jazz Orchestra forst\u00f8rrer hardingfelemusikkens detaljrikdom<\/h4>\n<p>Med seg p\u00e5 laget har de renommerte og allsidige Trondheim Jazz Orchestra. Prosjektet tar utgangspunkt i \u00e5 forst\u00f8rre detaljrikdommen i solohardingfelespillet- som tradisjonelt sett har v\u00e6rt den vanligste m\u00e5ten \u00e5 bruke hardingfela p\u00e5. Det store ensemblet fungerer som et forst\u00f8rrelsesglass hvor de leter etter detaljene, for s\u00e5 \u00e5 blande, kaste det rundt og evaluere. Med Olav og hardingfela i sentrum.<br \/>\nI tillegg til Trondheim Jazz Orchestra har de Alexander Zethson og Lene Grenager p\u00e5 laget, hvor de sistnevnte har arrangert flere l\u00e5ter. De resterende l\u00e5tene er arrangert av Eksplosiv jazzmusikk sentrert rundt hardingfelaSofia selv.<br \/>\nAlbumet ble spilt inn i 2014, ensemblet har spilt flere konserter sammen, prosjektet ble urfremf\u00f8rt p\u00e5 Vossajazz i 2012, Riksscenen og Ume\u00e5 Jazz Festival i 2013, og senere spilt p\u00e5 Stockholm Jazz festival, 2014.<\/p>\n<h4><\/h4>\n<p><h4><\/h4>\n<\/p>\n<p><\/p>","protected":false},"excerpt":{"rendered":"<p>&quot;En stille eksplosjon av feelgood-musisering&quot; (Jazznytt)<\/p>\n","protected":false},"featured_media":37288,"comment_status":"closed","ping_status":"open","template":"","meta":[],"product_brand":[],"product_cat":[35],"product_tag":[],"class_list":{"0":"post-37287","1":"product","2":"type-product","3":"status-publish","4":"has-post-thumbnail","6":"product_cat-heilo","7":"product_shipping_class-cddvd-shipping","8":"uni_artist_tag-olav-mjelva","9":"uni_artist_tag-sofia-jarnberg","10":"uni_artist_tag-trad","11":"uni_artist_tag-trondheim-jazz-orchestra","12":"uni_main_artist_tag-trondheim-jazz-orchestra","13":"uni_artist_genre-folk-music","14":"uni_artist_genre-jazz","16":"first","17":"instock","18":"taxable","19":"shipping-taxable","20":"purchasable","21":"product-type-simple"},"_links":{"self":[{"href":"https:\/\/grappa.no\/no\/wp-json\/wp\/v2\/product\/37287","targetHints":{"allow":["GET"]}}],"collection":[{"href":"https:\/\/grappa.no\/no\/wp-json\/wp\/v2\/product"}],"about":[{"href":"https:\/\/grappa.no\/no\/wp-json\/wp\/v2\/types\/product"}],"replies":[{"embeddable":true,"href":"https:\/\/grappa.no\/no\/wp-json\/wp\/v2\/comments?post=37287"}],"wp:featuredmedia":[{"embeddable":true,"href":"https:\/\/grappa.no\/no\/wp-json\/wp\/v2\/media\/37288"}],"wp:attachment":[{"href":"https:\/\/grappa.no\/no\/wp-json\/wp\/v2\/media?parent=37287"}],"wp:term":[{"taxonomy":"product_brand","embeddable":true,"href":"https:\/\/grappa.no\/no\/wp-json\/wp\/v2\/product_brand?post=37287"},{"taxonomy":"product_cat","embeddable":true,"href":"https:\/\/grappa.no\/no\/wp-json\/wp\/v2\/product_cat?post=37287"},{"taxonomy":"product_tag","embeddable":true,"href":"https:\/\/grappa.no\/no\/wp-json\/wp\/v2\/product_tag?post=37287"}],"curies":[{"name":"wp","href":"https:\/\/api.w.org\/{rel}","templated":true}]}}