{"id":37237,"date":"2019-11-01T00:00:00","date_gmt":"2019-10-31T23:00:00","guid":{"rendered":"https:\/\/grappa.no\/no\/albums\/ukategorisert\/samuels-sang\/"},"modified":"2019-12-13T11:54:07","modified_gmt":"2019-12-13T10:54:07","slug":"samuels-sang","status":"publish","type":"product","link":"https:\/\/grappa.no\/no\/albums\/heilo\/samuels-sang\/","title":{"rendered":"Samuels sang"},"content":{"rendered":"<p><\/p>\n<p>Samuels Hellens sanger og forunderlige klassereise<\/p>\n<p>Her er visene og den underlige livshistorien til en s\u00e6regen og hittil ukjent folkesangkilde: Samuel Hellen, f\u00f8dt som omstreifer p\u00e5 N\u00f8tter\u00f8y og en av Ludvig Mathias Lindemans st\u00f8rste enkeltkilder. Som 29-\u00e5ring ble han d\u00f8mt til livstid, og sonet i Slaveriet p\u00e5 Akershus festning, hvor han ble kjent med Grundtvigs tanker. Etter ti \u00e5r ble han ben\u00e5det, etablerte smie i Christiana, og m\u00f8tte Lindeman &#8211; som skrev ned hele f\u00f8rti sanger etter ham. De fleste er kjempeviser og Petter Dass-salmer. Hellen bryter med bildet av den stedfaste ut\u00f8veren i en lokal tradisjon. Dette er ogs\u00e5 historien om en gedigen klassereise som viser at det g\u00e5r an \u00e5 reise seg, selv fra den dypeste bunn. For eksempel ved hjelp av sang og tro.<br \/>\nSamuel Hellen (1813 \u2013 1892) er blant dem Lindeman dokumenterte flest sanger etter. Han er ogs\u00e5 v\u00e5r st\u00f8rste enkeltkilde til Petter Dass-melodier, dokumeterer sanger fra folkemusikk-kartets blanke omr\u00e5der, og formidlet melodier som regnes blant v\u00e5re mest spennende.<br \/>\nI denne boken finner du alle sangene etter Hellen med tekst og bakgrunn, Lindemanns originalnoter til sangene, fortellingen om Samuels liv, bilder, kart og illustrasjoner, artikler fra Hellens egen h\u00e5nd og avskrift av rettsreferater. Boken kan ogs\u00e5 kj\u00f8pes sammen med 3 album: Petter Dass- salmene, Kjempevisene og Siste sanger.<\/p>\n<p><!--more--><\/p>\n<h4><\/h4>\n<\/p>\n<h4><\/h4>\n<p><h4><\/h4>\n<\/p>\n<p><\/p>","protected":false},"excerpt":{"rendered":"<p>En ny fortelling om norsk folkemusikk<\/p>\n","protected":false},"featured_media":37338,"comment_status":"closed","ping_status":"open","template":"","meta":[],"product_brand":[],"product_cat":[35],"product_tag":[],"class_list":{"0":"post-37237","1":"product","2":"type-product","3":"status-publish","4":"has-post-thumbnail","6":"product_cat-heilo","7":"product_shipping_class-book-shipping","8":"uni_artist_tag-ann-turi-ford","9":"uni_main_artist_tag-ann-turi-ford","10":"uni_artist_genre-norwegian-lyrics","12":"first","13":"instock","14":"taxable","15":"shipping-taxable","16":"purchasable","17":"product-type-simple"},"_links":{"self":[{"href":"https:\/\/grappa.no\/no\/wp-json\/wp\/v2\/product\/37237","targetHints":{"allow":["GET"]}}],"collection":[{"href":"https:\/\/grappa.no\/no\/wp-json\/wp\/v2\/product"}],"about":[{"href":"https:\/\/grappa.no\/no\/wp-json\/wp\/v2\/types\/product"}],"replies":[{"embeddable":true,"href":"https:\/\/grappa.no\/no\/wp-json\/wp\/v2\/comments?post=37237"}],"wp:featuredmedia":[{"embeddable":true,"href":"https:\/\/grappa.no\/no\/wp-json\/wp\/v2\/media\/37338"}],"wp:attachment":[{"href":"https:\/\/grappa.no\/no\/wp-json\/wp\/v2\/media?parent=37237"}],"wp:term":[{"taxonomy":"product_brand","embeddable":true,"href":"https:\/\/grappa.no\/no\/wp-json\/wp\/v2\/product_brand?post=37237"},{"taxonomy":"product_cat","embeddable":true,"href":"https:\/\/grappa.no\/no\/wp-json\/wp\/v2\/product_cat?post=37237"},{"taxonomy":"product_tag","embeddable":true,"href":"https:\/\/grappa.no\/no\/wp-json\/wp\/v2\/product_tag?post=37237"}],"curies":[{"name":"wp","href":"https:\/\/api.w.org\/{rel}","templated":true}]}}