{"id":37236,"date":"2019-11-01T00:00:00","date_gmt":"2019-10-31T23:00:00","guid":{"rendered":"https:\/\/grappa.no\/no\/albums\/ukategorisert\/samuels-sanger-i-iii\/"},"modified":"2019-11-15T09:14:19","modified_gmt":"2019-11-15T08:14:19","slug":"samuels-sanger-i-iii","status":"publish","type":"product","link":"https:\/\/grappa.no\/no\/albums\/heilo\/samuels-sanger-i-iii\/","title":{"rendered":"Samuels sanger I-III"},"content":{"rendered":"<p><\/p>\n<p>Et omfattende verk fra Ann-Turi Ford<\/p>\n<p>Sammen med boka Samuels sang utgj\u00f8r de tre platene Petter Dass-salmene, Kjempevisene og Siste sanger, en hyllest til den s\u00e6regne og hittil ukjente folkesangkilden Samuel Hansen Hellen (1813-1892). Du kan lese mer om ham i heftene som f\u00f8lger CD-ene.<\/p>\n<p><!--more--><\/p>\n<h4>Samuel Hellen<\/h4>\n<p>Samuel Hellen kom til verden pa\u030a et av N\u00f8tter\u00f8ys rikeste bruk, hvor hans ugifte og hjeml\u00f8se mor hadde s\u00f8kt tilflukt for f\u00f8dselen 13. november 1813. Sine f\u00f8rste tretti a\u030ar levde han som omstreifer. Fra de m\u00f8ttes som tena\u030aringer i 1828, livn\u00e6rte han og kona Sophie seg delvis som lovbrytere pa\u030a landeveiene rundt pa\u030a \u00d8stlandet. I 1843 ble han d\u00f8mt til a\u030a sone livstid pa\u030a Slaveriet pa\u030a Akershus festning. Her gjorde han etter hvert en gedigen helomvending inspirert av Grundtvigs tanker.<br \/>\nI 1852 ble han bena\u030adet, etablerte ei livskraftig smie i Christiania og kom i kontakt med Ludvig Mathias Lindeman, som skrev ned hele f\u00f8rti sanger etter ham. Det var alle typer viser, men aller flest Petter Dass-salmer og kjempeviser, henholdsvis 12 og 13.<br \/>\nSamuel plukket opp visene sine pa\u030a veien, og bryter dermed med bildet av den stedfaste ut\u00f8veren som representerer en lokal tradisjon. To andre uvanlige trekk ved ham er at de aller fleste sangene hans kommer fra skriftlige tekstkilder, og at mange av melodiene er fra folkemusikk-kartets hittil blanke omra\u030ader.<br \/>\nMelodiene etter Samuel Hellen regnes blant de beste og mest spennende vi har. De er alle gjengitt \u2013 sammen med Lindemans originale notenedskrift, tekstene og sangens bakgrunn \u2013 i boka Samuels sang som for \u00f8vrig forteller hans livshistorie. Her er det ogsa\u030a gjengitt avskrifter av rettssakene mot ham og artikler fra hans egen ha\u030and.<br \/>\nSamuel Hellens livshistorie vitner om en enorm klassereise \u2013 og at det ga\u030ar an a\u030a reise seg igjen, selv fra den dypeste bunn. For eksempel ved hjelp av sang og tro.<\/p>\n<h4>Litt om Ludvig Mathias Lindeman<\/h4>\n<p>Ludvig Mathias Lindeman (1812\u20131887) kom fra et ressurssterkt hjem i Trondheim, med far som var organist. Han studerte ba\u030ade teologi og musikk og kom til a\u030a dokumentere nesten to tusen sanger i l\u00f8pet av livet sitt. Han var en dyktig organist, som blant annet skal ha v\u00e6rt et ra\u030askinn til a\u030a improvisere. Og han komponerte, for eksempel hele 350 melodier til Grundtvig-tekster \u2013 ved siden av sin kolossale innsamling. Lindeman jobbet som organist i Va\u030ar Frelsers kirke, dagens Oslo domkirke, som var den familien Hellen tilh\u00f8rte. Tre ganger i 1868 og 1869 kom Lindeman og Hellen sammen for a\u030a dokumentere Samuels viser. Ved siden av en lidenskapelig interesse for sanger hadde de felles en dyp sympati for Grundtvigs tanker.<\/p>\n<h4><\/h4>\n<\/p>\n<p><\/p>","protected":false},"excerpt":{"rendered":"","protected":false},"featured_media":37242,"comment_status":"closed","ping_status":"open","template":"","meta":[],"product_brand":[],"product_cat":[35],"product_tag":[],"class_list":{"0":"post-37236","1":"product","2":"type-product","3":"status-publish","4":"has-post-thumbnail","6":"product_cat-heilo","7":"product_shipping_class-cddvd-shipping","8":"uni_artist_tag-ann-turi-ford","9":"uni_artist_tag-ford-folk","10":"uni_artist_tag-oystein-vesaas","11":"uni_artist_tag-trad","12":"uni_main_artist_tag-ann-turi-ford","13":"uni_artist_genre-norwegian-lyrics","14":"uni_artist_genre-traditional","15":"uni_artist_genre-world-music","17":"first","18":"instock","19":"taxable","20":"shipping-taxable","21":"purchasable","22":"product-type-simple"},"_links":{"self":[{"href":"https:\/\/grappa.no\/no\/wp-json\/wp\/v2\/product\/37236","targetHints":{"allow":["GET"]}}],"collection":[{"href":"https:\/\/grappa.no\/no\/wp-json\/wp\/v2\/product"}],"about":[{"href":"https:\/\/grappa.no\/no\/wp-json\/wp\/v2\/types\/product"}],"replies":[{"embeddable":true,"href":"https:\/\/grappa.no\/no\/wp-json\/wp\/v2\/comments?post=37236"}],"wp:featuredmedia":[{"embeddable":true,"href":"https:\/\/grappa.no\/no\/wp-json\/wp\/v2\/media\/37242"}],"wp:attachment":[{"href":"https:\/\/grappa.no\/no\/wp-json\/wp\/v2\/media?parent=37236"}],"wp:term":[{"taxonomy":"product_brand","embeddable":true,"href":"https:\/\/grappa.no\/no\/wp-json\/wp\/v2\/product_brand?post=37236"},{"taxonomy":"product_cat","embeddable":true,"href":"https:\/\/grappa.no\/no\/wp-json\/wp\/v2\/product_cat?post=37236"},{"taxonomy":"product_tag","embeddable":true,"href":"https:\/\/grappa.no\/no\/wp-json\/wp\/v2\/product_tag?post=37236"}],"curies":[{"name":"wp","href":"https:\/\/api.w.org\/{rel}","templated":true}]}}