{"id":37215,"date":"2019-10-11T00:00:00","date_gmt":"2019-10-10T23:00:00","guid":{"rendered":"https:\/\/grappa.no\/no\/albums\/ukategorisert\/fange-av-mi-tid\/"},"modified":"2019-11-08T09:34:05","modified_gmt":"2019-11-08T08:34:05","slug":"fange-av-mi-tid","status":"publish","type":"product","link":"https:\/\/grappa.no\/no\/albums\/grappa\/fange-av-mi-tid\/","title":{"rendered":"Fange av mi tid"},"content":{"rendered":"<p><\/p>\n<p>Jo Skaansar &#8211; Fange av mi tid<\/p>\n<p>Ni \u00e5r etter utgivelsen av det kritikerroste debutalbumet \u00abDen bl\u00e5aste natt\u00bb, er den etterspurte bassisten, komponisten og psykologen Jo Skaansar den 11. oktober klar med nytt band og sin oppf\u00f8lgerplate, \u00abFange av mi tid\u00bb.<br \/>\n\u00abFange av mi tid\u00bb tar utgangspunkt i Skaansars mangfoldige virke som kontrabassist og komponist, og et fruktbart l\u00e5tskrivingssamarbeid p\u00e5 tvers av generasjoner med den trettifem \u00e5r eldre Edvard Hoem. For \u00f8vrig er dikt og lyrikk av norske poeter fra ulike tidsepoker h\u00e5ndplukket og bearbeidet, og supplerer og kommenterer dermed Hoems s\u00e6regne og gjenkjennelige litter\u00e6re stemme.<br \/>\nVokalist Ine Hoem, som de siste \u00e5rene har tatt steget inn i den norske pop-eliten, er fortsatt en viktig samarbeidspartner og alliert. Sammen med Helge Lien og H\u00e5kon Mj\u00e5set Johansen skaper Ine og Jo musikalsk magi av Skaansars melodisk varierte og harmonisk sofistikerte komposisjoner, i skj\u00e6ringspunktet mellom jazz, folkemusikk og viser.<br \/>\nJo Skaansar jobber i inn- og utland med en rekke artister og band, mest innen jazz og folkemusikk. Som bassist har han en ekspressiv, lyrisk og moderne spillestil.<br \/>\nHan har medvirket p\u00e5 omlag 40 plateinnspillinger og har spilt med blant andre Kenny Wheeler, Ulf Wakenius, Steve Dobrogosz, Jon Christensen, Beady Belle, Hot Club de Norvege, Sinikka Langeland, Trygve Seim, S\u00f8lvguttene og Trondheim Jazzorkester.<\/p>\n<p><!--more--><\/p>\n<p>Jo Skaansar &#8211; Fange av mi tid<\/p>\n<h4><\/h4>\n<p>\u00abFange av mi tid\u00bb tar utgangspunkt i Skaansars mangfoldige virke som kontrabassist og komponist, og et fruktbart l\u00e5tskrivingssamarbeid p\u00e5 tvers av generasjoner med den trettifem \u00e5r eldre Edvard Hoem. For \u00f8vrig er dikt og lyrikk av norske poeter fra ulike tidsepoker h\u00e5ndplukket og bearbeidet, og supplerer og kommenterer dermed Hoems s\u00e6regne og gjenkjennelige litter\u00e6re stemme.<br \/>\nVokalist Ine Hoem, som de siste \u00e5rene har tatt steget inn i den norske pop-eliten, er fortsatt en viktig samarbeidspartner og alliert. Sammen med Helge Lien og H\u00e5kon Mj\u00e5set Johansen skaper Ine og Jo musikalsk magi av Skaansars melodisk varierte og harmonisk sofistikerte komposisjoner, i skj\u00e6ringspunktet mellom jazz, folkemusikk og viser.<br \/>\nJo Skaansar jobber i inn- og utland med en rekke artister og band, mest innen jazz og folkemusikk. Som bassist har han en ekspressiv, lyrisk og moderne spillestil.<br \/>\nHan har medvirket p\u00e5 omlag 40 plateinnspillinger og har spilt med blant andre Kenny Wheeler, Ulf Wakenius, Steve Dobrogosz, Jon Christensen, Beady Belle, Hot Club de Norvege, Sinikka Langeland, Trygve Seim, S\u00f8lvguttene og Trondheim Jazzorkester.<\/p>\n<h4><\/h4>\n<p><h4><\/h4>\n<\/p>\n<p><\/p>","protected":false},"excerpt":{"rendered":"<p>\u00abFange av mi tid\u00bb tar utgangspunkt i Skaansars mangfoldige virke som kontrabassist og komponist, og et fruktbart l\u00e5tskrivingssamarbeid p\u00e5 tvers av generasjoner med den trettifem \u00e5r eldre Edvard Hoem.<\/p>\n","protected":false},"featured_media":37219,"comment_status":"closed","ping_status":"open","template":"","meta":[],"product_brand":[],"product_cat":[6],"product_tag":[],"class_list":{"0":"post-37215","1":"product","2":"type-product","3":"status-publish","4":"has-post-thumbnail","6":"product_cat-grappa","7":"product_shipping_class-cddvd-shipping","8":"uni_artist_tag-bergmund-w-skaslien","9":"uni_artist_tag-hakon-mjaset-johansen","10":"uni_artist_tag-hayden-powell","11":"uni_artist_tag-helge-lien","12":"uni_artist_tag-ine-hoem","13":"uni_artist_tag-jo-skaansar","14":"uni_artist_tag-kaja-fjellberg-pettersen","15":"uni_artist_tag-marius-roe-navik","16":"uni_artist_tag-morten-michelsen","17":"uni_artist_tag-nils-thore-rosth","18":"uni_artist_tag-oddrun-lilja-jonsdottir","19":"uni_artist_tag-trygve-seim","20":"uni_main_artist_tag-jo-skaansar","21":"uni_artist_genre-jazz","23":"first","24":"instock","25":"taxable","26":"shipping-taxable","27":"purchasable","28":"product-type-simple"},"_links":{"self":[{"href":"https:\/\/grappa.no\/no\/wp-json\/wp\/v2\/product\/37215","targetHints":{"allow":["GET"]}}],"collection":[{"href":"https:\/\/grappa.no\/no\/wp-json\/wp\/v2\/product"}],"about":[{"href":"https:\/\/grappa.no\/no\/wp-json\/wp\/v2\/types\/product"}],"replies":[{"embeddable":true,"href":"https:\/\/grappa.no\/no\/wp-json\/wp\/v2\/comments?post=37215"}],"wp:featuredmedia":[{"embeddable":true,"href":"https:\/\/grappa.no\/no\/wp-json\/wp\/v2\/media\/37219"}],"wp:attachment":[{"href":"https:\/\/grappa.no\/no\/wp-json\/wp\/v2\/media?parent=37215"}],"wp:term":[{"taxonomy":"product_brand","embeddable":true,"href":"https:\/\/grappa.no\/no\/wp-json\/wp\/v2\/product_brand?post=37215"},{"taxonomy":"product_cat","embeddable":true,"href":"https:\/\/grappa.no\/no\/wp-json\/wp\/v2\/product_cat?post=37215"},{"taxonomy":"product_tag","embeddable":true,"href":"https:\/\/grappa.no\/no\/wp-json\/wp\/v2\/product_tag?post=37215"}],"curies":[{"name":"wp","href":"https:\/\/api.w.org\/{rel}","templated":true}]}}