{"id":37214,"date":"2019-11-08T00:00:00","date_gmt":"2019-11-07T23:00:00","guid":{"rendered":"https:\/\/grappa.no\/no\/albums\/ukategorisert\/landet-bortanfor-landet-omrade-51\/"},"modified":"2019-11-11T14:54:09","modified_gmt":"2019-11-11T13:54:09","slug":"landet-bortanfor-landet-omrade-51","status":"publish","type":"product","link":"https:\/\/grappa.no\/no\/albums\/grappa\/landet-bortanfor-landet-omrade-51\/","title":{"rendered":"Landet bortanfor landet  &#8211; Omr\u00e5de 51"},"content":{"rendered":"<p><\/p>\n<p>N\u00e5 lanserast endeleg tingingsverket fr\u00e5 Energim\u00f8lla og Kongsberg Jazzfestival som b\u00e5de dobbel LP (Grappa Musikkforlag) og bok (Forlaget Oktober).<\/p>\n<p>Omr\u00e5de 51, eller Area 51 er namnet p\u00e5 eit hemmeleg omr\u00e5de i Nevada, der det amerikanske forsvaret testar ut fly og v\u00e5pensystem. Det er ogs\u00e5 eit kontrollsenter for avanserte droner. Her blei det legendariske U2-flyet pr\u00f8vd ut, og viktige delar av teknologien bak m\u00e5neferdene utvikla. Musikken til Qvenild utspelar seg i dette landskapet, ein stad der \u00f8rkenk\u00f8ntri og tekno lever side om side. Han har invitert med seg r\u00f8ynde medmusikantar fr\u00e5 sin f\u00f8deby Kongsberg: Hanne Hukkelberg og Ivar Grydeland (Huntsville, Dans les Arbres). Musikken vil spegle delinga mellom det naturlege og det menneskeskapte, det dynamiske og det kontrollerte.<\/p>\n<p><!--more--><\/p>\n<h4>Landet bortanfor landet<\/h4>\n<p>Vi lever midt i ein krig, ein krig vi ikkje ein gong f\u00e5r auge p\u00e5, fordi han ikkje blir utkjempa p\u00e5 den tradisjonelle slagmarka. Denne krigen blir utkjempa under bakken og oppe i lufta, med maskinar, kablar, fiber, satelittar, dronar. Det er ein hemmelig krig, klassifisert og usynlig, budsjetta er ikkje underlagt demokratisk kontroll.<br \/>\nDei stridande opererer p\u00e5 svarte omr\u00e5de, stadar som ikkje er plotta inn p\u00e5 kartet, i landet som finst bortanfor landet. Krig er blitt ein blodflekk som har trekt s\u00e5 djupt inn i kvardagen at han er farga p\u00e5 same vis som alt rundt seg, som del av eit vanlig plagg. Vi lever med krigen, slik fisken lever i vatnet.<br \/>\nVerket \u201dLandet bortanom landet\u201d tematiserer i ord og musikk denne utviklinga, og viser korleis krig i dag er blitt ei usynlig verd. Det uttrykker ei frykt for at vi ikkje lenger kan opponere mot krigen, fordi han ikkje finst. Vi diskuterer ikkje utviklinga av nye system for \u00e5 drepe kvarandre, eller militariseringa av himmelrommet, eller dei enorme milit\u00e6rbudsjetta.<br \/>\nDei fleste av oss veit ingenting om programma som er sett i gang og som verkar utanfor oss. \u201dLandet bortanfor landet\u201d tar oss med til omr\u00e5det som er befolka med personell som skal forsvare oss, men som gjerne burde skremme oss meir enn noko anna p\u00e5 kloden.<\/p>\n<h4>Frode Grytten<\/h4>\n<p>Frode Grytten (f. 1960) debuterte i 1983 med diktsamlinga Start. Sidan har han skrive b\u00f8ker i dei fleste sjangrar og har f\u00e5tt eit stort lesande publikum. Bikubesong (1999) blei tildelt Brageprisen og innstilt til Nordisk R\u00e5ds litteraturpris, Flytande bj\u00f8rn (2005) fikk Rivertonprisen og Rom ved havet, rom ved sj\u00f8en (2007) blei hedra med Nynorsk litteraturpris og Melsomprisen. I 2014 debuterte Grytten som dramatikar med stykket S\u00e5nne som oss p\u00e5 Den Nationale Scene. B\u00f8kene hans er oversette til ei rekke spr\u00e5k. Grytten tildelt Bj\u00f8rg Vik-prisen 2017 for sitt forfatterskap.<\/p>\n<h4>Morten Qvenlid<\/h4>\n<p>Morten Qvenild  (f. 1978) har ei lang liste med prosjekt og utgjevingar bak seg. I perioden 2000-2003 var han medlem i Jaga Jazzist. Saman med vokalisten Susanna Wallumr\u00f8d gav han ut fleire plater under namnet Susanna and the Magical Orchestra. Eit anna viktig band i Qvenilds karriere er kvartetten Shining som har hatt utstrakt turn\u00e9virksomhet b\u00e5de nasjonalt og internasjonalt, og gitt ut flere CD-er. Han har ogs\u00e5 turnert med Nils Petter Molv\u00e6r, Bertine Zetlitz, Solveig Slettahjell og A-ha. Trioen In The Country vart tinga i 2003 og er fortsatt aktiv, og i 2015 gav han ut soloalbumet \u00abPeronal Piano\u00bb som vart nominert til Spellemann i \u00e5pen klasse og som han mottok TONOs Edvardpris for.<\/p>\n<p><\/p>","protected":false},"excerpt":{"rendered":"<p>Eit politisk og akutt viktig verk av Frode Grytten og Morten Qvenild.<\/p>\n","protected":false},"featured_media":37218,"comment_status":"closed","ping_status":"open","template":"","meta":[],"product_brand":[],"product_cat":[6],"product_tag":[],"class_list":{"0":"post-37214","1":"product","2":"type-product","3":"status-publish","4":"has-post-thumbnail","6":"product_cat-grappa","7":"product_shipping_class-vinyl-shipping","8":"uni_artist_tag-frode-grytten","9":"uni_artist_tag-morten-qvenild","10":"uni_main_artist_tag-morten-qvenild","11":"uni_artist_genre-jazz","13":"first","14":"instock","15":"taxable","16":"shipping-taxable","17":"purchasable","18":"product-type-simple"},"_links":{"self":[{"href":"https:\/\/grappa.no\/no\/wp-json\/wp\/v2\/product\/37214","targetHints":{"allow":["GET"]}}],"collection":[{"href":"https:\/\/grappa.no\/no\/wp-json\/wp\/v2\/product"}],"about":[{"href":"https:\/\/grappa.no\/no\/wp-json\/wp\/v2\/types\/product"}],"replies":[{"embeddable":true,"href":"https:\/\/grappa.no\/no\/wp-json\/wp\/v2\/comments?post=37214"}],"wp:featuredmedia":[{"embeddable":true,"href":"https:\/\/grappa.no\/no\/wp-json\/wp\/v2\/media\/37218"}],"wp:attachment":[{"href":"https:\/\/grappa.no\/no\/wp-json\/wp\/v2\/media?parent=37214"}],"wp:term":[{"taxonomy":"product_brand","embeddable":true,"href":"https:\/\/grappa.no\/no\/wp-json\/wp\/v2\/product_brand?post=37214"},{"taxonomy":"product_cat","embeddable":true,"href":"https:\/\/grappa.no\/no\/wp-json\/wp\/v2\/product_cat?post=37214"},{"taxonomy":"product_tag","embeddable":true,"href":"https:\/\/grappa.no\/no\/wp-json\/wp\/v2\/product_tag?post=37214"}],"curies":[{"name":"wp","href":"https:\/\/api.w.org\/{rel}","templated":true}]}}