{"id":37213,"date":"2019-11-08T00:00:00","date_gmt":"2019-11-07T23:00:00","guid":{"rendered":"https:\/\/grappa.no\/no\/albums\/ukategorisert\/kimer-i-klokker-julefolketoner-fra-nordland\/"},"modified":"2019-11-08T08:34:11","modified_gmt":"2019-11-08T07:34:11","slug":"kimer-i-klokker-julefolketoner-fra-nordland","status":"publish","type":"product","link":"https:\/\/grappa.no\/no\/albums\/heilo\/kimer-i-klokker-julefolketoner-fra-nordland\/","title":{"rendered":"Kimer I klokker &#8211; julefolketoner fra Nordland"},"content":{"rendered":"<p><\/p>\n<p>Prisbel\u00f8nte Susanne Lundeng er ute med juleplate<\/p>\n<p>Det jubles na\u030ar den prisbel\u00f8nte felespiller og sanger Susanne Lundeng ga\u030ar sammen med Nord-Norges store organist Bj\u00f8rn Andor Drage og den unike gitarist og sanger Nils-Olav Johansen og l\u00f8fter frem den nordlandske julesangskatten gjennom juleplaten \u00abKimer I klokker\u00bb. Sammen har de skapt en rikholdig og dyptga\u030aende juleplate med folketoner fra Nordland.<br \/>\nI vare og heftige arrangementer fremf\u00f8rer de kj\u00e6re og kjente sanger som I denne s\u00f8te juletid, No koma Guds englar, Mitt hjerte alltid vanker og mange flere, men alle med stedegne melodier fra Nordland, og mange med nordlandske tekster av Elias Blix og Petter Dass.<br \/>\n5. november 2019 ble Susanne Lundeng tildelt NOPAs tekstforfatter-pris, hun har ogs\u00e5 h\u00f8stet en Spellemannpris i folkemusikk for sin utgivelse av nordlandssla\u030atter og er en av Norges mest meritterte folkemusikere.<\/p>\n<p><!--more--><\/p>\n<h4>Trioen<\/h4>\n<p>Susanne Lundeng har v\u00e6rt den viktigste faneb\u00e6reren av nordnorsk folkemusikk i 30 a\u030ar. Fela er hennes instrument, men hun har mer og mer ogsa\u030a utviklet seg som sanger og komponist. Hun h\u00f8stet en Spellemannpris i folkemusikk for sin utgivelse av nordlandssla\u030atter og er en av Norges mest meritterte folkemusikere.<br \/>\nBj\u00f8rn Andor Drage, professor i orgel ved universitetet i Troms\u00f8, har et n\u00e6rt forhold og f\u00f8rsteha\u030andskunnskap til mye av dette stoffet. Han er oppvokst pa\u030a Drage i Saltdal, der flere av kildene til sangene og nedtegningene kom fra.<br \/>\nNils-Olav Johansen er jazzgitarist og sanger som henter inspirasjon fra tradisjonell musikk fra hele verden i sitt musikalske uttrykk, og er kjent for sine virtuose improvisasjoner med umiskjennelig signatur. Han er ansatt som professor i jazzgitar pa\u030a jazzlinja ved NTNU i Trondheim.<\/p>\n<h4>Konserter<\/h4>\n<p>4\/12 &#8211; Borge kirke, Lofoten<br \/>\n5\/12 &#8211; Sandnessj\u00f8en kirke<br \/>\n6\/12 &#8211; Hattfjelldal kirke<br \/>\n7\/12 &#8211; Va\u030ar Frue kirke, Trondheim<br \/>\n11\/12 &#8211; Troms\u00f8 domkirke<br \/>\n12\/12 &#8211; Saltdal kirke<br \/>\n13\/12 &#8211; Bodin kirke, Bod\u00f8<br \/>\n14\/12 &#8211; Gamle Aker kirke, Oslo<\/p>\n<h4><\/h4>\n<\/p>\n<p><\/p>","protected":false},"excerpt":{"rendered":"<p>Vakre julefolketoner fra Nordland med et drag av jazz og kirkemusikk<\/p>\n","protected":false},"featured_media":37217,"comment_status":"closed","ping_status":"open","template":"","meta":[],"product_brand":[],"product_cat":[35],"product_tag":[],"class_list":{"0":"post-37213","1":"product","2":"type-product","3":"status-publish","4":"has-post-thumbnail","6":"product_cat-heilo","7":"product_shipping_class-cddvd-shipping","8":"uni_artist_tag-bjorn-andor-drage","9":"uni_artist_tag-nils-olav-johansen","10":"uni_artist_tag-susanne-lundeng","11":"uni_artist_tag-trad","12":"uni_main_artist_tag-susanne-lundeng","13":"uni_artist_genre-christmas-music","14":"uni_artist_genre-folk-music","15":"uni_artist_genre-traditional","17":"first","18":"instock","19":"taxable","20":"shipping-taxable","21":"purchasable","22":"product-type-simple"},"_links":{"self":[{"href":"https:\/\/grappa.no\/no\/wp-json\/wp\/v2\/product\/37213","targetHints":{"allow":["GET"]}}],"collection":[{"href":"https:\/\/grappa.no\/no\/wp-json\/wp\/v2\/product"}],"about":[{"href":"https:\/\/grappa.no\/no\/wp-json\/wp\/v2\/types\/product"}],"replies":[{"embeddable":true,"href":"https:\/\/grappa.no\/no\/wp-json\/wp\/v2\/comments?post=37213"}],"wp:featuredmedia":[{"embeddable":true,"href":"https:\/\/grappa.no\/no\/wp-json\/wp\/v2\/media\/37217"}],"wp:attachment":[{"href":"https:\/\/grappa.no\/no\/wp-json\/wp\/v2\/media?parent=37213"}],"wp:term":[{"taxonomy":"product_brand","embeddable":true,"href":"https:\/\/grappa.no\/no\/wp-json\/wp\/v2\/product_brand?post=37213"},{"taxonomy":"product_cat","embeddable":true,"href":"https:\/\/grappa.no\/no\/wp-json\/wp\/v2\/product_cat?post=37213"},{"taxonomy":"product_tag","embeddable":true,"href":"https:\/\/grappa.no\/no\/wp-json\/wp\/v2\/product_tag?post=37213"}],"curies":[{"name":"wp","href":"https:\/\/api.w.org\/{rel}","templated":true}]}}