{"id":372,"date":"1995-01-02T00:00:00","date_gmt":"1995-01-01T23:00:00","guid":{"rendered":"http:\/\/www.grappa.no\/albums\/uncategorized\/nystedt-string-quartets\/"},"modified":"2019-02-22T15:39:39","modified_gmt":"2019-02-22T14:39:39","slug":"nystedt-string-quartets","status":"publish","type":"product","link":"https:\/\/grappa.no\/no\/albums\/simax-classics\/nystedt-string-quartets\/","title":{"rendered":"Nystedt String Quartets"},"content":{"rendered":"<p><\/p>\n<p>Oslo Strykekvartet spiller Knut Nystedt<\/p>\n<p>Denne utgivelsen representerer alle de stilistiske fasene i komponist Knut Nystedts musikalske utvikling. Det starter med strykekvartett No. 2 og 3, et uttrykk av Nystedts neoklassiske periode i slutten av 40-tallet og utover p\u00e5 50-tallet, og utvikler seg til et mer moderne uttrykk i No. 4 og No.5 fra 80-tallet \u2013 uten \u00e5 gi slipp p\u00e5 neoklassisismen. Strykekvartetten er en sjanger som har gjort seg lite gjeldende i norsk musikkhistorie, s\u00e5 dette er derfor et vesentlig bidrag til den norske kvartettlitteraturen. De fire kvartettene er vakkert fremf\u00f8rt av Oslo String Quartet, best\u00e5ende av Geir Inge Lotsber, Per Kristian Skalstad, Are Sandbakken og \u00d8ystein Sonstad.<\/p>\n<p><!--more--><\/p>\n<h4><\/h4>\n<\/p>\n<h4><\/h4>\n<p><h4><\/h4>\n<\/p>\n<p><\/p>","protected":false},"excerpt":{"rendered":"<p>Oslo Strykekvartett fremf\u00f8rer vakre strykekvartetter som representerer alle de stilistiske fasene i komponist Knut Nystedts musikalske utvikling.<\/p>\n","protected":false},"featured_media":27559,"comment_status":"closed","ping_status":"open","template":"","meta":[],"product_brand":[],"product_cat":[180],"product_tag":[],"class_list":{"0":"post-372","1":"product","2":"type-product","3":"status-publish","4":"has-post-thumbnail","6":"product_cat-simax-classics","7":"product_shipping_class-cddvd-shipping","8":"uni_artist_tag-knut-nystedt","9":"uni_artist_tag-oslo-string-quartet","10":"uni_main_artist_tag-oslo-string-quartet","11":"uni_artist_genre-chamber-music","12":"uni_artist_genre-contemporary-music","13":"uni_artist_genre-strings","15":"first","16":"instock","17":"taxable","18":"shipping-taxable","19":"purchasable","20":"product-type-simple"},"_links":{"self":[{"href":"https:\/\/grappa.no\/no\/wp-json\/wp\/v2\/product\/372","targetHints":{"allow":["GET"]}}],"collection":[{"href":"https:\/\/grappa.no\/no\/wp-json\/wp\/v2\/product"}],"about":[{"href":"https:\/\/grappa.no\/no\/wp-json\/wp\/v2\/types\/product"}],"replies":[{"embeddable":true,"href":"https:\/\/grappa.no\/no\/wp-json\/wp\/v2\/comments?post=372"}],"wp:featuredmedia":[{"embeddable":true,"href":"https:\/\/grappa.no\/no\/wp-json\/wp\/v2\/media\/27559"}],"wp:attachment":[{"href":"https:\/\/grappa.no\/no\/wp-json\/wp\/v2\/media?parent=372"}],"wp:term":[{"taxonomy":"product_brand","embeddable":true,"href":"https:\/\/grappa.no\/no\/wp-json\/wp\/v2\/product_brand?post=372"},{"taxonomy":"product_cat","embeddable":true,"href":"https:\/\/grappa.no\/no\/wp-json\/wp\/v2\/product_cat?post=372"},{"taxonomy":"product_tag","embeddable":true,"href":"https:\/\/grappa.no\/no\/wp-json\/wp\/v2\/product_tag?post=372"}],"curies":[{"name":"wp","href":"https:\/\/api.w.org\/{rel}","templated":true}]}}