{"id":37187,"date":"2019-11-15T00:00:00","date_gmt":"2019-11-14T23:00:00","guid":{"rendered":"https:\/\/grappa.no\/no\/albums\/ukategorisert\/komitas-shoror\/"},"modified":"2020-05-25T07:14:06","modified_gmt":"2020-05-25T06:14:06","slug":"komitas-shoror","status":"publish","type":"product","link":"https:\/\/grappa.no\/no\/albums\/simax-classics\/komitas-shoror\/","title":{"rendered":"Komitas \u2013 Shoror"},"content":{"rendered":"<p><\/p>\n<p>Armensk folkemusikk og Europeisk klassisk musikk m\u00f8tes i verkene til Komitas. <\/p>\n<p>P\u00e5 utgivelsen Shoror m\u00f8tes tradisjonene i Armensk folkemusikk og Europeisk klassisk musikk i verkene til Komitas. Mariam Kharatyan og Vigen Balasanyan presenterer et utvalg hans klaververker og sanger i instrumentale versjoner. Tradisjonsinstrumentene blul og duduk skaper sammen med flygelklangen et helt unikt lydbilde p\u00e5 dette albumet, som markerer 150-\u00e5rs jubileet til komponisten Komitas. I arbeidet for \u00e5 finne pianistiske variasjonsmuligheter i sitt musikalske uttrykk, gjennom \u00e5 imitere artikulasjon og klangfargene fra folkemusikkinstrumenter, har Mariam Kharatyan v\u00e6rt spesielt interessert i disse to samlingene som unike kilder for solo piano. Hver dansemelodi har sine r\u00f8tter fra en spesifikk region i Armenia, og er notert fra Komitas sin h\u00e5nd med instrukser om \u00e5 spilles i stilen fra folkemusikkinstrumenter. I sangene p\u00e5 denne utgivelsen har utgangspunktet v\u00e6rt arrangementer for solo klaver av Villy Sargsyan sammen med den originale versjonen for stemme og klaver av Komitas. N\u00e5r sangene spilles sammen med blul og duduk \u2013 blant de eldste armenske folkemusikkinstrumenter \u2013 trekkes linjene igjen tilbake til musikkens utgangspunkt i folkemusikkens klanger og uttrykkspallett.<\/p>\n<p><!--more--><\/p>\n<p>P\u00e5 utgivelsen Shoror m\u00f8tes tradisjonene i Armensk folkemusikk og Europeisk klassisk musikk i verkene til Komitas. Mariam Kharatyan og Vigen Balasanyan presenterer et utvalg hans klaververker og sanger i instrumentale versjoner. Tradisjonsinstrumentene blul og duduk skaper sammen med flygelklangen et helt unikt lydbilde p\u00e5 dette albumet, som markerer 150-\u00e5rs jubileet til komponisten Komitas. Utgivelsen lanseres med konsert 13. november kl. 19 p\u00e5 Sentralen i Oslo.<\/p>\n<h4><\/h4>\n<p>Komitas fortsatte sine musikkstudier ved Richard Schmidts private konservatorium i Berlin, samtidig som han studerte filosofi. I 1899 var han blant grunnleggerne av The International Music Society, der han aktivt presenterte sin forskning omkring armensk folkemusikk og \u00e5ndelig musikk b\u00e5de i forelesninger og artikler i Europa og \u00d8sten. Musikere som Debussy og Laloy trykket hans arbeid til sitt bryst, og Komitas samlet tusenvis av Armenske folkeviser, religi\u00f8se sanger, dansemelodier \u2013 for p\u00e5 den m\u00e5ten \u00e5 sikre dem for ettertiden.<\/p>\n<h4><\/h4>\n<p>I tillegg til samling og arrangering av Armenian Pesant Songs, var Komitas sv\u00e6rt opptatt av instrumentalmusikken som ble spilt til folkedans, noe som resulterte i hans ber\u00f8mte Yot Par og Msho Shoror. I arbeidet for \u00e5 finne pianistiske variasjonsmuligheter i sitt musikalske uttrykk, gjennom \u00e5 imitere artikulasjon og klangfargene fra folkemusikkinstrumenter, har Mariam Kharatyan v\u00e6rt spesielt interessert i disse to samlingene som unike kilder for solo piano. Hver dansemelodi har sine r\u00f8tter fra en spesifikk region i Armenia, og er notert fra Komitas sin h\u00e5nd med instrukser om \u00e5 spilles i stilen fra folkemusikkinstrumenter. I sangene p\u00e5 denne utgivelsen har utgangspunktet v\u00e6rt arrangementer for solo klaver av Villy Sargsyan sammen med den originale versjonen for stemme og klaver av Komitas. N\u00e5r sangene spilles sammen med blul og duduk \u2013 blant de eldste armenske folkemusikkinstrumenter \u2013 trekkes linjene igjen tilbake til musikkens utgangspunkt i folkemusikkens klanger og uttrykkspallett.<\/p>\n<h4><\/h4>\n<p>Den armenske pianisten Mariam Kharatyan er solist og kammermusiker, med en master fra Komitas State Conservatory, Yerevan, Armenia. Fra 2015-19 har hun arbeidet med sitt Ph. D. Artistic Research prosjekt \u2018Armenian Fingerprints: interpreting the piano music of Komitas and Khachaturian in light of Armenian folk music\u2019 ved Universitetet i Agder, der hun ogs\u00e5 er Assistant Professor. Vigen Balasanyan er armensk folkemusikkinstrumentalist p\u00e5 duduk, blul, shvi, pku og zurna, i tillegg til saxofon og klarinett. Han profilerer seg innenfor armensk folkemusikk, jazz og popul\u00e6rmusikk i et bredt repertoar som soloartist og i ensembler, deriblant Gusanakan State Ensemble of Armenia. Balasanyan har samarbeidet med en rekke folk-, jazz- og popband og har turnert i Usa, Frankirke, Kina, Polen, Hellas, Kypros, Russland, Uzbekistan, Qatar og Libanon.<\/p>\n<p><\/p>","protected":false},"excerpt":{"rendered":"<p>Markerer 150-\u00e5rs jubileet til komponisten Komitas.<\/p>\n","protected":false},"featured_media":37188,"comment_status":"closed","ping_status":"open","template":"","meta":[],"product_brand":[],"product_cat":[180],"product_tag":[],"class_list":{"0":"post-37187","1":"product","2":"type-product","3":"status-publish","4":"has-post-thumbnail","6":"product_cat-simax-classics","7":"product_shipping_class-cddvd-shipping","8":"uni_artist_tag-ingfrid-breie-nyhus","9":"uni_artist_tag-komitas","10":"uni_artist_tag-mariam-kharatyan","11":"uni_artist_tag-vigen-balasanyan","12":"uni_main_artist_tag-mariam-kharatyan","13":"uni_artist_genre-chamber-music","14":"uni_artist_genre-world-music","16":"first","17":"instock","18":"taxable","19":"shipping-taxable","20":"purchasable","21":"product-type-simple"},"_links":{"self":[{"href":"https:\/\/grappa.no\/no\/wp-json\/wp\/v2\/product\/37187","targetHints":{"allow":["GET"]}}],"collection":[{"href":"https:\/\/grappa.no\/no\/wp-json\/wp\/v2\/product"}],"about":[{"href":"https:\/\/grappa.no\/no\/wp-json\/wp\/v2\/types\/product"}],"replies":[{"embeddable":true,"href":"https:\/\/grappa.no\/no\/wp-json\/wp\/v2\/comments?post=37187"}],"wp:featuredmedia":[{"embeddable":true,"href":"https:\/\/grappa.no\/no\/wp-json\/wp\/v2\/media\/37188"}],"wp:attachment":[{"href":"https:\/\/grappa.no\/no\/wp-json\/wp\/v2\/media?parent=37187"}],"wp:term":[{"taxonomy":"product_brand","embeddable":true,"href":"https:\/\/grappa.no\/no\/wp-json\/wp\/v2\/product_brand?post=37187"},{"taxonomy":"product_cat","embeddable":true,"href":"https:\/\/grappa.no\/no\/wp-json\/wp\/v2\/product_cat?post=37187"},{"taxonomy":"product_tag","embeddable":true,"href":"https:\/\/grappa.no\/no\/wp-json\/wp\/v2\/product_tag?post=37187"}],"curies":[{"name":"wp","href":"https:\/\/api.w.org\/{rel}","templated":true}]}}