{"id":37185,"date":"2019-11-15T00:00:00","date_gmt":"2019-11-14T23:00:00","guid":{"rendered":"https:\/\/grappa.no\/no\/albums\/ukategorisert\/aram-khachaturian-chamber-music\/"},"modified":"2020-04-15T12:14:08","modified_gmt":"2020-04-15T11:14:08","slug":"aram-khachaturian-chamber-music","status":"publish","type":"product","link":"https:\/\/grappa.no\/no\/albums\/simax-classics\/aram-khachaturian-chamber-music\/","title":{"rendered":"Aram Khachaturian Chamber Music"},"content":{"rendered":"<p><\/p>\n<p>Armensk folkemusikk gir nye veier inn i Khatchaturians musikk.<\/p>\n<p>Aram Khachaturian skapte sin musikk i Sovjetunionen, og oppn\u00e5dde anerkjennelse over hele verden gjennom piano og fiolinkonsertene, symfoniene og ikke minst Spartacus-balletten. P\u00e5 dette albumet h\u00f8rer vi musikk han skrev s\u00e5 tidlig som 1926, den forbig\u00e5tte fiolinsonaten fra 1932 som ikke ble gitt ut f\u00f8r 1984, i tillegg til mye annen str\u00e5lende kammermusikk. Pianisten Mariam Kharatyan st\u00e5r i spissen for prosjektet, inspirert av folkemusikken i deres felles hjemland Armenia. Gjennom sitt Artistic Research Project Armenian Fingerprints ved Universitetet i Agder har Kharatyan forsket p\u00e5 hvordan hennes eget pianospill kan transformeres og formes gjennom Armensk folkemusikk og hvilke fortolkningsmessige muligheter som kan dukke opp i verkene til Khachaturian innenfor disse rammene. Kharatyan oppsummerer selv: \u00abSammen med Adam Gr\u00fcchot, Stig Nordhagen og Leonardo Sesenna har jeg for\u00f8kt \u00e5 skape et meningsfullt utrykksregister for lytteren, som om musikken er mer improvisasjon, musikk uten taktstreker. Den improvisatoriske f\u00f8lelsen og friheten i en fremf\u00f8relse gir opplevelsen av at heller enn \u00e5 avspille noe vi har l\u00e6rt oss, s\u00e5 spiller vi p\u00e5 \u00f8ret.\u00bb<\/p>\n<p><!--more--><\/p>\n<p>Aram Khachaturian skapte sin musikk i Sovjetunionen, og oppn\u00e5dde anerkjennelse over hele verden gjennom piano og fiolinkonsertene, symfoniene og ikke minst Spartacus-balletten. P\u00e5 dette albumet h\u00f8rer vi musikk han skrev s\u00e5 tidlig som 1926, den forbig\u00e5tte fiolinsonaten fra 1932 som ikke ble gitt ut f\u00f8r 1984, i tillegg til mye annen str\u00e5lende kammermusikk. Pianisten Mariam Kharatyan st\u00e5r i spissen for prosjektet, inspirert av folkemusikken i deres felles hjemland Armenia.<\/p>\n<h4><\/h4>\n<p>I 1948 ble Khachaturian, sammen med sine kolleger Sjostakovitsj, Prokofiev og Myaskovsky, erkl\u00e6rt som formalist i Sovjetunionen. Det tok lang tid f\u00f8r han reiste seg fra dette og skrev ny musikk. Han reiste til landsbygda i Armenia, tilbake til r\u00f8ttene, hvor mange minner fra barndommen ble vekket til live. Han \u00f8nsket \u00e5 lytte til b\u00f8ndenes sang, m\u00f8te gamle og unge, og \u00e5 h\u00f8re p\u00e5 folkemusikerne \u2013 ashughene og deres improvisasjoner. Khatchaturian mintes denne tiden senere: \u00abN\u00e5 som jeg er godt opp i \u00e5rene kan jeg med sikkerhet si at jeg fikk min kj\u00e6rlighet til musikk fra min mor. Hun sang Armenske folkesanger med dyp f\u00f8lelse og innlevelse, noe som gjorde et dypt inntrykk p\u00e5 meg (\u2026) Jeg elsket \u00e5 lytte i timesvis til ashughene og sazandarene. Sangene og fortellingene deres hyllet frihet, brorskap, kj\u00e6rlighet og mot, og avdekket ondskap, vold og urettferdighet. I \u00d8sten kaltes de \u2018folkets kunstneriske samvittighet\u2019. I de enkle men inspirerte improvisasjonene fra disse poetene og musikerne kunne jeg h\u00f8re ekko av folkesangene min mor pleide \u00e5 synge. Men n\u00e5r disse kjente melodiene ble sunget av ashughene virket de rikere, vakrere og fortryllende med fri, fargerik fortolkning og den magien i pulsen som bare finnes i folkemusikken. Jeg tok gr\u00e5dig for meg av denne kunsten, selv om det var en god del jeg ikke forstod p\u00e5 denne tiden.\u00bb<\/p>\n<h4><\/h4>\n<p>Gjennom sitt Artistic Research Project Armenian Fingerprints ved Universitetet i Agder har Kharatyan forsket p\u00e5 hvordan hennes eget pianospill kan transformeres og formes gjennom Armensk folkemusikk og hvilke fortolkningsmessige muligheter som kan dukke opp i verkene til Khachaturian innenfor disse rammene. Kharatyan oppsummerer selv: \u00abSammen med Adam Gr\u00fcchot, Stig Nordhagen og Leonardo Sesenna har jeg for\u00f8kt \u00e5 skape et meningsfullt utrykksregister for lytteren, som om musikken er mer improvisasjon, musikk uten taktstreker. Den improvisatoriske f\u00f8lelsen og friheten i en fremf\u00f8relse gir opplevelsen av at heller enn \u00e5 avspille noe vi har l\u00e6rt oss, s\u00e5 spiller vi p\u00e5 \u00f8ret.\u00bb<\/p>\n<h4><\/h4>\n<\/p>\n<p><\/p>","protected":false},"excerpt":{"rendered":"<p>Pianisten Mariam Kharatyan st\u00e5r i spissen for prosjektet, inspirert av folkemusikken i deres felles hjemland Armenia.<\/p>\n","protected":false},"featured_media":37186,"comment_status":"closed","ping_status":"open","template":"","meta":[],"product_brand":[],"product_cat":[180],"product_tag":[],"class_list":{"0":"post-37185","1":"product","2":"type-product","3":"status-publish","4":"has-post-thumbnail","6":"product_cat-simax-classics","7":"product_shipping_class-cddvd-shipping","8":"uni_artist_tag-adam-gruchot","9":"uni_artist_tag-aram-khachaturian","10":"uni_artist_tag-leonardo-sesenna","11":"uni_artist_tag-mariam-kharatyan","12":"uni_artist_tag-stig-nordhagen","13":"uni_main_artist_tag-mariam-kharatyan","14":"uni_artist_genre-chamber-music","15":"uni_artist_genre-classical","17":"first","18":"instock","19":"taxable","20":"shipping-taxable","21":"purchasable","22":"product-type-simple"},"_links":{"self":[{"href":"https:\/\/grappa.no\/no\/wp-json\/wp\/v2\/product\/37185","targetHints":{"allow":["GET"]}}],"collection":[{"href":"https:\/\/grappa.no\/no\/wp-json\/wp\/v2\/product"}],"about":[{"href":"https:\/\/grappa.no\/no\/wp-json\/wp\/v2\/types\/product"}],"replies":[{"embeddable":true,"href":"https:\/\/grappa.no\/no\/wp-json\/wp\/v2\/comments?post=37185"}],"wp:featuredmedia":[{"embeddable":true,"href":"https:\/\/grappa.no\/no\/wp-json\/wp\/v2\/media\/37186"}],"wp:attachment":[{"href":"https:\/\/grappa.no\/no\/wp-json\/wp\/v2\/media?parent=37185"}],"wp:term":[{"taxonomy":"product_brand","embeddable":true,"href":"https:\/\/grappa.no\/no\/wp-json\/wp\/v2\/product_brand?post=37185"},{"taxonomy":"product_cat","embeddable":true,"href":"https:\/\/grappa.no\/no\/wp-json\/wp\/v2\/product_cat?post=37185"},{"taxonomy":"product_tag","embeddable":true,"href":"https:\/\/grappa.no\/no\/wp-json\/wp\/v2\/product_tag?post=37185"}],"curies":[{"name":"wp","href":"https:\/\/api.w.org\/{rel}","templated":true}]}}