{"id":37141,"date":"2019-11-22T00:00:00","date_gmt":"2019-11-21T23:00:00","guid":{"rendered":"https:\/\/grappa.no\/no\/albums\/ukategorisert\/one-charming-night\/"},"modified":"2020-04-15T15:14:08","modified_gmt":"2020-04-15T14:14:08","slug":"one-charming-night","status":"publish","type":"product","link":"https:\/\/grappa.no\/no\/albums\/simax-classics\/one-charming-night\/","title":{"rendered":"One Charming Night"},"content":{"rendered":"<p><\/p>\n<p>Oslo Circles albumdebuterer \u2013 med kontratenor David Hansen<\/p>\n<p>Debututgivelse! Kontratenor-stjernen David Hansen og barokk-ensemblet Oslo Circles tar oss med inn i Henry Purcells vidunderlige verden, i musikk der det overnaturlige er en del av den menneskelige virkelighet. \u00abYou will probably never see or hear a better countertenor\u00bb, skrev avisen Herald Sun om den unge norsk\/australske kontratenoren David Hansen. Henry Purcell ble bare 36 \u00e5r gammel, men hans omfangsrike verkliste inneholder 860 titler, deriblant en stor mengde sanger og arier. Hans sanger handler om kj\u00e6rlighet, p\u00e5 sin helt barokke m\u00e5te: Lyst og lidelse, nytelse og d\u00f8dsangst, ensomhet og gledesrus g\u00e5r h\u00e5nd i h\u00e5nd i denne musikken. Tradisjonelle dansesanger med refrenger hvor det rykker i rockefoten, liks\u00e5 enkle og vakre hymner, country dances og fornemme menuetter, airs og jiggs. Oslo Circles er et nytt barokkensemble fra Oslo, og musikerne er etablerte og ledende i det skandinaviske og internasjonale barokkmilj\u00f8et, blant annet Concerto Copenhagen, B\u2019Rock, Academia Montis Regalis, Barokkanerne, Barokksolistene, Akademie f\u00fcr Alte Musik Berlin.<\/p>\n<p><!--more--><\/p>\n<p>Debututgivelse! One Charming Night \u2013 kontratenor-stjernen David Hansen og barokk-ensemblet Oslo Circles tar oss med inn i Henry Purcells vidunderlige verden, i musikk der det overnaturlige er en del av den menneskelige virkelighet.<\/p>\n<h4>Oslo Circles<\/h4>\n<p>Oslo Circles er et nytt barokkensemble fra Oslo, og musikerne er etablerte og ledende i det skandinaviske og internasjonale barokkmilj\u00f8et. Barokkfiolinisten Astrid Kirschner samler musikere i musikalske sirkler av ulik st\u00f8rrelse rundt seg. Musikerne finner man ogs\u00e5 igjen i andre internasjonale grupper som Concerto Copenhagen, B\u2019Rock, Academia Montis Regalis, Barokkanerne, Barokksolistene, Akademie f\u00fcr Alte Musik Berlin og mange flere. Oslo Circles spiller regelmessig konserter i Norge, og sommeren 2017 hadde gruppen sitt kritikerroste internasjonale debut ved Froville Festival i Frankrike. Oslo Circles har ogs\u00e5 spilt p\u00e5 festivalene Baroque &amp; Beyond (Sverige), Spazio &amp; Musica (Italia), Wunderkammer (Italia) og Varazdin Baroque Evenings (Kroatia) hvor gruppen vant prisen for beste musikalske interpretasjon. I 2018 startet Oslo Circles sin egen konsertserie, 1685, i Akershus slottskirke i Oslo.<\/p>\n<h4>David Hansen<\/h4>\n<p>\u00abYou will probably never see or hear a better countertenor\u00bb, skrev avisen Herald Sun om den unge australske kontratenoren David Hansen, som er bosatt i Oslo. David er en hyppig gjest ved Den Norske Opera &amp; Ballett i Oslo: Han har hatt store roller i Orfeus og Euridyke, Le Grand Macabre, Julius C\u00e6sar, Ulysses vender hjem og i Peer Gynt, ellers er han stadig p\u00e5 reisefot og synger p\u00e5 verdens st\u00f8rste opera- og konsertscener i Berlin, Wien, Moskva, Z\u00fcrich, Br\u00fcssel, Amsterdam, Boston og mange flere. Han har samarbeidet med dirigenter som Nicolaus Harnocourt, Marc Minkowski, Andrea Marcon, Alessandro de Marchi, Simon Rattle, Ren\u00e9 Jacobs og Rinaldo Alessandrini.<\/p>\n<h4><\/h4>\n<\/p>\n<p><\/p>","protected":false},"excerpt":{"rendered":"<p>\u2013 Denne innspillingen har v\u00e6rt spilt n\u00e6rmest sammenhengende siden anmeldereksemplaret ankom, og den er \u2013 uten \u00e5 overdrive noe s\u00e6rlig, helt praktfull. [6\/6 klassiskmusikk.com]<\/p>\n","protected":false},"featured_media":37142,"comment_status":"closed","ping_status":"open","template":"","meta":[],"product_brand":[],"product_cat":[180],"product_tag":[],"class_list":{"0":"post-37141","1":"product","2":"type-product","3":"status-publish","4":"has-post-thumbnail","6":"product_cat-simax-classics","7":"product_shipping_class-cddvd-shipping","8":"uni_artist_tag-circles","9":"uni_artist_tag-david-hansen","10":"uni_artist_tag-henry-purcell","11":"uni_artist_tag-sean-lewis","12":"uni_main_artist_tag-circles","13":"uni_artist_genre-early-music","14":"uni_artist_genre-opera","16":"first","17":"instock","18":"taxable","19":"shipping-taxable","20":"purchasable","21":"product-type-simple"},"_links":{"self":[{"href":"https:\/\/grappa.no\/no\/wp-json\/wp\/v2\/product\/37141","targetHints":{"allow":["GET"]}}],"collection":[{"href":"https:\/\/grappa.no\/no\/wp-json\/wp\/v2\/product"}],"about":[{"href":"https:\/\/grappa.no\/no\/wp-json\/wp\/v2\/types\/product"}],"replies":[{"embeddable":true,"href":"https:\/\/grappa.no\/no\/wp-json\/wp\/v2\/comments?post=37141"}],"wp:featuredmedia":[{"embeddable":true,"href":"https:\/\/grappa.no\/no\/wp-json\/wp\/v2\/media\/37142"}],"wp:attachment":[{"href":"https:\/\/grappa.no\/no\/wp-json\/wp\/v2\/media?parent=37141"}],"wp:term":[{"taxonomy":"product_brand","embeddable":true,"href":"https:\/\/grappa.no\/no\/wp-json\/wp\/v2\/product_brand?post=37141"},{"taxonomy":"product_cat","embeddable":true,"href":"https:\/\/grappa.no\/no\/wp-json\/wp\/v2\/product_cat?post=37141"},{"taxonomy":"product_tag","embeddable":true,"href":"https:\/\/grappa.no\/no\/wp-json\/wp\/v2\/product_tag?post=37141"}],"curies":[{"name":"wp","href":"https:\/\/api.w.org\/{rel}","templated":true}]}}