{"id":37135,"date":"2019-10-25T00:00:00","date_gmt":"2019-10-24T23:00:00","guid":{"rendered":"https:\/\/grappa.no\/no\/albums\/ukategorisert\/crossing-the-rubicon\/"},"modified":"2019-11-05T12:14:06","modified_gmt":"2019-11-05T11:14:06","slug":"crossing-the-rubicon","status":"publish","type":"product","link":"https:\/\/grappa.no\/no\/albums\/grappa\/crossing-the-rubicon\/","title":{"rendered":"Crossing the Rubicon"},"content":{"rendered":"<p><\/p>\n<p>\u00c5ge Sten Nilsen &#8211; Crossing the Rubicon<\/p>\n<p>Etter \u00e5 ha servert en godtepose med singler, er det endelig det nye albumet Crossing The Rubicon som st\u00e5r for tur for \u00c5ge Sten Nilsen. Det er ute p\u00e5 CD, vinyl og digitalt p\u00e5 Grappa Musikkforlag 25. oktober!<\/p>\n<p>Med \u00abBaby Don\u2019t Be Leave\u00bb, \u00abGhost On The Wall\u00bb, \u00abJupiter &amp; Venus\u00bb og \u00abFire Meets Fire\u00bb har \u00c5ge Sten Nilsen &#8211; tidligere sett i NRKs Stjernekamp denne h\u00f8sten &#8211; nok en gang bevist at han klarer \u00e5 levere kvalitetsmusikk uavhengig av sjanger. Som sine tidligere soloalbum har \u00c5ge med Crossing The Rubicon fortsatt v\u00e6rt bestemt p\u00e5 at musikken hans er sjangerfri, og at hver enkelt l\u00e5t blir arrangert utifra l\u00e5tens premisser. <\/p>\n<p>P\u00e5 Crossing The Rubicon f\u00e5r du musikk uten programmerte instrumenter og auto-tune. I all hovedsak er dette spilt inn live, og alle l\u00e5ter og tekster er veldig personlige for \u00c5ge.<br \/>\nDet er det n\u00e6rmeste man kan komme \u00c5ges musikalsk dagbok over de siste to \u00e5rene.<\/p>\n<p>Med andre ord s\u00f8rger \u00c5ge for at du her kan nyte b\u00e5de country, rock, pop og mer i skj\u00f8nn harmoni, med l\u00e5ter om kj\u00e6rlighet og n\u00e6rhet. Dette er musikk som ogs\u00e5 bevisst beveger seg utenfor musikken \u00c5ge skaper med rockebandet AMMUNITION. <\/p>\n<p>P\u00e5 Crossing The Rubicon medvirker Freddy Holm, Atle Rakv\u00e5g, Eivind Kl\u00f8ver\u00f8d og Ola Aanje, som alle inng\u00e5r i \u00c5ges soloband The Butterflies.<\/p>\n<p><!--more--><\/p>\n<p>Etter \u00e5 ha servert en godtepose med singler, er det endelig det nye albumet Crossing The Rubicon som st\u00e5r for tur for \u00c5ge Sten Nilsen. Det er ute p\u00e5 CD, vinyl og digitalt p\u00e5 Grappa Musikkforlag 25. oktober!<\/p>\n<h4><\/h4>\n<\/p>\n<h4><\/h4>\n<p><h4><\/h4>\n<\/p>\n<p><\/p>","protected":false},"excerpt":{"rendered":"<p>Crossing the Rubicon er det n\u00e6rmeste man kan komme \u00c5ges musikalsk dagbok over de siste to \u00e5rene.<\/p>\n","protected":false},"featured_media":37136,"comment_status":"closed","ping_status":"open","template":"","meta":[],"product_brand":[],"product_cat":[6],"product_tag":[],"class_list":{"0":"post-37135","1":"product","2":"type-product","3":"status-publish","4":"has-post-thumbnail","6":"product_cat-grappa","7":"product_shipping_class-cddvd-shipping","8":"uni_artist_tag-age-sten-nilsen","9":"uni_artist_tag-atle-rakvag","10":"uni_artist_tag-eivind-kloverod","11":"uni_artist_tag-freddy-holm","12":"uni_artist_tag-kare-kolve","13":"uni_artist_tag-ola-aanje","14":"uni_artist_tag-tore-johannes-skauen","15":"uni_main_artist_tag-age-sten-nilsen","16":"uni_artist_genre-country","17":"uni_artist_genre-pop","18":"uni_artist_genre-rock","20":"first","21":"instock","22":"taxable","23":"shipping-taxable","24":"purchasable","25":"product-type-simple"},"_links":{"self":[{"href":"https:\/\/grappa.no\/no\/wp-json\/wp\/v2\/product\/37135","targetHints":{"allow":["GET"]}}],"collection":[{"href":"https:\/\/grappa.no\/no\/wp-json\/wp\/v2\/product"}],"about":[{"href":"https:\/\/grappa.no\/no\/wp-json\/wp\/v2\/types\/product"}],"replies":[{"embeddable":true,"href":"https:\/\/grappa.no\/no\/wp-json\/wp\/v2\/comments?post=37135"}],"wp:featuredmedia":[{"embeddable":true,"href":"https:\/\/grappa.no\/no\/wp-json\/wp\/v2\/media\/37136"}],"wp:attachment":[{"href":"https:\/\/grappa.no\/no\/wp-json\/wp\/v2\/media?parent=37135"}],"wp:term":[{"taxonomy":"product_brand","embeddable":true,"href":"https:\/\/grappa.no\/no\/wp-json\/wp\/v2\/product_brand?post=37135"},{"taxonomy":"product_cat","embeddable":true,"href":"https:\/\/grappa.no\/no\/wp-json\/wp\/v2\/product_cat?post=37135"},{"taxonomy":"product_tag","embeddable":true,"href":"https:\/\/grappa.no\/no\/wp-json\/wp\/v2\/product_tag?post=37135"}],"curies":[{"name":"wp","href":"https:\/\/api.w.org\/{rel}","templated":true}]}}