{"id":37110,"date":"2019-10-18T00:00:00","date_gmt":"2019-10-17T23:00:00","guid":{"rendered":"https:\/\/grappa.no\/no\/albums\/ukategorisert\/hildo\/"},"modified":"2019-11-11T14:54:09","modified_gmt":"2019-11-11T13:54:09","slug":"hildo","status":"publish","type":"product","link":"https:\/\/grappa.no\/no\/albums\/heilo\/hildo\/","title":{"rendered":"Hildo"},"content":{"rendered":"<p><\/p>\n<p>Hildo ljomar p\u00e5 nytt<\/p>\n<p>Den fantastiske gjengen kjente og kj\u00e6re musikarar, med Tore Brunborg og Beri Opheim i spissen, har teke utgangspunkt i ulike folketonar og sl\u00e5ttar fr\u00e5 mellom anna Voss, Sogn og Hardanger, og serverer desse i nye arrangement og med nykomponerte tema.<br \/>\n\u00abHildo\u00bb\u00a0var namnet p\u00e5 kyrkjeklokka som ljoma over Vossevangen fr\u00e5 t\u00e5rnet p\u00e5 Vangskyrkja i gamle dagar. Det finst fleire segn og folketonar til \u00e6re for klokka, som var kjend for sin uvanlege fine og sterke klang. \u00a0P\u00e5 albumet vert b\u00e5de balladar, b\u00e5nsullar, stev, barnesongar, salmar og sl\u00e5ttar tolka og omforma i hendene p\u00e5 musikantar som g\u00e5r \u00abHildo\u00bb sj\u00f8lv ein h\u00f8g gong n\u00e5r det kjem til klang og styrke.<br \/>\nProsjektet hadde premi\u00e8re p\u00e5 Vossa Jazz 2018, og vart bestilt av Riksscenen og festivalen. For konserten p\u00e5 Voss vart prosjektet nominert til Kritikerprisen for musikk i 2018.<\/p>\n<p><!--more--><\/p>\n<p>Den fantastiske gjengen kjente og kj\u00e6re musikarar, med Brunborg og Opheim i spissen, har teke utgangspunkt i ulike folketonar og sl\u00e5ttar fr\u00e5 mellom anna Voss, Sogn og Hardanger, og serverer desse i nye arrangement og med nykomponerte tema.<\/p>\n<h4>Hildo<\/h4>\n<p>\u00abHildo\u00bb\u00a0var namnet p\u00e5 kyrkjeklokka som ljoma over Vossevangen fr\u00e5 t\u00e5rnet p\u00e5 Vangskyrkja i gamle dagar. Det finst fleire segn og folketonar til \u00e6re for klokka, som var kjend for sin uvanlege fine og sterke klang. \u00a0P\u00e5 albumet vert b\u00e5de balladar, b\u00e5nsullar, stev, barnesongar, salmar og sl\u00e5ttar tolka og omforma i hendene p\u00e5 musikantar som g\u00e5r \u00abHildo\u00bb sj\u00f8lv ein h\u00f8g gong n\u00e5r det kjem til klang og styrke.<\/p>\n<h4>Kritikerprisen<\/h4>\n<p>Utgangspunktet for denne innspelinga er at Helge Skansen, tidlegare dagleg leiar ved Riksscenen i Oslo kontakta den r\u00f8ynde jazzmusikaren, komponisten og saksofonisten Tore Brunborg om eit samarbeid med folkesongaren Berit Opheim, b\u00e5e med r\u00f8ter p\u00e5 Voss. Tore og Berit ville gjerne ha med seg gitarist Stein Urheim, bassist Steinar Raknes og trommeslagar K\u00e5re Opheim. Prosjektet hadde premi\u00e8re p\u00e5 Vossa Jazz 2018, og vart bestilt av Riksscenen og festivalen. For konserten p\u00e5 Voss vart prosjektet nominert til Kritikerprisen for musikk i 2018.<\/p>\n<h4><\/h4>\n<\/p>\n<p><\/p>","protected":false},"excerpt":{"rendered":"<p>Den fantastiske gjengen kjente og kj\u00e6re musikarar, med Tore Brunborg og Berit Opheim i spissen, har teke utgangspunkt i ulike folketonar og sl\u00e5ttar fr\u00e5 mellom anna Voss, Sogn og Hardanger, og serverer desse i nye arrangement og med nykomponerte tema.<\/p>\n","protected":false},"featured_media":37111,"comment_status":"closed","ping_status":"open","template":"","meta":[],"product_brand":[],"product_cat":[35],"product_tag":[],"class_list":{"0":"post-37110","1":"product","2":"type-product","3":"status-publish","4":"has-post-thumbnail","6":"product_cat-heilo","7":"product_shipping_class-cddvd-shipping","8":"uni_artist_tag-alexander-stenerud","9":"uni_artist_tag-andreas-risanger-meland","10":"uni_artist_tag-berit-opheim","11":"uni_artist_tag-kare-opheim","12":"uni_artist_tag-stein-urheim","13":"uni_artist_tag-tore-brunborg","14":"uni_artist_genre-folk-music","15":"uni_artist_genre-jazz","17":"first","18":"instock","19":"taxable","20":"shipping-taxable","21":"purchasable","22":"product-type-simple"},"_links":{"self":[{"href":"https:\/\/grappa.no\/no\/wp-json\/wp\/v2\/product\/37110","targetHints":{"allow":["GET"]}}],"collection":[{"href":"https:\/\/grappa.no\/no\/wp-json\/wp\/v2\/product"}],"about":[{"href":"https:\/\/grappa.no\/no\/wp-json\/wp\/v2\/types\/product"}],"replies":[{"embeddable":true,"href":"https:\/\/grappa.no\/no\/wp-json\/wp\/v2\/comments?post=37110"}],"wp:featuredmedia":[{"embeddable":true,"href":"https:\/\/grappa.no\/no\/wp-json\/wp\/v2\/media\/37111"}],"wp:attachment":[{"href":"https:\/\/grappa.no\/no\/wp-json\/wp\/v2\/media?parent=37110"}],"wp:term":[{"taxonomy":"product_brand","embeddable":true,"href":"https:\/\/grappa.no\/no\/wp-json\/wp\/v2\/product_brand?post=37110"},{"taxonomy":"product_cat","embeddable":true,"href":"https:\/\/grappa.no\/no\/wp-json\/wp\/v2\/product_cat?post=37110"},{"taxonomy":"product_tag","embeddable":true,"href":"https:\/\/grappa.no\/no\/wp-json\/wp\/v2\/product_tag?post=37110"}],"curies":[{"name":"wp","href":"https:\/\/api.w.org\/{rel}","templated":true}]}}