{"id":371,"date":"1996-05-01T00:00:00","date_gmt":"1996-04-30T23:00:00","guid":{"rendered":"http:\/\/www.grappa.no\/albums\/uncategorized\/ravel-piano-music\/"},"modified":"2025-07-08T09:27:07","modified_gmt":"2025-07-08T08:27:07","slug":"ravel-piano-music","status":"publish","type":"product","link":"https:\/\/grappa.no\/no\/albums\/simax-classics\/ravel-piano-music\/","title":{"rendered":"Ravel Piano Music"},"content":{"rendered":"<p><\/p>\n<p>Sigurd Sl\u00e5ttebrekks gjennombrudd<\/p>\n<p>I 1996 var det duket for en platedebut av en norsk pianist som virkelig ga gjenlyd langt utover landets grenser. Sl\u00e5ttebrekks fortolkninger av Maurice Ravels geniale klavermusikk plasserte ham umiddelbart i det internasjonale s\u00f8kelyset, med str\u00e5lende kritikker fra musikktidsskrifter over hele verden. For Sl\u00e5ttebrekk selv var utgivelsen det siste han gjorde f\u00f8r han tok en pause fra virket som ut\u00f8vende musiker, en pause som skulle vare i mer enn fem \u00e5r. Som plateartist kom han tilbake for fullt med et fantastisk Schumann-album i 2002. Sl\u00e5ttebrekks Ravel-innspilling er en ekte klassiker!<\/p>\n<p><!--more--><\/p>\n<h4><\/h4>\n<h4><\/h4>\n<h4><\/h4>\n<p><\/p>","protected":false},"excerpt":{"rendered":"<p>\u2013 Perhaps it is only necessary to make an analogy with Rubinstein&#8217;s Valse nobles, with Cortot&#8217;s Jeux d&#8217;eau, and Michelangeli&#8217;s Gaspard de la nuit, to convey to the reader what kind of playing this extraordinary disc presents. [Igor Kipnis \u2013 Schwann\/Opus]<\/p>\n","protected":false},"featured_media":27558,"comment_status":"closed","ping_status":"closed","template":"","meta":[],"product_brand":[],"product_cat":[180],"product_tag":[],"class_list":{"0":"post-371","1":"product","2":"type-product","3":"status-publish","4":"has-post-thumbnail","6":"product_cat-simax-classics","7":"product_shipping_class-cddvd-shipping","8":"uni_artist_tag-maurice-ravel","9":"uni_artist_tag-sigurd-slattebrekk","10":"uni_artist_tag-tony-harrison","11":"uni_main_artist_tag-sigurd-slattebrekk","12":"uni_artist_genre-norwegian-grammy-award-spellemannvinner","13":"uni_artist_genre-piano","14":"uni_artist_genre-solo","15":"uni_artist_genre-young-norwegian","17":"first","18":"outofstock","19":"taxable","20":"shipping-taxable","21":"purchasable","22":"product-type-simple"},"_links":{"self":[{"href":"https:\/\/grappa.no\/no\/wp-json\/wp\/v2\/product\/371","targetHints":{"allow":["GET"]}}],"collection":[{"href":"https:\/\/grappa.no\/no\/wp-json\/wp\/v2\/product"}],"about":[{"href":"https:\/\/grappa.no\/no\/wp-json\/wp\/v2\/types\/product"}],"replies":[{"embeddable":true,"href":"https:\/\/grappa.no\/no\/wp-json\/wp\/v2\/comments?post=371"}],"wp:featuredmedia":[{"embeddable":true,"href":"https:\/\/grappa.no\/no\/wp-json\/wp\/v2\/media\/27558"}],"wp:attachment":[{"href":"https:\/\/grappa.no\/no\/wp-json\/wp\/v2\/media?parent=371"}],"wp:term":[{"taxonomy":"product_brand","embeddable":true,"href":"https:\/\/grappa.no\/no\/wp-json\/wp\/v2\/product_brand?post=371"},{"taxonomy":"product_cat","embeddable":true,"href":"https:\/\/grappa.no\/no\/wp-json\/wp\/v2\/product_cat?post=371"},{"taxonomy":"product_tag","embeddable":true,"href":"https:\/\/grappa.no\/no\/wp-json\/wp\/v2\/product_tag?post=371"}],"curies":[{"name":"wp","href":"https:\/\/api.w.org\/{rel}","templated":true}]}}