{"id":37086,"date":"2019-10-11T00:00:00","date_gmt":"2019-10-10T23:00:00","guid":{"rendered":"https:\/\/grappa.no\/no\/albums\/ukategorisert\/equinox-the-complete-odyssey\/"},"modified":"2020-05-06T08:14:10","modified_gmt":"2020-05-06T07:14:10","slug":"equinox-the-complete-odyssey","status":"publish","type":"product","link":"https:\/\/grappa.no\/no\/albums\/simax-classics\/equinox-the-complete-odyssey\/","title":{"rendered":"Equinox \u2013 The Complete Odyssey"},"content":{"rendered":"<p><\/p>\n<p>Equinox \u2013 musikken og teksten<\/p>\n<p>Henning Kraggerud st\u00e5r midt i en str\u00e5lende karriere som fiolinsolist med verdens ledende orkestre. Det som enn\u00e5 ikke er like kjent er at han ogs\u00e5 er en meget produktiv komponist! Equinox er helaftens verk han har laget sammen med Jostein Gaarder. P\u00e5 dette albumet kan vi for f\u00f8rste gang f\u00f8lge hele reisen \u2013 med b\u00e5de den fantastiske musikken og lesningene til den anerkjente britiske skuespilleren Simon Callow.<\/p>\n<p>Kraggerud og Gaarder har funnet hverandre i en fantastisk og eksistensiell fortelling som tar oss jorden og kvintsirkelen rundt. Kraggerud har komponert vakker, s\u00f8rgmodig, sprudlende og hjerteskj\u00e6rende musikk i Equinox \u2013 og p\u00e5 konserter for norsk publikum er det Jostein Gaarder selv som leser, n\u00e5 senest under Oslo Kammermusikkfestival i \u00e5r. Simon Callow, kjent fra filmer som \u2018Amadeus\u2019, \u2018Fire bryllup og en gravferd\u2019, \u2018Shakespeare in Love\u2019, leser.<\/p>\n<p><!--more--><\/p>\n<p>N\u00e5 kan vi f\u00f8lge hele reisen \u2013 med den fantastiske musikken og lesningene til den britiske skuespilleren Simon Callow.<\/p>\n<h4><\/h4>\n<p>Kraggerud og Gaarder har funnet hverandre i en fantastisk og eksistensiell fortelling som tar oss jorden og kvintsirkelen rundt. Kraggerud har komponert vakker, s\u00f8rgmodig, sprudlende og hjerteskj\u00e6rende musikk i Equinox \u2013 og p\u00e5 konserter for norsk publikum er det Jostein Gaarder selv som leser, n\u00e5 senest under Oslo Kammermusikkfestival i \u00e5r. Simon Callow, kjent fra filmer som \u2018Amadeus\u2019, \u2018Fire bryllup og en gravferd\u2019, \u2018Shakespeare in Love\u2019, leser.<\/p>\n<h4>24 n\u00f8kler til en verden f\u00f8r den glipper<\/h4>\n<p>Equinox betyr Jevnd\u00f8gn. Dette d\u00f8gnet er natt og dag like lange  \u2013 de lyse og m\u00f8rke kreftene i balanse \u2013 og det er nettopp p\u00e5 denne dagen Jostein Gaarders historie utfolder seg. I Equinox legger vi ut p\u00e5 en musikalsk reise gjennom 24 tonearter, kvintsirkelen rundt. V\u00e5r hovedperson befinner seg i en vanskelig situasjon; han venter p\u00e5 en nevrologisk diagnose. Midt p\u00e5 dagen tumler han ut i Greenwich Park der han slynges ut i en kaleidoskopisk reise til alle de 24 tidssonene, en for hver femtende lengdegrad. Utgivelsen inneholder hele Jostein Gaarders tekst p\u00e5 norsk og engelsk.<\/p>\n<h4>Musikken til Equinox har allerede f\u00e5tt en str\u00e5lende mottakelse:<\/h4>\n<p>\u2013 Violinist-composer Henning Kraggerud\u2019s booklet biography describes him as \u2018an artist of exquisite musicianship\u2019 and that\u2019s not hyperbole. Hearing him play as a Prom encore the tenth of his 24 &#8216;Postludes in All Keys&#8217; &#8230; opened a window on a magical world &#8230; [the music] is endlessly resourceful and surprising &#8230; from meditation to lopsided dance, it is extraordinary. I can&#8217;t wait to hear the whole thing in action. [ 5 stars David Nice \/ BBC Music Magazine]<br \/>\n\u2013 Henning Kraggerud\u2026 shows in a masterly way the universality of the language of music&#8230; These short compositions create the perfect connection between contemporary musical language and a classical artistic form and concept\u2026. We are presented with a great work, rich in different stylistic and artistic aspects, but at the same time containing very diverse emotional layers.\u201d [5 stars Muzyka 21]<br \/>\n\u2013 Kraggerud sticks firmly to a lush, late-Romantic idiom and delivers a beautifully clean, superbly articulated performance of his self-composed solo line throughout, full of character and wit. [David Kettle \/ The Strad]<\/p>\n<p><\/p>","protected":false},"excerpt":{"rendered":"<p>N\u00e5 kan vi f\u00f8lge hele reisen \u2013 med den fantastiske musikken og lesningene til den britiske skuespilleren Simon Callow.<\/p>\n","protected":false},"featured_media":37087,"comment_status":"closed","ping_status":"open","template":"","meta":[],"product_brand":[],"product_cat":[180],"product_tag":[],"class_list":{"0":"post-37086","1":"product","2":"type-product","3":"status-publish","4":"has-post-thumbnail","6":"product_cat-simax-classics","7":"product_shipping_class-cddvd-shipping","8":"uni_artist_tag-arctic-philharmonic-chamber-orchestra","9":"uni_artist_tag-henning-kraggerud","10":"uni_artist_tag-sean-lewis","11":"uni_artist_tag-simon-callow","12":"uni_main_artist_tag-henning-kraggerud","13":"uni_artist_genre-audio-book","14":"uni_artist_genre-classical","16":"first","17":"instock","18":"taxable","19":"shipping-taxable","20":"purchasable","21":"product-type-simple"},"_links":{"self":[{"href":"https:\/\/grappa.no\/no\/wp-json\/wp\/v2\/product\/37086","targetHints":{"allow":["GET"]}}],"collection":[{"href":"https:\/\/grappa.no\/no\/wp-json\/wp\/v2\/product"}],"about":[{"href":"https:\/\/grappa.no\/no\/wp-json\/wp\/v2\/types\/product"}],"replies":[{"embeddable":true,"href":"https:\/\/grappa.no\/no\/wp-json\/wp\/v2\/comments?post=37086"}],"wp:featuredmedia":[{"embeddable":true,"href":"https:\/\/grappa.no\/no\/wp-json\/wp\/v2\/media\/37087"}],"wp:attachment":[{"href":"https:\/\/grappa.no\/no\/wp-json\/wp\/v2\/media?parent=37086"}],"wp:term":[{"taxonomy":"product_brand","embeddable":true,"href":"https:\/\/grappa.no\/no\/wp-json\/wp\/v2\/product_brand?post=37086"},{"taxonomy":"product_cat","embeddable":true,"href":"https:\/\/grappa.no\/no\/wp-json\/wp\/v2\/product_cat?post=37086"},{"taxonomy":"product_tag","embeddable":true,"href":"https:\/\/grappa.no\/no\/wp-json\/wp\/v2\/product_tag?post=37086"}],"curies":[{"name":"wp","href":"https:\/\/api.w.org\/{rel}","templated":true}]}}