{"id":37059,"date":"2019-09-27T00:00:00","date_gmt":"2019-09-26T23:00:00","guid":{"rendered":"https:\/\/grappa.no\/no\/albums\/ukategorisert\/arbi\/"},"modified":"2019-09-27T10:54:06","modified_gmt":"2019-09-27T09:54:06","slug":"arbi","status":"publish","type":"product","link":"https:\/\/grappa.no\/no\/albums\/heilo\/arbi\/","title":{"rendered":"\u00c1rbi"},"content":{"rendered":"<p><\/p>\n<p>Den allsidige gitaristen Frode Barth har sl\u00e5tt seg sammen med joikeren Ellen A. Oskal-Spein p\u00e5 dette albumet som inneholder kun personjoik. Medvirkende er ogs\u00e5 de anerkjente musikerne Manu Katch\u00e9, Palle Mikkelborg, Trygve Seim og Anders R\u00f8yne. Her f\u00e5r man tradisjonell joik innpakket i elementer fra rock, jazz, pop og samtidsmusikk.<br \/>\nBarth og Oskal-Spein skal snart p\u00e5 omfattende turn\u00e9 i Russland der de skal spille konserter og gi workshoper sammen med musikere fra russiske minoriteter. Tidligere i h\u00f8st spilte de under Transform &#8211; Trondheim World Music Festival med konsert p\u00e5 Byscenen.<\/p>\n<p><!--more--><\/p>\n<h4>Personsjoik<\/h4>\n<p>En joik er en samisk form for sang som tradisjonelt synges a cappella. Det er en av de eldste levende musikktradisjonene i Europa, og er folkemusikken til det samiske folket i Lappland. Regionen strekker seg over fire land: Norge, Sverige, Finland og Russland.<\/p>\n<p>I de nordlige samiske omr\u00e5dene er de fleste joikene personlige, det vil si at de er knyttet til en bestemt person, et dyr eller et landskap. P\u00e5 dette albumet finner du utelukkende personifiserte joiker. Hver joik b\u00e6rer navnet p\u00e5 personen den er dedikert til. En joik er dypt personlig og \u00e5ndelig i sin natur og regnes som den fineste gaven en person kan motta.<\/p>\n<h4>Tradisjonell joik m\u00f8ter rock, jazz, pop og samtidsmusikk<\/h4>\n<p>Ellen A. Oskal-Spein vokste opp i en familie med en sterk joiketradisjon. Hun har vunnet samisk Grand Prix, en konkurranse som best\u00e5r av to separate deler: en joikedel og en sangdel. Hun er en ut\u00f8ver med et kraftfullt uttrykk. Frode Barth har i samspill med henne tilf\u00f8rt sin egen musikalske verden med sin allsidige bakgrunn fra en rekke sjangre som rock, jazz, pop og samtidsmusikk.<\/p>\n<p>\u00ab\u00c5 lage dette albumet har v\u00e6rt en stor glede, og jeg er veldig takknemlig for de suverene musikerne som har beriket innspillingen med sine ideer og improvisasjoner. Resultatet har blitt noe nytt og spennende bygget p\u00e5 en lang og rik tradisjon. Joik som musikktradisjon har overlevd fordi den har tidl\u00f8se kvaliteter\u00bb, sier Frode Barth. <\/p>\n<p>Albumet inneholder 13 komposisjoner. De fleste joikemelodiene og tekstene er laget av Ellen A.Oskal-Spein. All musikk er komponert og arrangert med utvidede bidrag fra Frode Barth.<\/p>\n<h4><\/h4>\n<\/p>\n<p><\/p>","protected":false},"excerpt":{"rendered":"<p>Personjoik i variert innpakning<\/p>\n","protected":false},"featured_media":37060,"comment_status":"closed","ping_status":"open","template":"","meta":[],"product_brand":[],"product_cat":[35],"product_tag":[],"class_list":{"0":"post-37059","1":"product","2":"type-product","3":"status-publish","4":"has-post-thumbnail","6":"product_cat-heilo","7":"product_shipping_class-cddvd-shipping","8":"uni_artist_tag-ellen-oskal","9":"uni_artist_tag-frode-barth","10":"uni_artist_genre-folk-music","11":"uni_artist_genre-traditional","12":"uni_artist_genre-world-music","14":"first","15":"instock","16":"taxable","17":"shipping-taxable","18":"purchasable","19":"product-type-simple"},"_links":{"self":[{"href":"https:\/\/grappa.no\/no\/wp-json\/wp\/v2\/product\/37059","targetHints":{"allow":["GET"]}}],"collection":[{"href":"https:\/\/grappa.no\/no\/wp-json\/wp\/v2\/product"}],"about":[{"href":"https:\/\/grappa.no\/no\/wp-json\/wp\/v2\/types\/product"}],"replies":[{"embeddable":true,"href":"https:\/\/grappa.no\/no\/wp-json\/wp\/v2\/comments?post=37059"}],"wp:featuredmedia":[{"embeddable":true,"href":"https:\/\/grappa.no\/no\/wp-json\/wp\/v2\/media\/37060"}],"wp:attachment":[{"href":"https:\/\/grappa.no\/no\/wp-json\/wp\/v2\/media?parent=37059"}],"wp:term":[{"taxonomy":"product_brand","embeddable":true,"href":"https:\/\/grappa.no\/no\/wp-json\/wp\/v2\/product_brand?post=37059"},{"taxonomy":"product_cat","embeddable":true,"href":"https:\/\/grappa.no\/no\/wp-json\/wp\/v2\/product_cat?post=37059"},{"taxonomy":"product_tag","embeddable":true,"href":"https:\/\/grappa.no\/no\/wp-json\/wp\/v2\/product_tag?post=37059"}],"curies":[{"name":"wp","href":"https:\/\/api.w.org\/{rel}","templated":true}]}}