{"id":37027,"date":"2019-09-20T00:00:00","date_gmt":"2019-09-19T23:00:00","guid":{"rendered":"https:\/\/grappa.no\/no\/albums\/ukategorisert\/songs-for-harmonica\/"},"modified":"2020-01-10T12:14:08","modified_gmt":"2020-01-10T11:14:08","slug":"songs-for-harmonica","status":"publish","type":"product","link":"https:\/\/grappa.no\/no\/albums\/simax-classics\/songs-for-harmonica\/","title":{"rendered":"Songs for harmonica"},"content":{"rendered":"<p><\/p>\n<p>Dr\u00f8mmende munnspillmusikk fra Sigmund Groven.<\/p>\n<p>Fra munnspillets store ambassad\u00f8r og mester Sigmund Groven kommer et album med melodi\u00f8s musikk skrevet av Kristian Lindeman. I samspill med Grovens n\u00e6re medarbeider gjennom over 30 \u00e5r, Ivar Anton Waagaard, presenterer de vakre melodier med raffinert harmonisering. Groven fremf\u00f8rer de dr\u00f8mmende melodiene med en inderlighet og letthet som har skapt hans internasjonale karriere. Munnspillet og pianoet omfavner hverandre p\u00e5 en m\u00e5te som bare 30 \u00e5r med samarbeid kan fremkalle.<\/p>\n<p><!--more--><\/p>\n<p>Fra munnspillets store ambassad\u00f8r og mester Sigmund Groven kommer et album med melodi\u00f8s musikk skrevet av Kristian Lindeman. I samspill med Grovens n\u00e6re medarbeider gjennom over 30 \u00e5r, Ivar Anton Waagaard, presenterer de vakre melodier med raffinert harmonisering. Groven fremf\u00f8rer de dr\u00f8mmende melodiene med en inderlighet og letthet som har skapt hans internasjonale karriere. Munnspillet og pianoet omfavner hverandre p\u00e5 en m\u00e5te som bare 30 \u00e5r med samarbeid kan fremkalle. <\/p>\n<p>Albumet lanseres med en konsert p\u00e5 Nasjonalbiblioteket 28. september, Sigmund Groven reiser s\u00e5 videre til London 1. oktober og turn\u00e9 i S\u00f8r-Korea 20.-27. oktober.<\/p>\n<h4>Sigmund Groven<\/h4>\n<p>I f\u00f8lge med munnspillet sitt har Sigmund Groven gjort stor internasjonale karriere.  Hans solistkarriere spenner fra listeplasseringer i S\u00f8r-Korea til prestisjefylte solistoppdrag i New Yorks Carnegie Hall, konserthusene i Tokyo og Hong Kong, og Mozarteum i Salzburg, samt med orkestre som Academy of St.Martin-in-the-Fields,  Rotterdam Filharmoniske Orkester, Hong Kong Kammerorkester og en rekke orkestre i USA og Canada. Etter en konsert med symfoniorkestret i Dallas ble han utnevnt til \u00e6resborger av Texas.<br \/>\nKonserten hans ved Festspillene i Budapest i 2005 ble betegnet som et h\u00f8ydepunkt i festivalens 25-\u00e5rige historie, og h\u00f8sten 2013 var han p\u00e5 turn\u00e9 i Ungarn med Budapest Kammerorkester. I 2019 har han en rekke konserter som solist med diverse symfoniorkestre i Ungarn, egen konsert i Singapore, samt ny turn\u00e9 i S\u00f8r-Korea, den sjette i rekken siden 2012.<br \/>\nGroven er tildelt en lang rekke norske og internasjonale musikkpriser gjennom \u00e5rene, og i 2015 ble han utnevnt til Ridder av 1.klasse av Den kongelige norske St.Olavs Orden.<\/p>\n<h4><\/h4>\n<p><h4><\/h4>\n<\/p>\n<p><\/p>","protected":false},"excerpt":{"rendered":"<p>Munnspillet og pianoet omfavner hverandre p\u00e5 en m\u00e5te som bare 30 \u00e5r med samarbeid kan fremkalle.<\/p>\n","protected":false},"featured_media":37028,"comment_status":"closed","ping_status":"open","template":"","meta":[],"product_brand":[],"product_cat":[180],"product_tag":[],"class_list":{"0":"post-37027","1":"product","2":"type-product","3":"status-publish","4":"has-post-thumbnail","6":"product_cat-simax-classics","7":"product_shipping_class-cddvd-shipping","8":"uni_artist_tag-helge-lindeman","9":"uni_artist_tag-ivar-anton-waagaard","10":"uni_artist_tag-kristian-lindeman","11":"uni_artist_tag-morten-hermansen","12":"uni_artist_tag-sigmund-groven","13":"uni_main_artist_tag-sigmund-groven","14":"uni_artist_genre-classical","15":"uni_artist_genre-easy-listening","17":"first","18":"instock","19":"taxable","20":"shipping-taxable","21":"purchasable","22":"product-type-simple"},"_links":{"self":[{"href":"https:\/\/grappa.no\/no\/wp-json\/wp\/v2\/product\/37027","targetHints":{"allow":["GET"]}}],"collection":[{"href":"https:\/\/grappa.no\/no\/wp-json\/wp\/v2\/product"}],"about":[{"href":"https:\/\/grappa.no\/no\/wp-json\/wp\/v2\/types\/product"}],"replies":[{"embeddable":true,"href":"https:\/\/grappa.no\/no\/wp-json\/wp\/v2\/comments?post=37027"}],"wp:featuredmedia":[{"embeddable":true,"href":"https:\/\/grappa.no\/no\/wp-json\/wp\/v2\/media\/37028"}],"wp:attachment":[{"href":"https:\/\/grappa.no\/no\/wp-json\/wp\/v2\/media?parent=37027"}],"wp:term":[{"taxonomy":"product_brand","embeddable":true,"href":"https:\/\/grappa.no\/no\/wp-json\/wp\/v2\/product_brand?post=37027"},{"taxonomy":"product_cat","embeddable":true,"href":"https:\/\/grappa.no\/no\/wp-json\/wp\/v2\/product_cat?post=37027"},{"taxonomy":"product_tag","embeddable":true,"href":"https:\/\/grappa.no\/no\/wp-json\/wp\/v2\/product_tag?post=37027"}],"curies":[{"name":"wp","href":"https:\/\/api.w.org\/{rel}","templated":true}]}}