{"id":37006,"date":"2019-08-02T00:00:00","date_gmt":"2019-08-01T23:00:00","guid":{"rendered":"https:\/\/grappa.no\/no\/albums\/ukategorisert\/tolv-bla\/"},"modified":"2023-12-04T11:50:00","modified_gmt":"2023-12-04T10:50:00","slug":"tolv-bla","status":"publish","type":"product","link":"https:\/\/grappa.no\/no\/albums\/grappa\/tolv-bla\/","title":{"rendered":"Tolv bl\u00e5"},"content":{"rendered":"<p><\/p>\n<p>Vold &amp; Virud &#8211; Tolv Bl\u00e5  TOLV BL\u00c5 \u2013 hva betyr det? Det betyr: Tolv diktere i bl\u00e5tt, norske diktere i afroamerikanske bl\u00e5toner, fremf\u00f8rt av Vold &amp; Virud, som i over f\u00f8rti \u00e5r samlet seg om trubaduren Bob Dylan \u2013 n\u00e5 g\u00e5r vi til hjemlig mark og tar for oss dikt fra Petter Dass til i dag, i fellesskap med Baard Slagsvold &amp; Stig Sj\u00f8str\u00f8m.<\/p>\n<p><!--more--><\/p>\n<p>TOLV BL\u00c5 \u2013 hva betyr det?<\/p>\n<h4>300 \u00e5r med poesi<\/h4>\n<p>Vold &amp; Virud skritter gjennom \u00e5rhundrene og begynner med han som var predikant p\u00e5 1600-tallet, koblet til jazzl\u00e5ta \u00abThe Preacher\u00bb av Horace Silver \u2013 dermed var utgangspunktet gitt; De gj\u00f8r gospel av Petter Dass! Fortsettelse f\u00f8lger: Johan Herman Wessel fra 1700-tallet, Henrik Wergeland og Henrik Ibsen fra 1800-tallet, fram til Herman Wildenvey, Rolf Jacobsen og de andre moderne \u2013 tilsammen et 300-\u00e5rs album med levende norsk poesi.   Jan Erik Vold og K\u00e5re Virud har turnert med dette programmet i flere \u00e5r, f\u00f8rst under tittelen \u00abNorske klassikere fra Petter Dass til i dag\u00bb. De musikalske l\u00f8sningene har arbeidet seg fram underveis. Slagsvold synger sin egen tone til Johan Herman Wessels \u00abHerremanden\u00bb, slik Virud gj\u00f8r det til Inger Hagerups \u00abD\u00f8den forteller om sin plan med byen Venedig\u00bb &#8211; de to har st\u00e5tt for musikken p\u00e5 plata, gjerne i fellesskap.<\/p>\n<h4><\/h4>\n<p><h4><\/h4>\n<\/p>\n<p><\/p>","protected":false},"excerpt":{"rendered":"<p>Tolv diktere i bl\u00e5tt, norske diktere i afroamerikanske bl\u00e5toner, fremf\u00f8rt av Vold &amp; Virud<\/p>\n","protected":false},"featured_media":36771,"comment_status":"closed","ping_status":"closed","template":"","meta":[],"product_brand":[],"product_cat":[6],"product_tag":[],"class_list":{"0":"post-37006","1":"product","2":"type-product","3":"status-publish","4":"has-post-thumbnail","6":"product_cat-grappa","7":"product_shipping_class-cddvd-shipping","8":"uni_artist_genre-blues","9":"uni_artist_genre-norwegian-lyrics","11":"first","12":"outofstock","13":"taxable","14":"shipping-taxable","15":"purchasable","16":"product-type-variable","17":"has-default-attributes"},"_links":{"self":[{"href":"https:\/\/grappa.no\/no\/wp-json\/wp\/v2\/product\/37006","targetHints":{"allow":["GET"]}}],"collection":[{"href":"https:\/\/grappa.no\/no\/wp-json\/wp\/v2\/product"}],"about":[{"href":"https:\/\/grappa.no\/no\/wp-json\/wp\/v2\/types\/product"}],"replies":[{"embeddable":true,"href":"https:\/\/grappa.no\/no\/wp-json\/wp\/v2\/comments?post=37006"}],"wp:featuredmedia":[{"embeddable":true,"href":"https:\/\/grappa.no\/no\/wp-json\/wp\/v2\/media\/36771"}],"wp:attachment":[{"href":"https:\/\/grappa.no\/no\/wp-json\/wp\/v2\/media?parent=37006"}],"wp:term":[{"taxonomy":"product_brand","embeddable":true,"href":"https:\/\/grappa.no\/no\/wp-json\/wp\/v2\/product_brand?post=37006"},{"taxonomy":"product_cat","embeddable":true,"href":"https:\/\/grappa.no\/no\/wp-json\/wp\/v2\/product_cat?post=37006"},{"taxonomy":"product_tag","embeddable":true,"href":"https:\/\/grappa.no\/no\/wp-json\/wp\/v2\/product_tag?post=37006"}],"curies":[{"name":"wp","href":"https:\/\/api.w.org\/{rel}","templated":true}]}}