{"id":370,"date":"1995-04-17T00:00:00","date_gmt":"1995-04-16T23:00:00","guid":{"rendered":"http:\/\/www.grappa.no\/albums\/uncategorized\/thoresen-valen-piano-music\/"},"modified":"2019-02-22T15:39:13","modified_gmt":"2019-02-22T14:39:13","slug":"thoresen-valen-piano-music","status":"publish","type":"product","link":"https:\/\/grappa.no\/no\/albums\/simax-classics\/thoresen-valen-piano-music\/","title":{"rendered":"Thoresen &amp; Valen Piano Music"},"content":{"rendered":"<p><\/p>\n<p>Tung tradisjon og skapende frihet<\/p>\n<p>Denne platen femviser to sentrale norske komponisters m\u00f8te med klaveret \u2013 en dokumentasjon av hvordan de har f\u00e5tt instrumentet til \u00e5 samarbeide med deres musikalske intensjoner p\u00e5 en vellykket m\u00e5te. For b\u00e5de Valen (1887-1952) og Thoresen (f. 1949) er klaveret deres n\u00e6rmeste instrument, men alikevel er ikke soloverkene mange i deres verklister. Det er som komponister i de st\u00f8rre formatene at de har posisjonert seg i det norske musikklandskapet. Men i lys av dette er disse soloverkene meget interessante, som komprimerte og like viktige estetiske arbeider. Rensket vekk fra instrumentasjonens utvendige eleganse og maskeringskunst, blir essensen i deres komponissjonsarbeid n\u00e5del\u00f8st meilslet ut.<\/p>\n<p><!--more--><\/p>\n<h4><\/h4>\n<\/p>\n<h4><\/h4>\n<p><h4><\/h4>\n<\/p>\n<p><\/p>","protected":false},"excerpt":{"rendered":"","protected":false},"featured_media":27557,"comment_status":"closed","ping_status":"open","template":"","meta":[],"product_brand":[],"product_cat":[180],"product_tag":[],"class_list":{"0":"post-370","1":"product","2":"type-product","3":"status-publish","4":"has-post-thumbnail","6":"product_cat-simax-classics","7":"product_shipping_class-cddvd-shipping","8":"uni_artist_tag-fartein-valen","9":"uni_artist_tag-lasse-thoresen","10":"uni_artist_tag-tore-simonsen","11":"uni_artist_tag-torleif-torgersen","12":"uni_main_artist_tag-torleif-torgersen","13":"uni_artist_genre-contemporary-music","14":"uni_artist_genre-piano","16":"first","17":"instock","18":"taxable","19":"shipping-taxable","20":"purchasable","21":"product-type-simple"},"_links":{"self":[{"href":"https:\/\/grappa.no\/no\/wp-json\/wp\/v2\/product\/370","targetHints":{"allow":["GET"]}}],"collection":[{"href":"https:\/\/grappa.no\/no\/wp-json\/wp\/v2\/product"}],"about":[{"href":"https:\/\/grappa.no\/no\/wp-json\/wp\/v2\/types\/product"}],"replies":[{"embeddable":true,"href":"https:\/\/grappa.no\/no\/wp-json\/wp\/v2\/comments?post=370"}],"wp:featuredmedia":[{"embeddable":true,"href":"https:\/\/grappa.no\/no\/wp-json\/wp\/v2\/media\/27557"}],"wp:attachment":[{"href":"https:\/\/grappa.no\/no\/wp-json\/wp\/v2\/media?parent=370"}],"wp:term":[{"taxonomy":"product_brand","embeddable":true,"href":"https:\/\/grappa.no\/no\/wp-json\/wp\/v2\/product_brand?post=370"},{"taxonomy":"product_cat","embeddable":true,"href":"https:\/\/grappa.no\/no\/wp-json\/wp\/v2\/product_cat?post=370"},{"taxonomy":"product_tag","embeddable":true,"href":"https:\/\/grappa.no\/no\/wp-json\/wp\/v2\/product_tag?post=370"}],"curies":[{"name":"wp","href":"https:\/\/api.w.org\/{rel}","templated":true}]}}