{"id":36991,"date":"2019-09-27T00:00:00","date_gmt":"2019-09-26T23:00:00","guid":{"rendered":"https:\/\/grappa.no\/no\/albums\/ukategorisert\/mahler-symphony-no-3\/"},"modified":"2024-03-18T14:51:45","modified_gmt":"2024-03-18T13:51:45","slug":"mahler-symphony-no-3","status":"publish","type":"product","link":"https:\/\/grappa.no\/no\/albums\/simax-classics\/mahler-symphony-no-3\/","title":{"rendered":"Mahler Symphony No. 3"},"content":{"rendered":"<p><\/p>\n<p>Den siste innspillingen med OFO og Mariss Jansons i hans tid som sjefdirigent.<\/p>\n<p>Perioden 1979 &#8211; 2002 var en sammenhengende kunstnerisk opptur for landets fremste orkester. Oslo Filharmoniske Orkester og Mariss Jansons gjorde syvmilssteg med m\u00e5lrettet arbeid innenfor den sentrale orkesterlitteraturen i denne perioden. Og i sesong\u00e5pningen 24. august 2001 stod igjen en av de virkelig store symfoniene p\u00e5 programmet: Mahler 3. Med Randi Stene og S\u00f8lvguttene p\u00e5 plass ble dette en virkelig stor aften \u2013 n\u00e5 tilgjengelig p\u00e5 CD i forbindelse med Oslo-filharmoniens 100-\u00e5rs jubileum.<\/p>\n<p>Dette var en konsert med Jansons og orkesteret i virkelig storslag \u2013 i repertoar som l\u00e5 dem n\u00e6r. Senere skulle han bli tildelt den h\u00f8ythengende Toblacher Preiz for utgivelsen av Mahlers 1. og 9. symfoni sammen med OFO, en \u00e6re Mariss selv satt meget h\u00f8yt.<\/p>\n<p><!--more--><\/p>\n<p>Perioden 1979 &#8211; 2002 var en sammenhengende kunstnerisk opptur for landets fremste orkester. Oslo Filharmoniske Orkester og Mariss Jansons gjorde syvmilssteg med m\u00e5lrettet arbeid innenfor den sentrale orkesterlitteraturen i denne perioden. Og i sesong\u00e5pningen 24. august 2001 stod igjen en av de virkelig store symfoniene p\u00e5 programmet: Mahler 3. Med Randi Stene og S\u00f8lvguttene p\u00e5 plass ble dette en virkelig stor aften \u2013 n\u00e5 tilgjengelig p\u00e5 CD i forbindelse med Oslo-filharmoniens 100-\u00e5rs jubileum.<\/p>\n<h4>M\u00f8tet mellom m\u00e5lrettet besluttsomhet og trofasthet \u2013 Mariss og Oslo-filharmonien<\/h4>\n<p>P\u00e5 terskelen av sin karriere som internasjonal dirigent midt p\u00e5 1970-tallet fant Jansons et orkester som hadde et stort potensiale i Oslo, et orkester som var villig til \u00e5 legge inn tiden og arbeidet som trengtes for \u00e5 realisere sine visjoner. Orkesteret p\u00e5 sin side fant en kommende stjerne med et \u00f8nske om \u00e5 bygge orkesteret opp, slik at de sammen kunne hevde seg blant Europas fremste orkestre. Utviklingen Oslo Filharmoniske Orkester og Mariss Jansons sammen hadde i \u00e5rene med Jansons som sjefsdirigent hentes gjerne frem som kroneksempelet p\u00e5 hva et lykketreff av en match mellom dirigent og orkester bety for begge.<\/p>\n<h4>Dagbladets anmelder skrev etter konserten:<\/h4>\n<p>\u2013 hva vi fikk h\u00f8re i Oslo Konserthus sist uke var nettopp en framf\u00f8ring der dirigent og orkester fikk musikken til \u00e5 tale p\u00e5 egne vegne, der den stiger opp som fra et g\u00e5tefullt dyp og ikler seg gjenkjennelige skikkelser, f\u00f8r den brister og st\u00e5r fram som noe helt annet.<br \/>\n\u2013 den gradvise avklaringen i den store finalen h\u00f8rer til \u00f8yeblikk som vi kommer til \u00e5 huske, lenge etter at Mariss Jansons tid med orkestret skal regnes som fortid &#8211; og fordums glans.<\/p>\n<h4><\/h4>\n<p><\/p>","protected":false},"excerpt":{"rendered":"<p>Den siste innspillingen i Mariss Jansons 22 \u00e5r lange periode som sjefdirigent for Oslo Filharmoniske Orkester er endelig tilgjengelig.<\/p>\n","protected":false},"featured_media":36992,"comment_status":"closed","ping_status":"closed","template":"","meta":[],"product_brand":[],"product_cat":[180],"product_tag":[],"class_list":{"0":"post-36991","1":"product","2":"type-product","3":"status-publish","4":"has-post-thumbnail","6":"product_cat-simax-classics","7":"product_shipping_class-cddvd-shipping","8":"uni_artist_tag-gustav-mahler","9":"uni_artist_tag-krzysztof-drab","10":"uni_artist_tag-mariss-jansons","11":"uni_artist_tag-oslo-philharmonic-choir","12":"uni_artist_tag-oslo-philharmonic-orchestra","13":"uni_artist_tag-randi-stene","14":"uni_artist_tag-solvguttene","15":"uni_main_artist_tag-mariss-jansons","16":"uni_artist_genre-choir","17":"uni_artist_genre-orchestral","19":"first","20":"outofstock","21":"taxable","22":"shipping-taxable","23":"purchasable","24":"product-type-simple"},"_links":{"self":[{"href":"https:\/\/grappa.no\/no\/wp-json\/wp\/v2\/product\/36991","targetHints":{"allow":["GET"]}}],"collection":[{"href":"https:\/\/grappa.no\/no\/wp-json\/wp\/v2\/product"}],"about":[{"href":"https:\/\/grappa.no\/no\/wp-json\/wp\/v2\/types\/product"}],"replies":[{"embeddable":true,"href":"https:\/\/grappa.no\/no\/wp-json\/wp\/v2\/comments?post=36991"}],"wp:featuredmedia":[{"embeddable":true,"href":"https:\/\/grappa.no\/no\/wp-json\/wp\/v2\/media\/36992"}],"wp:attachment":[{"href":"https:\/\/grappa.no\/no\/wp-json\/wp\/v2\/media?parent=36991"}],"wp:term":[{"taxonomy":"product_brand","embeddable":true,"href":"https:\/\/grappa.no\/no\/wp-json\/wp\/v2\/product_brand?post=36991"},{"taxonomy":"product_cat","embeddable":true,"href":"https:\/\/grappa.no\/no\/wp-json\/wp\/v2\/product_cat?post=36991"},{"taxonomy":"product_tag","embeddable":true,"href":"https:\/\/grappa.no\/no\/wp-json\/wp\/v2\/product_tag?post=36991"}],"curies":[{"name":"wp","href":"https:\/\/api.w.org\/{rel}","templated":true}]}}