{"id":36986,"date":"2014-11-28T00:00:00","date_gmt":"2014-11-27T23:00:00","guid":{"rendered":"https:\/\/grappa.no\/no\/albums\/ukategorisert\/45-ar-45-later\/"},"modified":"2019-09-11T09:34:05","modified_gmt":"2019-09-11T08:34:05","slug":"45-ar-45-later","status":"publish","type":"product","link":"https:\/\/grappa.no\/no\/albums\/grappa\/45-ar-45-later\/","title":{"rendered":"45 \u00e5r &#8211; 45 l\u00e5ter"},"content":{"rendered":"<p><\/p>\n<p>Kjell Vidars : 45 \u00e5r &#8211; 45 l\u00e5ter<\/p>\n<p>Kjell Vidars ble dannet p\u00e5 Hadeland i 1969 av Kjell Bj\u00f8rklund og Ole Vidar Lien. Gruppen platedebuterte i 1973 med en hyllest-plate til \u00abGluntan\u00bb, der de tolket 18 kjente sanger fra dette bandets repertoar. Platen solgte mer enn 25000 eksemplarer, noe som ga Kjell Vidars det f\u00f8rste av mange s\u00f8lvplatetrofeer.<br \/>\nMange av sangene til Kjell Vidars ble gjengangere p\u00e5 Norsktoppen, hvor de fikk til sammen, 25 f\u00f8rsteplasser, og i januar 1977 ble \u00abGuitar boogie\u00bb nummer \u00e9n p\u00e5 Europatoppen. I l\u00f8pet av sin lange karriere solgte Kjell Vidars mer enn 600 000 plater.<br \/>\nHer er samleplaten Kjell Vidars \u00ab45 \u00e5r \u2013 45 l\u00e5ter\u00bb<\/p>\n<p><!--more--><\/p>\n<p>1969 p\u00e5 Hadeland var \u00e5ret da Kjell Vidars ble dannet av Kjell Bj\u00f8rklund og Ole Vidar Lien. Gruppen platedebuterte i 1973 med en hyllest-plate til \u00abGluntan\u00bb, der de tolket 18 kjente sanger fra dette bandets repertoar. Platen solgte mer enn 25000 eksemplarer, noe som ga Kjell Vidars det f\u00f8rste av mange s\u00f8lvplatetrofeer.<\/p>\n<h4>Historien<\/h4>\n<p>&quot;\u00c5ret var 1970. Kjell Vidars hadde eksistert i ett \u00e5r, og vi var p\u00e5 vei til Oslo i en bl\u00e5, 1956 modell VW varevogn. Vi skulle spille p\u00e5 Club Peder i L\u00e6rerinnelagets Hus. Vi hadde spilt en gang tidligere p\u00e5 stedet og hadde beregnet litt god tid, da det var ganske langt \u00e5 b\u00e6re inn alt utstyret fra gata, ned noen lange trapper og inn i lokalene til Club Peder. Da vi svingte ned St. Olavsgate, sto det mange mennesker p\u00e5 fortauet, og da vi deretter svingte inn i Peder Clausons gate, var gata full av mennesker. Vi trodde det m\u00e5tte ha skjedd noe &#8211; en ulykke kanskje? Men nei, det var publikum som sto i k\u00f8 og skulle inn p\u00e5 dans denne kvelden! Det var stuvende fullt hus og stor stemning hele kvelden. Etter tredje \u00f8kta, kom en velkledd herre med stor bart opp til scenen, leverte privatkortet sitt og sa: \u00abRing meg p\u00e5 mandag\u00bb. Mannen med bart var Lasse Hovd, tidligere artist i \u00abThe Key Brothers\u00bb, tekstforfatter og plateprodusent. Han jobbet hos J\u00f8rg Fr. Ellertsen i Troll Records. Kjell Vidars fikk platekontrakt og ble valgt som band i \u00abSommerens Stjerneshow\u00bb i 1971! Resten er historie.&quot;- Ole Vidar Lien, 2014<\/p>\n<h4>VG-lista og Europatoppen<\/h4>\n<p>Menyen var den samme som ble brukt p\u00e5 alle etterf\u00f8lgende plater: utenlandske slagere med norske tekster, samt enkelte l\u00e5ter levert av norske artister. To av LPene n\u00e5dde Topp 15 p\u00e5 VG-lista: Kjell Vidars &#8230;igjen og Kjell Vidars 5. Mange av sangene ble gjengangere p\u00e5 Norsktoppen hvor de fikk til sammen 25 f\u00f8rsteplasser, og i januar 1977 ble \u00abGuitar Boogie\u00bb nummer \u00e9n p\u00e5 Europatoppen.<br \/>\nGruppen klarte ogs\u00e5 \u00e5 oppn\u00e5 en viss popularitet i Sverige, der de ble omtalt som \u00abNorges mest s\u00e4ljande dansband\u00bb. Besetningen var stabil helt frem til 1979, da Jan Tore Iversen (trommer) erstattet \u00d8ystein Hvalby. Tre \u00e5r senere hadde ogs\u00e5 Arne St\u00f8en og \u00d8yvind Lysenst\u00f8en gitt seg. Nye medlemmer ble Terje Eriksen (vokal, keyboards) og Asbj\u00f8rn Furulund (vokal, gitar). Kjell Vidars ble redusert til en kvartett i 1984 da Furulund ga seg. Han kom imidlertid tilbake noen \u00e5r senere, og albumet Kjell Vidars g\u00e5r igjen (1992) ble laget med en besetning best\u00e5ende av Bj\u00f8rklund, Lien, Furulund, Iversen og nykommer \u00d8yvind Myhre (vokal, keyboards).<\/p>\n<h4><\/h4>\n<\/p>\n<p><\/p>","protected":false},"excerpt":{"rendered":"<p>I l\u00f8pet av sin lange karriere solgte Kjell Vidars mer enn 600 000 plater. Her er noen av favorittene, samleplaten; Kjell Vidars \u00ab45 \u00e5r \u2013 45 l\u00e5ter\u00bb<\/p>\n","protected":false},"featured_media":36987,"comment_status":"closed","ping_status":"open","template":"","meta":[],"product_brand":[],"product_cat":[6],"product_tag":[],"class_list":{"0":"post-36986","1":"product","2":"type-product","3":"status-publish","4":"has-post-thumbnail","6":"product_cat-grappa","7":"product_shipping_class-cddvd-shipping","8":"uni_artist_tag-age-haugan","9":"uni_artist_tag-arild-berget","10":"uni_artist_tag-arne-bendiksen","11":"uni_artist_tag-arne-stoen","12":"uni_artist_tag-arthur-kent","13":"uni_artist_tag-arthur-smith","14":"uni_artist_tag-asbjorn-furulund","15":"uni_artist_tag-bengt-sundstrom","16":"uni_artist_tag-benny-borg","17":"uni_artist_tag-bente-frithioff","18":"uni_artist_tag-birger-sjoberg","19":"uni_artist_tag-bruce-welch","20":"uni_artist_tag-carl-christian-boyesen","21":"uni_artist_tag-carl-montgomery","22":"uni_artist_tag-christer-ericsson","23":"uni_artist_tag-chuck-berry","24":"uni_artist_tag-d-mericanto","25":"uni_artist_tag-d-youkon","26":"uni_artist_tag-danny-flowers","27":"uni_artist_tag-earl-green","28":"uni_artist_tag-erik-uppstrom","29":"uni_artist_tag-frank-farian","30":"uni_artist_tag-fredrik-friis","31":"uni_artist_tag-hank-marvin","32":"uni_artist_tag-harry-warren","33":"uni_artist_tag-hasse-carlsson","34":"uni_artist_tag-havard-hovik","35":"uni_artist_tag-helfrid-lambert","36":"uni_artist_tag-ian-tyson","37":"uni_artist_tag-j-hamilton","38":"uni_artist_tag-j-p-richardson","39":"uni_artist_tag-jacob-karlzon","40":"uni_artist_tag-jan-tore-iversen","41":"uni_artist_tag-jeff-lynne","42":"uni_artist_tag-jerry-lordan","43":"uni_artist_tag-jim-fuller","44":"uni_artist_tag-jon-berget","45":"uni_artist_tag-kjell-bjorklund","46":"uni_artist_tag-kjell-vidars","47":"uni_artist_tag-knut-erling-fjell","48":"uni_artist_tag-l-johansen","49":"uni_artist_tag-leif-hemmingsen","50":"uni_artist_tag-lennart-witoslaw","51":"uni_artist_tag-leonard-lipton","52":"uni_artist_tag-m-anderson","53":"uni_artist_tag-m-eikeri","54":"uni_artist_tag-mack-gordon","55":"uni_artist_tag-mats-paulson","56":"uni_artist_tag-ole-bredahl","57":"uni_artist_tag-ole-vidar-lien","58":"uni_artist_tag-oystein-hvalby","59":"uni_artist_tag-oyvind-lysenstoen","60":"uni_artist_tag-oyvind-myhre","61":"uni_artist_tag-pat-conelly","62":"uni_artist_tag-per-gunnar-jensen","63":"uni_artist_tag-peter-yarrow","64":"uni_artist_tag-philip-antony-kruse","65":"uni_artist_tag-ron-wilson","66":"uni_artist_tag-rune-wallebom","67":"uni_artist_tag-stefan-klinkhammer","68":"uni_artist_tag-sylvia-dee","69":"uni_artist_tag-t-olsen","70":"uni_artist_tag-t-torstensson","71":"uni_artist_tag-terje-eriksen","72":"uni_artist_tag-torgny-soderberg","73":"uni_artist_tag-trad","74":"uni_main_artist_tag-kjell-vidars","75":"uni_artist_genre-jazz","76":"uni_artist_genre-poesi","78":"first","79":"instock","80":"taxable","81":"shipping-taxable","82":"purchasable","83":"product-type-simple"},"_links":{"self":[{"href":"https:\/\/grappa.no\/no\/wp-json\/wp\/v2\/product\/36986","targetHints":{"allow":["GET"]}}],"collection":[{"href":"https:\/\/grappa.no\/no\/wp-json\/wp\/v2\/product"}],"about":[{"href":"https:\/\/grappa.no\/no\/wp-json\/wp\/v2\/types\/product"}],"replies":[{"embeddable":true,"href":"https:\/\/grappa.no\/no\/wp-json\/wp\/v2\/comments?post=36986"}],"wp:featuredmedia":[{"embeddable":true,"href":"https:\/\/grappa.no\/no\/wp-json\/wp\/v2\/media\/36987"}],"wp:attachment":[{"href":"https:\/\/grappa.no\/no\/wp-json\/wp\/v2\/media?parent=36986"}],"wp:term":[{"taxonomy":"product_brand","embeddable":true,"href":"https:\/\/grappa.no\/no\/wp-json\/wp\/v2\/product_brand?post=36986"},{"taxonomy":"product_cat","embeddable":true,"href":"https:\/\/grappa.no\/no\/wp-json\/wp\/v2\/product_cat?post=36986"},{"taxonomy":"product_tag","embeddable":true,"href":"https:\/\/grappa.no\/no\/wp-json\/wp\/v2\/product_tag?post=36986"}],"curies":[{"name":"wp","href":"https:\/\/api.w.org\/{rel}","templated":true}]}}