{"id":36984,"date":"2013-09-20T00:00:00","date_gmt":"2013-09-19T23:00:00","guid":{"rendered":"https:\/\/grappa.no\/albums\/uncategorized\/past-increasing-future-receding\/"},"modified":"2019-09-10T10:15:32","modified_gmt":"2019-09-10T09:15:32","slug":"past-increasing-future-receding","status":"publish","type":"product","link":"https:\/\/grappa.no\/no\/albums\/hubro\/past-increasing-future-receding\/","title":{"rendered":"Past increasing future receding"},"content":{"rendered":"<p><\/p>\n<p>Gravkammermusikk<\/p>\n<p>Den s\u00e6regne trioen Huntsville fortsetter \u00e5 imponere p\u00e5 sitt fjerde album \u00abPast increasing  future receding\u00bb. Dette er helt klart deres mest atmosf\u00e6riske og monumentale utgivelse s\u00e5 langt. Ekskursjonen inn i et stadig m\u00f8rkere landskap, som begynte p\u00e5 den kritikerroste LP\u00b4en \u00abFor Flowers, Cars and Merry Wars\u00bb, fortsetter her.  \u00abPast increasing future receding\u00bb ble innspilt i Emanuel Vigelands Maousoleum p\u00e5 Slemdal i Oslo: et dunkelt \u2013 nesten helt m\u00f8rkt, t\u00f8nnehvelvet rom fullstendig dekket av fresker malt av Emanuel Vigeland (1875-1948).  Det s\u00e6regne rommet er etterhvert blitt et mye brukt konsert- og innspillingslokale og Stian Westerhus, Susanne Sundf\u00f8r, Diamanda Galas og Nils \u00d8kland har tidligere gjort konserter og innspillinger i der. Selv den mest forsiktige lyd f\u00e5r en enorm akustisk respons i Maousoleet.  For Huntsville ble rommets overveldende akustikk et slags fjerde medlem i bandet under innspillingen av det nye albumet. Musikken oppleves som mer hypnotisk og billedskapende enn p\u00e5 de tidligere albumene, og krever lytterens fulle oppmerksomhet.<br \/>\nAlbumet ble jobbet frem i l\u00f8pet av tre intense dager samme med lydteknikeren Thomas Hukkelberg. Ogs\u00e5 denne gang har bandet sammen med K\u00e5re Chr Vestrheim (Motorpsycho, Jaga Jazzist) mikset albumet i Propeller Studio.<\/p>\n<p><!--more--><\/p>\n<p>Den s\u00e6regne trioen Huntsville fortsetter \u00e5 imponere p\u00e5 sitt fjerde album \u00abPast increasing future receding\u00bb. Dette er helt klart deres mest atmosf\u00e6riske og monumentale utgivelse s\u00e5 langt. Ekskursjonen inn i et stadig m\u00f8rkere landskap, som begynte p\u00e5 den kritikerroste LP\u00b4en \u00abFor Flowers, Cars and Merry Wars\u00bb, fortsetter her.<\/p>\n<h4>Et fjerde medlem<\/h4>\n<p>Selv den mest forsiktige lyd f\u00e5r en enorm akustisk respons i Maousoleet.  For Huntsville ble rommets overveldende akustikk et slags fjerde medlem i bandet under innspillingen av det nye albumet. Musikken oppleves som mer hypnotisk og billedskapende enn p\u00e5 de tidligere albumene, og krever lytterens fulle oppmerksomhet.  Albumet ble jobbet frem i l\u00f8pet av tre intense dager samme med lydteknikeren Thomas Hukkelberg. Ogs\u00e5 denne gang har bandet sammen med K\u00e5re Chr Vestrheim (Motorpsycho, Jaga Jazzist) mikset albumet i Propeller Studio.<\/p>\n<h4>Konserter<\/h4>\n<p>03.10 Inder\u00f8y Jazzforum<br \/>\n04.10 Nasjonal Jazzscene Victoria, Oslo<br \/>\n05.10 Galleri Vannt\u00e5rnet, Nesodden<br \/>\n07.10 Caf\u00e9 Oto, London \u2013 UK<br \/>\n08.10 Bl\u00e6st, Trondheim<br \/>\n14.10 Konsertserien Lyd, Haugesund<br \/>\n09.11 Bergen Kj\u00f8tt (Action Jazz)<\/p>\n<h4><\/h4>\n<\/p>\n<p><\/p>","protected":false},"excerpt":{"rendered":"<p>Helt klart deres mest atmosf\u00e6riske og monumentale utgivelse s\u00e5 langt.<\/p>\n","protected":false},"featured_media":27373,"comment_status":"closed","ping_status":"open","template":"","meta":[],"product_brand":[],"product_cat":[36],"product_tag":[],"class_list":{"0":"post-36984","1":"product","2":"type-product","3":"status-publish","4":"has-post-thumbnail","6":"product_cat-hubro","7":"product_shipping_class-cddvd-shipping","8":"uni_artist_genre-avantgarde","9":"uni_artist_genre-improvised-music","10":"uni_artist_genre-rock","12":"first","13":"instock","14":"taxable","15":"shipping-taxable","16":"purchasable","17":"product-type-simple"},"_links":{"self":[{"href":"https:\/\/grappa.no\/no\/wp-json\/wp\/v2\/product\/36984","targetHints":{"allow":["GET"]}}],"collection":[{"href":"https:\/\/grappa.no\/no\/wp-json\/wp\/v2\/product"}],"about":[{"href":"https:\/\/grappa.no\/no\/wp-json\/wp\/v2\/types\/product"}],"replies":[{"embeddable":true,"href":"https:\/\/grappa.no\/no\/wp-json\/wp\/v2\/comments?post=36984"}],"wp:featuredmedia":[{"embeddable":true,"href":"https:\/\/grappa.no\/no\/wp-json\/wp\/v2\/media\/27373"}],"wp:attachment":[{"href":"https:\/\/grappa.no\/no\/wp-json\/wp\/v2\/media?parent=36984"}],"wp:term":[{"taxonomy":"product_brand","embeddable":true,"href":"https:\/\/grappa.no\/no\/wp-json\/wp\/v2\/product_brand?post=36984"},{"taxonomy":"product_cat","embeddable":true,"href":"https:\/\/grappa.no\/no\/wp-json\/wp\/v2\/product_cat?post=36984"},{"taxonomy":"product_tag","embeddable":true,"href":"https:\/\/grappa.no\/no\/wp-json\/wp\/v2\/product_tag?post=36984"}],"curies":[{"name":"wp","href":"https:\/\/api.w.org\/{rel}","templated":true}]}}