{"id":36970,"date":"2018-11-23T00:00:00","date_gmt":"2018-11-22T23:00:00","guid":{"rendered":"https:\/\/grappa.no\/no\/albums\/ukategorisert\/kim-myhr-bozzini-quartet-caroline-bergvall-ingar-zach-pressing-clouds-passing-crowds\/"},"modified":"2020-08-21T09:17:35","modified_gmt":"2020-08-21T08:17:35","slug":"kim-myhr-bozzini-quartet-caroline-bergvall-ingar-zach-pressing-clouds-passing-crowds","status":"publish","type":"product","link":"https:\/\/grappa.no\/no\/albums\/hubro\/kim-myhr-bozzini-quartet-caroline-bergvall-ingar-zach-pressing-clouds-passing-crowds\/","title":{"rendered":"Kim Myhr\/Bozzini Quartet\/Caroline Bergvall\/Ingar Zach: Pressing Clouds Passing Crowds"},"content":{"rendered":"<p><\/p>\n<p>Pressing clouds passing crowds.  Gitaristen, komponisten og artisten Kim Myhr ble nominert til den prestisjefulle Nordic Music Prize for sin tidligere Hubro-utgivelse \u201cYou | me\u201d. N\u00e5 har han komponert det enest\u00e5ende musikk og tekst-stykket \u201cpressing clouds passing crowds\u201d p\u00e5 bestilling fra FIMAV-festivalen 2016 (Festival International de Musique Actuelle de Victoriaville) i Quebec, Canada. Medvirkende er Myhr p\u00e5 12-strengsgitar og den feirede, Montreal-baserte strengekvartetten Quatour Bozzini, utvidet med perkusjonist Ingar Zach (Huntsville, Dans les Arbres) og stemmen til poeten Caroline Bergvall som leser sin egen tekst.   \u201dInspirert av \u00e5 m\u00f8te poet Caroline Bergvall i 2015 og musikk av Robert Ashley som jeg h\u00f8rte p\u00e5 p\u00e5 den tiden, ville jeg lage et lengre, sakteg\u00e5ende stykke som sentrerte seg rundt en talende stemme\u201d sier Myhr. \u201dKomposisjonen er i seks deler, men delene blander seg med hverandre slik at de f\u00f8les som en sakte forandrende sinnstilstand.\u201d Resultatet er en triumferende komposisjon hvor musikk og tekst opptrer som ul\u00f8selig bundet opp til hverandre.<\/p>\n<p><!--more--><\/p>\n<p>Gitaristen, komponisten og artisten Kim Myhr ble nominert til den prestisjefulle Nordic Music Prize for sin tidligere Hubro-utgivelse \u201cYou | me\u201d. N\u00e5 har han komponert det enest\u00e5ende musikk og tekst-stykket \u201cpressing clouds passing crowds\u201d p\u00e5 bestilling fra FIMAV-festivalen 2016 (Festival International de Musique Actuelle de Victoriaville) i Quebec, Canada. Medvirkende er Myhr p\u00e5 12-strengsgitar og den feirede, Montreal-baserte strengekvartetten Quatour Bozzini, utvidet med perkusjonist Ingar Zach (Huntsville, Dans les Arbres) og stemmen til poeten Caroline Bergvall som leser sin egen tekst.<\/p>\n<h4><\/h4>\n<\/p>\n<h4><\/h4>\n<p><h4><\/h4>\n<\/p>\n<p><\/p>","protected":false},"excerpt":{"rendered":"<p>En triumferende komposisjon hvor musikk og tekst opptrer som ul\u00f8selig bundet opp til hverandre.<\/p>\n","protected":false},"featured_media":36125,"comment_status":"closed","ping_status":"open","template":"","meta":[],"product_brand":[],"product_cat":[36],"product_tag":[],"class_list":{"0":"post-36970","1":"product","2":"type-product","3":"status-publish","4":"has-post-thumbnail","6":"product_cat-hubro","7":"product_shipping_class-cddvd-shipping","8":"uni_artist_genre-avantgarde","10":"first","11":"instock","12":"taxable","13":"shipping-taxable","14":"purchasable","15":"product-type-variable","16":"has-default-attributes"},"_links":{"self":[{"href":"https:\/\/grappa.no\/no\/wp-json\/wp\/v2\/product\/36970","targetHints":{"allow":["GET"]}}],"collection":[{"href":"https:\/\/grappa.no\/no\/wp-json\/wp\/v2\/product"}],"about":[{"href":"https:\/\/grappa.no\/no\/wp-json\/wp\/v2\/types\/product"}],"replies":[{"embeddable":true,"href":"https:\/\/grappa.no\/no\/wp-json\/wp\/v2\/comments?post=36970"}],"wp:featuredmedia":[{"embeddable":true,"href":"https:\/\/grappa.no\/no\/wp-json\/wp\/v2\/media\/36125"}],"wp:attachment":[{"href":"https:\/\/grappa.no\/no\/wp-json\/wp\/v2\/media?parent=36970"}],"wp:term":[{"taxonomy":"product_brand","embeddable":true,"href":"https:\/\/grappa.no\/no\/wp-json\/wp\/v2\/product_brand?post=36970"},{"taxonomy":"product_cat","embeddable":true,"href":"https:\/\/grappa.no\/no\/wp-json\/wp\/v2\/product_cat?post=36970"},{"taxonomy":"product_tag","embeddable":true,"href":"https:\/\/grappa.no\/no\/wp-json\/wp\/v2\/product_tag?post=36970"}],"curies":[{"name":"wp","href":"https:\/\/api.w.org\/{rel}","templated":true}]}}