{"id":36967,"date":"2014-01-31T00:00:00","date_gmt":"2014-01-30T23:00:00","guid":{"rendered":"https:\/\/grappa.no\/no\/albums\/ukategorisert\/hindsight-bias\/"},"modified":"2020-08-21T09:16:09","modified_gmt":"2020-08-21T08:16:09","slug":"hindsight-bias","status":"publish","type":"product","link":"https:\/\/grappa.no\/no\/albums\/hubro\/hindsight-bias\/","title":{"rendered":"Hindsight Bias"},"content":{"rendered":"<p><\/p>\n<p>Innfallsrik og eklektisk supertrio  Trommeslager \u00d8yvind Skarb\u00f8s trio Bly de Blyant med av den islandske gitaristen Hilmar Jensson og den Brooklynbaserte muliinstrumentalisten Shahzad Ismaily (Marc Ribot, Will Oldham, John Zorn)  fikk str\u00e5lende anmeldelser for sitt eventyrlystne debutalbum ABC. \u00abVi hadde det s\u00e5 g\u00f8y n\u00e5r vi spilte inn ABC\u00bb, sier trommeslager \u00d8yvind Skarb\u00f8 \u00abat vi pr\u00f8vde oss p\u00e5 en lignende formel med den nye plata.\u00bb Hindsight Bias er spilt inn i samme studio (det n\u00e5 nedlagte Grieghallen Studio i Bergen), igjen sammen med tekniker Davide Bertolini.  P\u00e5 tross av sin frilynte eklektisme klarer trioen \u00e5 holde p\u00e5 en troverdighet i alt de gj\u00f8r; om det er proginspirert instrumentalrock (Michael Jackson Pollock , groovy vridd instrumentalsoul (Westkreutz) eller disko med banjo (Laura). Dette er et band som er \u00abp\u00e5 hjemmebane\u00bb samme hvilket innfall de velger \u00e5 f\u00f8lge.<\/p>\n<p><!--more--><\/p>\n<p>Trommeslager \u00d8yvind Skarb\u00f8s trio Bly de Blyant med av den islandske gitaristen Hilmar Jensson og den Brooklynbaserte muliinstrumentalisten Shahzad Ismaily (Marc Ribot, Will Oldham, John Zorn)  fikk str\u00e5lende anmeldelser for sitt eventyrlystne debutalbum ABC. Det britiske magasinet Prog skrev at det var et \u201csubtilt album, som ikke nektet seg selv noe i sin soniske palett.\u201d Rock A Rolla  beskrev albumet som \u201cen  spennende samling musikk som tar stadig nye fomer &#8211;  \u00e5pen og full av potensiale.\u201d<\/p>\n<h4>Likheter og forskjeller<\/h4>\n<p>En viktig likhet mellom ABC og Hindsight Bias er den fordomsfrie holdninga til \u00e5 blande og hente inntrykk fra forskjellige sjangere. Trioen henter referansar fra  alle kanter, og synes \u00e5 helt uhemmet blande sammen det de vil.  Den store forskjellen ligger i materialet. ABC var en ganske fragmentarisk plate, med mange korte l\u00e5ter. Mye var basert p\u00e5 sm\u00e5 skisser og store deler av albumet ble  improvisert frem i studio. \u00abMed Hindsight Bias hadde jeg lyst \u00e5 lage et mer helhetlig album, med f\u00e6rre og mer konsise l\u00e5ter.\u00bb sier Skarb\u00f8. \u00abJeg komponerte nytt materiale og bearbeidet ting fra arkivet med dette i bakhodet.\u00bb N\u00e5r trioen m\u00f8ttes f\u00f8r innspillingen hadde Skarb\u00f8 6 l\u00e5ter med ganske ferdig utarbeidede arrangementer klart. \u00abSelv om jeg har skrevet nesten all musikken (to av stykka er improviserte), s\u00e5 hadde det bare forblitt statiske skisser, om ikke Shahzad og Hilmar hadde bl\u00e5st personlig liv i dem.\u00bb<\/p>\n<h4>Troverdig eklektisme<\/h4>\n<p>P\u00e5 tross av sin frilynte ekletisme klarer \u00e5 holde p\u00e5 en troverdighet i alt de gj\u00f8r; om det er proginspirert instrumentalrock (Michael Jackson Pollock , groovy vridd instrumentalsoul (Westkreutz) eller disko med banjo (Laura). Dette er et band som er \u00abp\u00e5 hjemmebane\u00bb samme hvilket innfall de velger \u00e5 f\u00f8lge.<\/p>\n<h4><\/h4>\n<\/p>\n<p><\/p>","protected":false},"excerpt":{"rendered":"<p>Dette er et band som er \u00abp\u00e5 hjemmebane\u00bb samme hvilket innfall de velger \u00e5 f\u00f8lge.<\/p>\n","protected":false},"featured_media":27406,"comment_status":"closed","ping_status":"open","template":"","meta":[],"product_brand":[],"product_cat":[36],"product_tag":[],"class_list":{"0":"post-36967","1":"product","2":"type-product","3":"status-publish","4":"has-post-thumbnail","6":"product_cat-hubro","7":"product_shipping_class-cddvd-shipping","8":"uni_artist_genre-avantgarde","9":"uni_artist_genre-improvised-music","10":"uni_artist_genre-instrumental","11":"uni_artist_genre-jazz","12":"uni_artist_genre-rock","14":"first","15":"instock","16":"taxable","17":"shipping-taxable","18":"purchasable","19":"product-type-variable","20":"has-default-attributes"},"_links":{"self":[{"href":"https:\/\/grappa.no\/no\/wp-json\/wp\/v2\/product\/36967","targetHints":{"allow":["GET"]}}],"collection":[{"href":"https:\/\/grappa.no\/no\/wp-json\/wp\/v2\/product"}],"about":[{"href":"https:\/\/grappa.no\/no\/wp-json\/wp\/v2\/types\/product"}],"replies":[{"embeddable":true,"href":"https:\/\/grappa.no\/no\/wp-json\/wp\/v2\/comments?post=36967"}],"wp:featuredmedia":[{"embeddable":true,"href":"https:\/\/grappa.no\/no\/wp-json\/wp\/v2\/media\/27406"}],"wp:attachment":[{"href":"https:\/\/grappa.no\/no\/wp-json\/wp\/v2\/media?parent=36967"}],"wp:term":[{"taxonomy":"product_brand","embeddable":true,"href":"https:\/\/grappa.no\/no\/wp-json\/wp\/v2\/product_brand?post=36967"},{"taxonomy":"product_cat","embeddable":true,"href":"https:\/\/grappa.no\/no\/wp-json\/wp\/v2\/product_cat?post=36967"},{"taxonomy":"product_tag","embeddable":true,"href":"https:\/\/grappa.no\/no\/wp-json\/wp\/v2\/product_tag?post=36967"}],"curies":[{"name":"wp","href":"https:\/\/api.w.org\/{rel}","templated":true}]}}