{"id":36964,"date":"2012-08-31T00:00:00","date_gmt":"2012-08-30T23:00:00","guid":{"rendered":"https:\/\/grappa.no\/no\/albums\/ukategorisert\/salmesykkel\/"},"modified":"2025-06-13T14:01:29","modified_gmt":"2025-06-13T13:01:29","slug":"salmesykkel","status":"publish","type":"product","link":"https:\/\/grappa.no\/no\/albums\/hubro\/salmesykkel\/","title":{"rendered":"Salmesykkel"},"content":{"rendered":"<p><\/p>\n<p>Spennende debutanter Hubro er stolte av \u00e5 kunne presentere debutplaten til den sv\u00e6rt talentfulle unge pianotrioen Moskus. Bandet har sine musikalske r\u00f8tter godt plantet i veldrenert kammerjazz-jord, men henter n\u00e6ring fra alt fra salmer til Ivo Caprino, fra Paul- og Carla Bleys musikk til nattlige skiturer p\u00e5 Dovrefjell, fra postrock, franske pannekaker og gospel. Pianist Anja Lauvdal, bassist Fredrik Luhr Dietrichson og trommeslager Hans Hulb\u00e6kmo er alle tidlig i tjue\u00e5rene, og har sin bakgrunn fra det kreative milj\u00f8et p\u00e5 Jazzlinjen ved Konservatoriet i Trondheim. Anja og Hans har tidligere gjort seg bemerket som medlemmer i de kritikerroste rockebandene Your Headlights Are On og The Avalanche\/Sn\u00f8skred. I 2011 vant Moskus Grappas debutantpris som f\u00f8rste jazzband noensinne.<\/p>\n<p><!--more--><\/p>\n<p>Hubro er stolte av \u00e5 kunne presentere debutplaten til den sv\u00e6rt talentfulle unge pianotrioen Moskus. Bandet har sine musikalske r\u00f8tter godt plantet i veldrenert kammerjazz-jord, men henter n\u00e6ring fra alt fra salmer til Ivo Caprino, fra Paul- og Carla Bleys musikk til nattlige skiturer p\u00e5 Dovrefjell, fra postrock, franske pannekaker og gospel.<\/p>\n<h4>Modent og fordomsfritt<\/h4>\n<p>Moskus kombinerer et personlig og modent uttrykk man vanligvis finner hos langt eldre musikere med ungdommelig energi og fordomsfri \u00e5penhet. De er et veldig dynamisk band, som veksler helt uanstrengt mellom utagerende lek og innovers\u00f8kende alvor, mellom fri improvisasjon og komponert materiale. Alle tre medlemmene fremst\u00e5r som likeverdige, og alle bidrar som komponister<\/p>\n<h4>Atlantis<\/h4>\n<p>Albumet \u201cSalmesykkel\u201d (synonym for Harmonium\/tr\u00f8orgel\/pumpeorgel) ble innspilt i legendariske Atlantis Grammofon Studio \u2013 et av de eldste studioene i Stockholm, med tekniker Micke Herrstr\u00f6m i januar 2012.<\/p>\n<h4><\/h4>\n<p><\/p>","protected":false},"excerpt":{"rendered":"<p>Bandet har sine musikalske r\u00f8tter godt plantet i veldrenert kammerjazz-jord, men henter n\u00e6ring fra alt fra salmer til Ivo Caprino, fra Paul- og Carla Bleys musikk til nattlige skiturer p\u00e5 Dovrefjell, fra postrock, franske pannekaker og gospel.<\/p>\n","protected":false},"featured_media":27365,"comment_status":"closed","ping_status":"closed","template":"","meta":[],"product_brand":[],"product_cat":[36],"product_tag":[],"class_list":{"0":"post-36964","1":"product","2":"type-product","3":"status-publish","4":"has-post-thumbnail","6":"product_cat-hubro","7":"product_shipping_class-cddvd-shipping","8":"uni_artist_tag-anja-lauvdal","9":"uni_artist_tag-fredrik-luhr-dietrichson","10":"uni_artist_tag-hans-hulbaekmo","11":"uni_main_artist_tag-moskus","12":"uni_artist_genre-improvised-music","13":"uni_artist_genre-instrumental","14":"uni_artist_genre-jazz","16":"first","17":"instock","18":"featured","19":"taxable","20":"shipping-taxable","21":"purchasable","22":"product-type-variable","23":"has-default-attributes"},"_links":{"self":[{"href":"https:\/\/grappa.no\/no\/wp-json\/wp\/v2\/product\/36964","targetHints":{"allow":["GET"]}}],"collection":[{"href":"https:\/\/grappa.no\/no\/wp-json\/wp\/v2\/product"}],"about":[{"href":"https:\/\/grappa.no\/no\/wp-json\/wp\/v2\/types\/product"}],"replies":[{"embeddable":true,"href":"https:\/\/grappa.no\/no\/wp-json\/wp\/v2\/comments?post=36964"}],"wp:featuredmedia":[{"embeddable":true,"href":"https:\/\/grappa.no\/no\/wp-json\/wp\/v2\/media\/27365"}],"wp:attachment":[{"href":"https:\/\/grappa.no\/no\/wp-json\/wp\/v2\/media?parent=36964"}],"wp:term":[{"taxonomy":"product_brand","embeddable":true,"href":"https:\/\/grappa.no\/no\/wp-json\/wp\/v2\/product_brand?post=36964"},{"taxonomy":"product_cat","embeddable":true,"href":"https:\/\/grappa.no\/no\/wp-json\/wp\/v2\/product_cat?post=36964"},{"taxonomy":"product_tag","embeddable":true,"href":"https:\/\/grappa.no\/no\/wp-json\/wp\/v2\/product_tag?post=36964"}],"curies":[{"name":"wp","href":"https:\/\/api.w.org\/{rel}","templated":true}]}}