{"id":36961,"date":"2019-09-13T00:00:00","date_gmt":"2019-09-12T23:00:00","guid":{"rendered":"https:\/\/grappa.no\/no\/albums\/ukategorisert\/andre-sanger\/"},"modified":"2025-01-30T12:17:14","modified_gmt":"2025-01-30T11:17:14","slug":"andre-sanger","status":"publish","type":"product","link":"https:\/\/grappa.no\/no\/albums\/grappa\/andre-sanger\/","title":{"rendered":"Andre sanger"},"content":{"rendered":"<p><\/p>\n<p>Frida \u00c5nnevik &#8211; Andre sanger. 13. september kommer Frida A\u030annevik med et album med tekster oversatt til norsk, fra artister som Joni Mitchell og Spice Girls! Andre sanger er ett av hennes mest ambisi\u00f8se prosjekter til na\u030a. &#8220;Andre sanger&#8221; er et plateprosjekt som har blitt til over flere \u00e5r. Det er en coverplate med sanger fra et vidt spenn av artister og l\u00e5tskrivere. Det er sanger som Frida har sneket inn som ekstranummer i konsertene sine, noen av dem sang hun i &#8220;\u00c5rhundrets stemme&#8221; p\u00e5 TV2, det er sanger fra forbildene hennes, tr\u00f8stesanger til seg selv og sanger som hun har lurt p\u00e5 hvordan ville h\u00f8res ut p\u00e5 norsk. Det siste a\u030aret har hun fa\u030att mye oppmerksomhet og radiospilling for la\u030ater som \u00abS\u00f8tten a\u030ar\u00bb; hennes nydelige versjon av Janis Ians \u00abAt Seventeen\u00bb. Det samme gjelder den ferskeste singelen \u00abHenger Sammen\u00bb, som er en tolkning av Alicia Keys sin \u00abIn Common\u00bb. Denne mer poppete og dansbare la\u030ata er bare ett eksempel pa\u030a hvordan Frida med Andre sanger ba\u030ade utfordrer og utvider sine egne grenser. Med ytterligere la\u030ater som \u00abTenkt meg om\u00bb (fra Astrid S sin \u00abThink Before I Talk) og \u00abNy tra\u030ad\u00bb (fra Bjo\u0308rks \u00abUnravel\u00bb) blant de totalt ti sporene, er dette et soleklart lyspunkt na\u030ar vi na\u030a ga\u030ar inn i h\u00f8sten.<\/p>\n<p><!--more--><\/p>\n<p>Nytt album fra Frida \u00c5nnevik<\/p>\n<h4><\/h4>\n<p>Med fire utgivelser bak seg har Frida h\u00f8stet lovord og gode kritikker, og ikke minst gjort seg fortjent til tre Spellemannpriser. Etter s\u00f8sterplate-prosjektet Her bor \/ Flyge fra i 2016 og 2017, hadde hun behov for a\u030a gruble litt f\u00f8r hun gj\u00f8v l\u00f8s pa\u030a nytt soloalbum med helt nye la\u030ater. Ved a\u030a gjendikte og synge andres sanger opplever hun etter eget utsagn at hun fa\u030ar utviklet seg videre og samtidig hvile litt i noen andres melodier. \u2013 Andre sanger er et plateprosjekt som har blitt til over flere a\u030ar. Det er en coverplate med sanger fra et vidt spenn av artister og la\u030atskrivere. Det er sanger jeg har sneket inn som ekstranummer i konsertene mine, noen av dem sang jeg i \u00abA\u030arhundrets stemme\u00bb pa\u030a TV2; det er sanger fra forbildene mine, tr\u00f8stesanger til meg sj\u00f8l og sanger som jeg har lurt pa\u030a hvordan ville h\u00f8res ut pa\u030a norsk, sier A\u030annevik. Det siste a\u030aret har hun fa\u030att mye oppmerksomhet og radiospilling for la\u030ater som \u00abS\u00f8tten a\u030ar\u00bb; hennes nydelige versjon av Janis Ians \u00abAt Seventeen\u00bb. Det samme gjelder den ferskeste singelen \u00abHenger Sammen\u00bb, som er en tolkning av Alicia Keys sin \u00abIn Common\u00bb. Denne mer poppete og dansbare la\u030ata er bare ett eksempel pa\u030a hvordan Frida med Andre sanger ba\u030ade utfordrer og utvider sine egne grenser. Med ytterligere la\u030ater som \u00abTenkt meg om\u00bb (fra Astrid S sin \u00abThink Before I Talk) og \u00abNy tra\u030ad\u00bb (fra Bjo\u0308rks \u00abUnravel\u00bb) blant de totalt ti sporene, er dette et soleklart lyspunkt na\u030ar vi na\u030a ga\u030ar inn i h\u00f8sten. Samme dag starter ogsa\u030a Frida sin h\u00f8stturne\u0301 i Bergen, hvor hun bes\u00f8ker 15 scener rundt om i landet for a\u030a spille disse sangene. Blant annet blir det mulig a\u030a oppleve la\u030atene i ekstra intime rammer i Rockefellers Str\u00f8ml\u00f8st-serie 2. oktober. For alle datoene, bes\u00f8k Frida sin Facebook-side. Andre sanger utgis pa\u030a CD, vinyl og digitalt pa\u030a Grappa Musikkforlag.<\/p>\n<h4><\/h4>\n<h4><\/h4>\n<p><\/p>","protected":false},"excerpt":{"rendered":"<p>Frida \u00c5nneviks nye album &#8220;Andre sanger&#8221; er et soleklart lyspunkt n\u00e5r vi n\u00e5 g\u00e5r inn i h\u00f8sten.<\/p>\n","protected":false},"featured_media":36856,"comment_status":"closed","ping_status":"closed","template":"","meta":[],"product_brand":[],"product_cat":[6],"product_tag":[],"class_list":{"0":"post-36961","1":"product","2":"type-product","3":"status-publish","4":"has-post-thumbnail","6":"product_cat-grappa","7":"product_shipping_class-cddvd-shipping","8":"uni_artist_tag-alan-bergman","9":"uni_artist_tag-alicia-keys","10":"uni_artist_tag-andre-roligheten","11":"uni_artist_tag-andreas-stensland-lowe","12":"uni_artist_tag-andrew-martin-cedar","13":"uni_artist_tag-bjork-gudmundsdottir","14":"uni_artist_tag-carlo-illangelo-montagnese","15":"uni_artist_tag-eliot-kennedy","16":"uni_artist_tag-emma-bunton","17":"uni_artist_tag-finn-ludt","18":"uni_artist_tag-frida-annevik","19":"uni_artist_tag-geri-halliwell","20":"uni_artist_tag-guy-sigsworth","21":"uni_artist_tag-haldor-royne","22":"uni_artist_tag-jacques-demy","23":"uni_artist_tag-janis-ian","24":"uni_artist_tag-jo-berger-myhre","25":"uni_artist_tag-jonathan-buck","26":"uni_artist_tag-joni-mitchell","27":"uni_artist_tag-madison-emiko-love","28":"uni_artist_tag-marilyn-bergman","29":"uni_artist_tag-marius-muller","30":"uni_artist_tag-melanie-brown","31":"uni_artist_tag-melanie-chisholm","32":"uni_artist_tag-michel-legrand","33":"uni_artist_tag-oyvind-rosrud","34":"uni_artist_tag-pal-hausken","35":"uni_artist_tag-scott-harris","36":"uni_artist_tag-taylor-monet-parks","37":"uni_artist_tag-thomas-bratfoss-eriksen","38":"uni_artist_tag-victoria-beckham","39":"uni_artist_tag-william-thomas-walsh","40":"uni_main_artist_tag-frida-annevik","41":"uni_artist_genre-norwegian-lyrics","42":"uni_artist_genre-pop","43":"uni_artist_genre-singersongwriter","45":"first","46":"instock","47":"taxable","48":"shipping-taxable","49":"purchasable","50":"product-type-variable","51":"has-default-attributes"},"_links":{"self":[{"href":"https:\/\/grappa.no\/no\/wp-json\/wp\/v2\/product\/36961","targetHints":{"allow":["GET"]}}],"collection":[{"href":"https:\/\/grappa.no\/no\/wp-json\/wp\/v2\/product"}],"about":[{"href":"https:\/\/grappa.no\/no\/wp-json\/wp\/v2\/types\/product"}],"replies":[{"embeddable":true,"href":"https:\/\/grappa.no\/no\/wp-json\/wp\/v2\/comments?post=36961"}],"wp:featuredmedia":[{"embeddable":true,"href":"https:\/\/grappa.no\/no\/wp-json\/wp\/v2\/media\/36856"}],"wp:attachment":[{"href":"https:\/\/grappa.no\/no\/wp-json\/wp\/v2\/media?parent=36961"}],"wp:term":[{"taxonomy":"product_brand","embeddable":true,"href":"https:\/\/grappa.no\/no\/wp-json\/wp\/v2\/product_brand?post=36961"},{"taxonomy":"product_cat","embeddable":true,"href":"https:\/\/grappa.no\/no\/wp-json\/wp\/v2\/product_cat?post=36961"},{"taxonomy":"product_tag","embeddable":true,"href":"https:\/\/grappa.no\/no\/wp-json\/wp\/v2\/product_tag?post=36961"}],"curies":[{"name":"wp","href":"https:\/\/api.w.org\/{rel}","templated":true}]}}