{"id":36958,"date":"2019-03-15T00:00:00","date_gmt":"2019-03-14T23:00:00","guid":{"rendered":"https:\/\/grappa.no\/no\/albums\/ukategorisert\/rasmus-rohde\/"},"modified":"2020-08-21T08:57:11","modified_gmt":"2020-08-21T07:57:11","slug":"rasmus-rohde","status":"publish","type":"product","link":"https:\/\/grappa.no\/no\/albums\/grappa\/rasmus-rohde\/","title":{"rendered":"Rasmus Rohde"},"content":{"rendered":"<p><\/p>\n<p>Debutsoloplate fra annerkjent barnemusikkartist.  Rasmus Rohde, den triple Spellemannspris-vinneren fra \u201dRasmus og Verdens Beste Band\u201d kommer endelig med egen soloplate. F\u00f8rste singel var duetten &quot;Har du glemt&quot; med Ida Jenshus, som fikk s\u00e6rdeles fin mottagelse n\u00e5 i h\u00f8st. 15 mars kommer hele plata!   Rasmus har i en \u00e5rrekke turnert land og strand og sunget om \u201dPuppan te pappa\u201d, om \u201dFarmor og mormor \u201d (\u2026 som er kj\u00e6rester) og om \u201dGutten p\u00e5 stranda\u201d.  Samtidig er han en kritikerrost musiker og dramatiker, som blant annet mottok Alf Pr\u00f8ysens \u201dTeskjekjerringprisen\u201d i 2018 og har jobbet med \u00c5ge Aleksandersen og mange flere.  I alle \u00e5r har han skrevet l\u00e5ter som han ikke har f\u00e5tt brukt til noe. L\u00e5ter med humoristiske hverdagshistorier, personlige og alvorlige opplevelser og dessuten politiske kommentarer og sleivspark. Mye av materialet har utspring og konkrete referanser til hans eget milj\u00f8, alts\u00e5 Trondheim. Og tekstlig og musikalsk er det inspirert av folk som Ole Paus, Cornelis Vreeswijk og Alf Pr\u00f8ysen.   Konserter: 15.03 KulturCompagniet , Rissa 16.03 Dokkhuset, Trondheim 22.03 SALT Art &amp; Music, Oslo 23.03 Kulturscenen V\u00e5rt Hjem, Steinkjer 29.03 Festiviteten Levanger, Levanger<\/p>\n<p><!--more--><\/p>\n<p>Rasmus Rohde, den triple Spellemannspris-vinneren fra \u201dRasmus og Verdens Beste Band\u201d kommer endelig med egen soloplate. F\u00f8rste singel var duetten &quot;Har du glemt&quot; med Ida Jenshus, som fikk s\u00e6rdeles fin mottagelse n\u00e5 i h\u00f8st. 15 mars kommer hele plata!<\/p>\n<h4>Dypt alvorlig og humoristisk<\/h4>\n<p>I alle \u00e5r har han skrevet l\u00e5ter som han ikke har f\u00e5tt brukt til noe. L\u00e5ter med humoristiske hverdagshistorier, personlige og alvorlige opplevelser og dessuten politiske kommentarer og sleivspark. Mye av materialet har utspring og konkrete referanser til hans eget milj\u00f8, alts\u00e5 Trondheim. Og tekstlig og musikalsk er det inspirert av folk som Ole Paus, Cornelis Vreeswijk og Alf Pr\u00f8ysen.   P\u00e5 samme m\u00e5te som i barnemusikken sin, favner Rasmus b\u00e5de det dypt alvorlige og det humoristiske. B\u00e5de i sanger som \u201dNobelkomiteen\u201d \u2013 som er et skr\u00e5blikk p\u00e5 en av landets fremste politiske institusjoner, \u201dNattsang i mai \u201d \u2013 som handler om selvmord, \u201dKoste itj skjorta\u201d som er en s\u00e5r og t\u00f8ff barndomsskildring, \u201dBare du bli som m\u00e6\u201d \u2013 om \u00e5 v\u00e6re pappa, og dessuten den nye singelen \u201d1992\u201d &#8211; som omhandler Rasmus sin ungdomstid.<\/p>\n<h4>Midtnorsk produksjon<\/h4>\n<p>Plata er produsert i legendariske Brygga Studio i Trondheim, med P\u00e5l Brekk\u00e5s (Ida Jenshus, Alexander Pettersen, The south m.m.) som produsent. Og med Midt-Norske toppmusikere som Stian Lundberg (trommer), Kriss Stemland (piano\/dobro), Erlend Smal\u00e5s (bass), Ida Jenshus (kor og vokal), H\u00e5vard Lund (bassklarinett), \u00d8yvind Smidt (fiolin), Trygve Br\u00f8ske (flygel)  og dessuten Stadsbygd mannssangerforening!<\/p>\n<h4>Konserter:<\/h4>\n<p>16.03 Releasekonsert &#8211; Dokkhuset, Trondheim<\/p>\n<p><\/p>","protected":false},"excerpt":{"rendered":"<p>Dypt alvorlig og humoristisk fra trippel Spellemannspris-vinner<\/p>\n","protected":false},"featured_media":36486,"comment_status":"closed","ping_status":"open","template":"","meta":[],"product_brand":[],"product_cat":[6],"product_tag":[],"class_list":{"0":"post-36958","1":"product","2":"type-product","3":"status-publish","4":"has-post-thumbnail","6":"product_cat-grappa","7":"product_shipping_class-cddvd-shipping","8":"uni_artist_genre-poppop","9":"uni_artist_genre-singersongwriter","11":"first","12":"instock","13":"taxable","14":"shipping-taxable","15":"purchasable","16":"product-type-variable","17":"has-default-attributes"},"_links":{"self":[{"href":"https:\/\/grappa.no\/no\/wp-json\/wp\/v2\/product\/36958","targetHints":{"allow":["GET"]}}],"collection":[{"href":"https:\/\/grappa.no\/no\/wp-json\/wp\/v2\/product"}],"about":[{"href":"https:\/\/grappa.no\/no\/wp-json\/wp\/v2\/types\/product"}],"replies":[{"embeddable":true,"href":"https:\/\/grappa.no\/no\/wp-json\/wp\/v2\/comments?post=36958"}],"wp:featuredmedia":[{"embeddable":true,"href":"https:\/\/grappa.no\/no\/wp-json\/wp\/v2\/media\/36486"}],"wp:attachment":[{"href":"https:\/\/grappa.no\/no\/wp-json\/wp\/v2\/media?parent=36958"}],"wp:term":[{"taxonomy":"product_brand","embeddable":true,"href":"https:\/\/grappa.no\/no\/wp-json\/wp\/v2\/product_brand?post=36958"},{"taxonomy":"product_cat","embeddable":true,"href":"https:\/\/grappa.no\/no\/wp-json\/wp\/v2\/product_cat?post=36958"},{"taxonomy":"product_tag","embeddable":true,"href":"https:\/\/grappa.no\/no\/wp-json\/wp\/v2\/product_tag?post=36958"}],"curies":[{"name":"wp","href":"https:\/\/api.w.org\/{rel}","templated":true}]}}