{"id":36954,"date":"2015-10-23T00:00:00","date_gmt":"2015-10-22T23:00:00","guid":{"rendered":"https:\/\/grappa.no\/no\/albums\/ukategorisert\/ketil-bjornstad-shimmering\/"},"modified":"2023-09-11T14:30:00","modified_gmt":"2023-09-11T13:30:00","slug":"ketil-bjornstad-shimmering","status":"publish","type":"product","link":"https:\/\/grappa.no\/no\/albums\/grappa\/ketil-bjornstad-shimmering\/","title":{"rendered":"Ketil Bj\u00f8rnstad: Shimmering"},"content":{"rendered":"<p>Bj\u00f8rnstad og et C. Bechstein flygel Ketil Bj\u00f8rnstads solo piano innspillinger g\u00e5r som en r\u00f8d tr\u00e5d gjennom hele hans omfattende diskografi. Hans nye tvillingalbum \u00abShimmering\u00bb og \u00abImages\u00bb videref\u00f8rer p\u00e5 mange m\u00e5ter prosjektet han p\u00e5begynte med den meget popul\u00e6re og kritikerroste utgivelsen \u00abThe Rainbow Sessions\u00bb fra 2006. \u00abShimmering\u00bb og \u00abImages\u00bb er spilt inn av Bj\u00f8rnstad alene, p\u00e5 et C. Bechstein flygel som byr p\u00e5 b\u00e5de kraft og intimitet. Musikken flyter fritt mellom helt improviserte strekk og nye versjoner av l\u00e5ter og musikalske fragmenter han har et sterkt forhold til. I disse intime musikalske m\u00f8tene kommer vi tett p\u00e5 musikeren og kunstneren Bj\u00f8rnstad. Han spenner opp et stort lerret, b\u00e5de dynamisk og f\u00f8lelsesmessig, og kommer ogs\u00e5 tett p\u00e5 oss som lyttere. \u00abShimmering\u00bb og \u00abImages\u00bb gis ut samtidig, b\u00e5de hver for seg og som en dobbelutgivelse.<\/p>\n<p><!--more--><\/p>\n<p>Tvillingalbumene Shimmering og Images utgis samtidig b\u00e5de hver for seg og som en dobbelutgivelse. De to albumene er spilt inn av Ketil Bj\u00f8rnstad alene, p\u00e5 det samme flygelet, et C. Bechstein flygel, men i to ulike studioer og med to \u00e5rs mellomrom. Albumene videref\u00f8rer p\u00e5 flere m\u00e5ter prosjektet Bj\u00f8rnstad startet med den meget popul\u00e6re og kritikerroste 3CD utgivelsen \u00abThe Rainbow Sessions\u00bb(Emarcy\/ Universal) fra 2006.<\/p>\n<h4>Shimmering<\/h4>\n<p>Albumet \u00abShimmering\u00bb kom til etter en invitasjon fra Tom Johannessen i studioet Pettersens Kolonial Lydstudio i H\u00f8nef\u00f8ss. Bj\u00f8rnstad har spilt inn sv\u00e6rt mange av sine sololabum p\u00e5 ulike Steinway flygler, men Johannessen visste at Bj\u00f8rnstad likte godt C. Bechstein flygelet de hadde i H\u00f8nefoss. Allerede i 2009 hadde han brukt flygelet under innspillingen av \u00abVindings Music\u00bb (ECM, 2012). \u00abDet er alltid forfriskende \u00e5 spille p\u00e5 ulike flygler, med ulike tonekvaliteter\u00bb sier Bj\u00f8rnstad selv. \u00abDette spesielle C. Bechstein flygelet byr b\u00e5de p\u00e5 kraft og intimitet, og gj\u00f8r det mulig for ut\u00f8veren \u00e5 spille sv\u00e6rt dynamisk.\u00bb Albumet best\u00e5r av en konsert spilt inn i det vesle studioet med 40 publikummere tilstede, og b\u00e5de publikummets n\u00e6rv\u00e6r og tiden albumet ble spilt inn p\u00e5 p\u00e5virket i f\u00f8lge Bj\u00f8rnstad resultatet. \u00abDet var en av de mest intense dagene i den nordiske v\u00e5ren, n\u00e5r syrintr\u00e6rne stod i full blomst. Men rettsaken etter terrorist-angrepet i Oslo og p\u00e5 Ut\u00f8ya et \u00e5r tidligere var ogs\u00e5 p\u00e5 sitt mest intense, med sjokkerende detaljer og tung tv-dekning. Jeg hadde passert Ut\u00f8ya med bilen min p\u00e5 vei til studio, og hadde blitt minnet p\u00e5 b\u00e5de det vakre og det brutale i livet.\u00bb skriver Bj\u00f8rnstad i omslagsteksten. \u00abMye p\u00e5 grunn av menneskene som lyttet i studio den dagen ble det en konsert jeg aldri vil glemme.\u00bb To \u00e5r etterp\u00e5 ble Pettersens Kolonial Lydstudio tvunget til \u00e5 stenge, og det unike flygelet ble solgt.<\/p>\n<h4>Images<\/h4>\n<p>Flygelet fikk heldigvis et nytt hjem i Propeller studio ved Akerselva i Oslo, og her ble \u00abImages\u00bb innspilt i Oktober 2014 sammen med tekniker Mike Hartung. Live-nerven og spontaniteten er like p\u00e5fallende p\u00e5 dette albumet, selv om Bj\u00f8rnstad ikke hadde invitert publikum inn i studio denne gangen. Store deler av albumet ble spilt inn i ett strekk, uten redigering og nye tagninger. Men Bj\u00f8rnstad tillot seg ogs\u00e5 noen pauser mellom l\u00e5tene for \u00e5 lytte og ta inn over seg hvordan dette fantastiske flygelet l\u00e5t, innspilt i nye omgivelser. Bj\u00f8rnstad beskriver selv musikken p\u00e5 \u00abImages\u00bb som mer intim. \u00abJeg ville unng\u00e5 mange av de perkussive elementene som alltid er en del av mine konserter. Da ble alle de bemerkelsesverdige overtonene dette instrumentet har veldig sterke og fremtredende.\u00bb I disse intime musikalske m\u00f8tene kommer vi tett p\u00e5 musikeren og kunstneren Bj\u00f8rnstad. Han spenner opp et stort lerret, b\u00e5de dynamisk og f\u00f8lelsesmessig, og kommer ogs\u00e5 tett p\u00e5 oss som lyttere.<\/p>\n<h4><\/h4>\n","protected":false},"excerpt":{"rendered":"<p>Musikken flyter fritt mellom helt improviserte strekk og nye versjoner av l\u00e5ter og musikalske fragmenter Ketil Bj\u00f8rnstad har et sterkt forhold til.<\/p>\n","protected":false},"featured_media":27193,"comment_status":"closed","ping_status":"closed","template":"","meta":[],"product_brand":[],"product_cat":[6],"product_tag":[],"class_list":{"0":"post-36954","1":"product","2":"type-product","3":"status-publish","4":"has-post-thumbnail","6":"product_cat-grappa","7":"product_shipping_class-cddvd-shipping","8":"uni_artist_genre-improvised-music","9":"uni_artist_genre-instrumental","10":"uni_artist_genre-jazz","12":"first","13":"outofstock","14":"taxable","15":"shipping-taxable","16":"purchasable","17":"product-type-variable","18":"has-default-attributes"},"_links":{"self":[{"href":"https:\/\/grappa.no\/no\/wp-json\/wp\/v2\/product\/36954","targetHints":{"allow":["GET"]}}],"collection":[{"href":"https:\/\/grappa.no\/no\/wp-json\/wp\/v2\/product"}],"about":[{"href":"https:\/\/grappa.no\/no\/wp-json\/wp\/v2\/types\/product"}],"replies":[{"embeddable":true,"href":"https:\/\/grappa.no\/no\/wp-json\/wp\/v2\/comments?post=36954"}],"wp:featuredmedia":[{"embeddable":true,"href":"https:\/\/grappa.no\/no\/wp-json\/wp\/v2\/media\/27193"}],"wp:attachment":[{"href":"https:\/\/grappa.no\/no\/wp-json\/wp\/v2\/media?parent=36954"}],"wp:term":[{"taxonomy":"product_brand","embeddable":true,"href":"https:\/\/grappa.no\/no\/wp-json\/wp\/v2\/product_brand?post=36954"},{"taxonomy":"product_cat","embeddable":true,"href":"https:\/\/grappa.no\/no\/wp-json\/wp\/v2\/product_cat?post=36954"},{"taxonomy":"product_tag","embeddable":true,"href":"https:\/\/grappa.no\/no\/wp-json\/wp\/v2\/product_tag?post=36954"}],"curies":[{"name":"wp","href":"https:\/\/api.w.org\/{rel}","templated":true}]}}