{"id":36951,"date":"2013-09-27T00:00:00","date_gmt":"2013-09-26T23:00:00","guid":{"rendered":"https:\/\/grappa.no\/no\/albums\/ukategorisert\/elvira-nikolaisen-mathias-eick-i-concentrate-on-you\/"},"modified":"2020-08-21T08:56:29","modified_gmt":"2020-08-21T07:56:29","slug":"elvira-nikolaisen-mathias-eick-i-concentrate-on-you","status":"publish","type":"product","link":"https:\/\/grappa.no\/no\/albums\/grappa\/elvira-nikolaisen-mathias-eick-i-concentrate-on-you\/","title":{"rendered":"Elvira Nikolaisen &amp; Mathias Eick: I Concentrate on You"},"content":{"rendered":"<p><\/p>\n<p>Elviras dr\u00f8mmeprosjekt  Elvira Nikolaisen har siden debuten med i 2006 v\u00e6rt en av de fremste og mest suksessrike artistene i sin generasjon. Debutalbumet \u00abQuiet Exit\u00bb solgte i 50 000 eksemplarer, og fikk hele tre Spellemanns-nominasjoner. L\u00e5ter som \u00abLove I Can\u00b4t Defend\u00bb og \u00abEgypt Song\u00bb er moderne klassikere. I flere \u00e5r har Elvira b\u00e5ret p\u00e5 en hemmelig dr\u00f8m om spille inn en plate med andres l\u00e5ter, n\u00e6rmere bestemt utvalgte ballader fra det som ofte kalles \u00abden store amerikanske sangboka\u00bb. &#8211; 10 ud\u00f8delige l\u00e5ter gjort kjent av legendariske artister som Sarah Vaughan, Frank Sinatra og Nina Simone og som alle forteller hver sin historie. Dette er l\u00e5ter hun har vokst opp med og alltid hatt et sterkt forhold til, og som har v\u00e6rt formende for henne b\u00e5de som sanger og l\u00e5tskriver. Id\u00e9en om dette albumet har v\u00e6rt der lenge, men f\u00f8rst da Elvira traff musiker og produsent Mathias Eick f\u00f8lte hun at ideen kunne realiseres. &quot;Et slikt l\u00e5tmateriale er blitt tolket av mange artister gjennom flere ti\u00e5r, men sammen med Mathias kunne jeg finne et unikt sound, ideen fikk livets rett.&quot; sier Elvira.\u00a0  I tillegg til \u00e5 spille en rekke instrumenter p\u00e5 albumet har Mathias fungert som b\u00e5de produsent og arrang\u00f8r. Med seg har de to f\u00e5tt flere av Norges fremste unge jazzmusikere: pianist Andreas Ulvo, fiolinist Ola Kvernberg og trommeslager Gard Nilssen.  \u00abI Concentrate On You\u00bb har blitt et stemningsfullt, personlig og sterkt album fra to av fremragende musikere og formidlere.   Konserter: 27. september &#8211; Parkteatret, Oslo 8. november &#8211; Dokkuset, Trondheim<\/p>\n<p><!--more--><\/p>\n<p>Elvira Nikolaisen har siden debuten med i 2006 v\u00e6rt en av de fremste og mest suksessrike artistene i sin generasjon. Debutalbumet \u00abQuiet Exit\u00bb solgte i 50 000 eksemplarer, og fikk hele tre Spellemanns-nominasjoner. L\u00e5ter som \u00abLove I Can\u00b4t Defend\u00bb, \u00abEgypt Song\u00bb og er moderne klassikere.  I flere \u00e5r har Elvira b\u00e5ret p\u00e5 en hemmelig dr\u00f8m om spille inn en plate med andres l\u00e5ter, n\u00e6rmere bestemt utvalgte ballader fra det som ofte kalles \u00abden store amerikanske sangboka\u00bb.<\/p>\n<h4>Duoprosjekt<\/h4>\n<p>Id\u00e9en om dette albumet har v\u00e6rt der lenge, men f\u00f8rst da Elvira traff musiker og produsent Mathias Eick f\u00f8lte hun at ideen kunne realiseres. &quot;Et slikt l\u00e5tmateriale er blitt tolket av mange artister gjennom flere ti\u00e5r, men sammen med Mathias kunne jeg finne et unikt sound, ideen fikk livets rett.&quot; sier Elvira.\u00a0   Mathias Eick startet karrieren som trompetist i Jaga Jazzist, men har de siste \u00e5rene v\u00e6rt en av v\u00e5re mest profilert jazzmusikere. Han har gitt ut to kritikerroste soloalbum p\u00e5 presitsjeselskapet ECM og spilt p\u00e5 mer enn 100 plater med andre artister i et vidt spekter av sjangere: fra Thomas Dybdahl til Turboneger. Eick ble i 2009 tildelt StatoilHydro stipendet under by:Larm 2009, og ble i 2007 k\u00e5ret til \u00abverdens beste unge jazztalent\u00bb.  Elvira og Mathias hadde lenge fulgt hverandres karrierer med begeistring da de ble introdusert for hverandre gjennom felles venner. I tillegg til \u00e5 spille en rekke instrumenter p\u00e5 albumet har Mathias fungert b\u00e5de som produsent og arrang\u00f8r. Med seg har de to f\u00e5tt flere av Norges fremste unge jazzmusikere: pianist Andreas Ulvo, fiolinist Ola Kvernberg og trommeslager Gard Nilssen.  \u00abI Concentrate On You\u00bb har blitt et stemningsfullt, personlig og sterkt album fra to fremragende musikere og formidlere. Et album som ganske sikkert vil bli som en livb\u00f8ye gjennom h\u00f8st- og vinterm\u00f8rket for mange lyttere der ute.<\/p>\n<h4><\/h4>\n<p><h4>Konserter: 27. september &#8211; Parkteatret, Oslo 8. november &#8211; Dokkuset, Trondheim<\/h4>\n<\/p>\n<p><\/p>","protected":false},"excerpt":{"rendered":"<p>I flere \u00e5r har Elvira b\u00e5ret p\u00e5 en hemmelig dr\u00f8m om spille inn en plate med andres l\u00e5ter, n\u00e6rmere bestemt utvalgte ballader fra det som ofte kalles \u00abden store amerikanske sangboka\u00bb.<\/p>\n","protected":false},"featured_media":27100,"comment_status":"closed","ping_status":"open","template":"","meta":[],"product_brand":[],"product_cat":[6],"product_tag":[],"class_list":{"0":"post-36951","1":"product","2":"type-product","3":"status-publish","4":"has-post-thumbnail","6":"product_cat-grappa","7":"product_shipping_class-cddvd-shipping","9":"first","10":"instock","11":"taxable","12":"shipping-taxable","13":"purchasable","14":"product-type-variable","15":"has-default-attributes"},"_links":{"self":[{"href":"https:\/\/grappa.no\/no\/wp-json\/wp\/v2\/product\/36951","targetHints":{"allow":["GET"]}}],"collection":[{"href":"https:\/\/grappa.no\/no\/wp-json\/wp\/v2\/product"}],"about":[{"href":"https:\/\/grappa.no\/no\/wp-json\/wp\/v2\/types\/product"}],"replies":[{"embeddable":true,"href":"https:\/\/grappa.no\/no\/wp-json\/wp\/v2\/comments?post=36951"}],"wp:featuredmedia":[{"embeddable":true,"href":"https:\/\/grappa.no\/no\/wp-json\/wp\/v2\/media\/27100"}],"wp:attachment":[{"href":"https:\/\/grappa.no\/no\/wp-json\/wp\/v2\/media?parent=36951"}],"wp:term":[{"taxonomy":"product_brand","embeddable":true,"href":"https:\/\/grappa.no\/no\/wp-json\/wp\/v2\/product_brand?post=36951"},{"taxonomy":"product_cat","embeddable":true,"href":"https:\/\/grappa.no\/no\/wp-json\/wp\/v2\/product_cat?post=36951"},{"taxonomy":"product_tag","embeddable":true,"href":"https:\/\/grappa.no\/no\/wp-json\/wp\/v2\/product_tag?post=36951"}],"curies":[{"name":"wp","href":"https:\/\/api.w.org\/{rel}","templated":true}]}}