{"id":36948,"date":"2012-04-20T00:00:00","date_gmt":"2012-04-19T23:00:00","guid":{"rendered":"https:\/\/grappa.no\/no\/albums\/ukategorisert\/down-to-the-bone\/"},"modified":"2020-08-21T08:56:25","modified_gmt":"2020-08-21T07:56:25","slug":"down-to-the-bone","status":"publish","type":"product","link":"https:\/\/grappa.no\/no\/albums\/grappa\/down-to-the-bone\/","title":{"rendered":"Down to the bone"},"content":{"rendered":"<p><\/p>\n<p>Down To The Bone  Bakgrunnen for dette prosjektet stammer fra en tid da Lars Beckstr\u00f8m (De Lillos, Beckstr\u00f8m Kvartett), Paal Flaata (Midnight Choir) og G\u00f8ran Grini (Haddy N\u2019Jie, Few Good Men, John Peter &amp; His Collaborators) turnerte sammen i Tyskland. Siden den tid har trioen \u00f8nsket \u00e5 lage musikk sammen, og resultatet har n\u00e5 blitt en plate med Lars Beckstr\u00f8ms l\u00e5ter.   Down To The Bone inneholder musikk som formidler mange ulike stemninger, fremf\u00f8rst av lydh\u00f8re musikere og to av norges fineste vokalister. Det er vakre, sterke melodier og tekster og bandet har latt seg inspirere av keltisk\/britisk folk og pop, men ogs\u00e5 av country og americana.   \u00d8vrige musikere i bandet er faste medlemmer i Beckstr\u00f8m Kvartett og de Lillos, Live Miranda, bandets andre vokalist og yngste medlem, synger blant annet med Adam Eaton.   The Humble Servants ble startet som et studioprosjekt, der Lars F. Beckstr\u00f8m inviterte gode musikalske venner i studio. Prosjektet har utviklet seg til \u00e5 bli et fast band best\u00e5ende av Paal Flaata og Live Miranda Solberg p\u00e5 vokal, Lars F. Beckstr\u00f8m p\u00e5 diverse strengeinstrumenter, Marius Kristiansen p\u00e5 gitar, Tov Ramstad p\u00e5 kontrabass, G\u00f8ran Grini p\u00e5 piano, J\u00f8rn Raknes p\u00e5 pedal steel, Lise Voldsdal p\u00e5 fele og Rune Lindstr\u00f8m p\u00e5 trommer.<\/p>\n<p><!--more--><\/p>\n<p>Med to av norges fineste vokalstemmer og et superlag av musikere er The Humble Servants n\u00e5 klare med sitt debutalbum &quot;Down To The Bone&quot;<\/p>\n<h4>Vakre, sterke melodier og tekster<\/h4>\n<p>Down To The Bone inneholder musikk som formidler mange ulike stemninger, fremf\u00f8rst av lydh\u00f8re musikere og to av norges fineste vokalister. Det er vakre, sterke melodier og tekster og bandet har latt seg inspirere av keltisk\/britisk folk og pop, men ogs\u00e5 av country og americana.  \u00d8vrige musikere i bandet er faste medlemmer i Beckstr\u00f8m Kvartett og de Lillos, Live Miranda, bandets andre vokalist og yngste medlem, synger blant annet med Adam Eaton.<\/p>\n<h4>Inviterte gode musikalske venner<\/h4>\n<p>The Humble Servants ble startet som et studioprosjekt, der Lars F. Beckstr\u00f8m inviterte gode musikalske venner i studio. Prosjektet har utviklet seg til \u00e5 bli et fast band best\u00e5ende av Paal Flaata og Live Miranda Solberg p\u00e5 vokal, Lars F. Beckstr\u00f8m p\u00e5 diverse strengeinstrumenter, Marius Kristiansen p\u00e5 gitar, Tov Ramstad p\u00e5 kontrabass, G\u00f8ran Grini p\u00e5 piano, J\u00f8rn Raknes p\u00e5 pedal steel, Lise Voldsdal p\u00e5 fele og Rune Lindstr\u00f8m p\u00e5 trommer.<\/p>\n<h4><\/h4>\n<\/p>\n<p><\/p>","protected":false},"excerpt":{"rendered":"<p>Med Lars Fredrik Beckstr\u00f8ms engelske l\u00e5ter, er The Humble Servants n\u00e5 klare for \u00e5 gi ut sitt debutalbum Down To The Bone<\/p>\n","protected":false},"featured_media":27060,"comment_status":"closed","ping_status":"open","template":"","meta":[],"product_brand":[],"product_cat":[6],"product_tag":[],"class_list":{"0":"post-36948","1":"product","2":"type-product","3":"status-publish","4":"has-post-thumbnail","6":"product_cat-grappa","7":"product_shipping_class-cddvd-shipping","8":"uni_artist_genre-americana","9":"uni_artist_genre-country","10":"uni_artist_genre-folk-music","11":"uni_artist_genre-pop","13":"first","14":"instock","15":"taxable","16":"shipping-taxable","17":"purchasable","18":"product-type-variable","19":"has-default-attributes"},"_links":{"self":[{"href":"https:\/\/grappa.no\/no\/wp-json\/wp\/v2\/product\/36948","targetHints":{"allow":["GET"]}}],"collection":[{"href":"https:\/\/grappa.no\/no\/wp-json\/wp\/v2\/product"}],"about":[{"href":"https:\/\/grappa.no\/no\/wp-json\/wp\/v2\/types\/product"}],"replies":[{"embeddable":true,"href":"https:\/\/grappa.no\/no\/wp-json\/wp\/v2\/comments?post=36948"}],"wp:featuredmedia":[{"embeddable":true,"href":"https:\/\/grappa.no\/no\/wp-json\/wp\/v2\/media\/27060"}],"wp:attachment":[{"href":"https:\/\/grappa.no\/no\/wp-json\/wp\/v2\/media?parent=36948"}],"wp:term":[{"taxonomy":"product_brand","embeddable":true,"href":"https:\/\/grappa.no\/no\/wp-json\/wp\/v2\/product_brand?post=36948"},{"taxonomy":"product_cat","embeddable":true,"href":"https:\/\/grappa.no\/no\/wp-json\/wp\/v2\/product_cat?post=36948"},{"taxonomy":"product_tag","embeddable":true,"href":"https:\/\/grappa.no\/no\/wp-json\/wp\/v2\/product_tag?post=36948"}],"curies":[{"name":"wp","href":"https:\/\/api.w.org\/{rel}","templated":true}]}}