{"id":36923,"date":"2019-08-09T00:00:00","date_gmt":"2019-08-08T23:00:00","guid":{"rendered":"https:\/\/grappa.no\/no\/albums\/ukategorisert\/the-world-i-used-to-know-2\/"},"modified":"2020-08-21T08:57:19","modified_gmt":"2020-08-21T07:57:19","slug":"the-world-i-used-to-know","status":"publish","type":"product","link":"https:\/\/grappa.no\/no\/albums\/grappa\/the-world-i-used-to-know\/","title":{"rendered":"The World I Used To know"},"content":{"rendered":"<p><\/p>\n<p>Feiringen av Ketil Bj\u00f8rnstads 50-\u00e5rsjubileum som artist fortsetter.  V\u00e5ren 2018 inns\u00e5 Ketil Bj\u00f8rnstad at det bare var et knapt \u00e5r igjen f\u00f8r det hadde g\u00e5tt 50 \u00e5r siden han debuterte som pianist med Filharmonien i Universitetets Aula den 10. januar 1969. P\u00e5 den dagen i \u00e5r begynte da markeringen av det som er Bj\u00f8rnstad-\u00e5ret 2019 med en lekker ny-utgivelse av Rainbow Sessions. 9. august slippes The World I Used To Know p\u00e5 Grappa Musikkforlag, som er spilt inn i verdens mest kjente studio &#8211; Abbey Road i London, n\u00e6rmere bestemt i Studio Two der blant annet The Beatles spilte inn sitt materiale. Albumet slippes ikke bare p\u00e5 CD, vinyl, og digitalt, men ogs\u00e5 som en storsl\u00e5tt boks som best\u00e5r av fem CDer. Alle disse inneholder innspillingene fra Abbey Road, men boksen inneholder i tillegg tre CDer med musikk fra hele hans karriere med ulike gjestevokalister, og ikke minst ytterligere \u00e9n ny plate som er spilt inn i Rainbow Studio her i Oslo.I tillegg kommer Bj\u00f8rnstads femte bind i serien \u00abVerden som var min\u00bb med Tyvetallet den 2. august, som gis ut p\u00e5 Aschehoug Forlag.<\/p>\n<p><!--more--><\/p>\n<p>Ketil Bj\u00f8rnstad &#8211; The World I Used To Know<\/p>\n<h4>50 \u00e5r<\/h4>\n<p>V\u00e5ren 2018 inns\u00e5 Ketil Bj\u00f8rnstad at det bare var et knapt \u00e5r igjen f\u00f8r det hadde g\u00e5tt 50 \u00e5r siden han debuterte som pianist med Filharmonien i Universitetets Aula den 10. januar 1969. P\u00e5 den dagen i \u00e5r begynte da markeringen av det som er Bj\u00f8rnstad-\u00e5ret 2019 med en lekker ny-utgivelse av Rainbow Sessions.  9. august slippes The World I Used To Know p\u00e5 Grappa Musikkforlag, som er spilt inn i verdens mest kjente studio &#8211; Abbey Road i London, n\u00e6rmere bestemt i Studio Two der blant annet The Beatles spilte inn sitt materiale. Albumet slippes ikke bare p\u00e5 CD, vinyl, og digitalt, men ogs\u00e5 som en storsl\u00e5tt boks som best\u00e5r av fem CDer. Alle disse inneholder innspillingene fra Abbey Road, men boksen inneholder i tillegg tre CDer med musikk fra hele hans karriere med ulike gjestevokalister, og ikke minst ytterligere \u00e9n ny plate som er spilt inn i Rainbow Studio her i Oslo.  To dager senere st\u00e5r Bj\u00f8rnstad for \u00e5pningskonserten i Operaen under Oslo Jazzfestival &#8211; eller, konsertene er kanskje mer korrekt, ettersom det blir to av dem denne dagen, 11. august. Begge disse er n\u00e5 utsolgt!  I tillegg kommer Bj\u00f8rnstads femte bind i serien \u00abVerden som var min\u00bb med Tyvetallet den 2. august, som gis ut p\u00e5 Aschehoug Forlag.<\/p>\n<h4><\/h4>\n<p><h4><\/h4>\n<\/p>\n<p><\/p>","protected":false},"excerpt":{"rendered":"<p>Feiringen av Ketil Bj\u00f8rnstads 50-\u00e5rsjubileum som artist fortsetter.<\/p>\n","protected":false},"featured_media":36832,"comment_status":"closed","ping_status":"open","template":"","meta":[],"product_brand":[],"product_cat":[6],"product_tag":[],"class_list":{"0":"post-36923","1":"product","2":"type-product","3":"status-publish","4":"has-post-thumbnail","6":"product_cat-grappa","7":"product_shipping_class-cddvd-shipping","8":"uni_artist_tag-burt-bacharach","9":"uni_artist_tag-claude-debussy","10":"uni_artist_tag-erik-bye","11":"uni_artist_tag-franz-schubert","12":"uni_artist_tag-george-harrison","13":"uni_artist_tag-johannes-brahms","14":"uni_artist_tag-joni-mitchell","15":"uni_artist_tag-keith-jarrett","16":"uni_artist_tag-ketil-bjornstad","17":"uni_artist_tag-ole-paus","18":"uni_artist_tag-rod-mckuen","19":"uni_artist_tag-ronald-binge","20":"uni_artist_tag-wolfgang-amadeus-mozart","21":"uni_main_artist_tag-ketil-bjornstad","22":"uni_artist_genre-jazz","23":"uni_artist_genre-piano","25":"first","26":"instock","27":"taxable","28":"shipping-taxable","29":"purchasable","30":"product-type-variable","31":"has-default-attributes"},"_links":{"self":[{"href":"https:\/\/grappa.no\/no\/wp-json\/wp\/v2\/product\/36923","targetHints":{"allow":["GET"]}}],"collection":[{"href":"https:\/\/grappa.no\/no\/wp-json\/wp\/v2\/product"}],"about":[{"href":"https:\/\/grappa.no\/no\/wp-json\/wp\/v2\/types\/product"}],"replies":[{"embeddable":true,"href":"https:\/\/grappa.no\/no\/wp-json\/wp\/v2\/comments?post=36923"}],"wp:featuredmedia":[{"embeddable":true,"href":"https:\/\/grappa.no\/no\/wp-json\/wp\/v2\/media\/36832"}],"wp:attachment":[{"href":"https:\/\/grappa.no\/no\/wp-json\/wp\/v2\/media?parent=36923"}],"wp:term":[{"taxonomy":"product_brand","embeddable":true,"href":"https:\/\/grappa.no\/no\/wp-json\/wp\/v2\/product_brand?post=36923"},{"taxonomy":"product_cat","embeddable":true,"href":"https:\/\/grappa.no\/no\/wp-json\/wp\/v2\/product_cat?post=36923"},{"taxonomy":"product_tag","embeddable":true,"href":"https:\/\/grappa.no\/no\/wp-json\/wp\/v2\/product_tag?post=36923"}],"curies":[{"name":"wp","href":"https:\/\/api.w.org\/{rel}","templated":true}]}}