{"id":369,"date":"1992-05-01T00:00:00","date_gmt":"1992-04-30T23:00:00","guid":{"rendered":"http:\/\/www.grappa.no\/albums\/uncategorized\/haydn-cello-concertos\/"},"modified":"2019-02-22T15:37:39","modified_gmt":"2019-02-22T14:37:39","slug":"haydn-cello-concertos","status":"publish","type":"product","link":"https:\/\/grappa.no\/no\/albums\/simax-classics\/haydn-cello-concertos\/","title":{"rendered":"Haydn Cello Concertos"},"content":{"rendered":"<p><\/p>\n<p>Truls M\u00f8rks fantastiske innspilling av Haydn<\/p>\n<p>Denne innspillingen fikk navnet og klangen av Truls M\u00f8rk spredt over hele verden nesten over natten, og hans karriere har selvf\u00f8lgelig fortsatt \u00e5 vokse siden. M\u00f8rks helt egenartede musikalitet og evne til \u00e5 kommunisere gjennom sin Montagna cello (1723) fanges i all sin storhet i denne sensasjonelle innspillingen han gjorde sammen med Iona Brown og Det Norske Kammerorkester.<\/p>\n<p><!--more--><\/p>\n<h4><\/h4>\n<\/p>\n<h4><\/h4>\n<p><h4><\/h4>\n<\/p>\n<p><\/p>","protected":false},"excerpt":{"rendered":"<p>\u2013 Truls M\u00f8rk is a find. His playing throughout is superb. [High Performance Review]<\/p>\n","protected":false},"featured_media":27556,"comment_status":"closed","ping_status":"open","template":"","meta":[],"product_brand":[],"product_cat":[180],"product_tag":[],"class_list":{"0":"post-369","1":"product","2":"type-product","3":"status-publish","4":"has-post-thumbnail","6":"product_cat-simax-classics","7":"product_shipping_class-cddvd-shipping","8":"uni_artist_tag-iona-brown","9":"uni_artist_tag-joseph-haydn","10":"uni_artist_tag-norwegian-chamber-orchestra","11":"uni_artist_tag-tony-harrison","12":"uni_artist_tag-truls-mork","13":"uni_main_artist_tag-truls-mork","14":"uni_artist_genre-chamber-music","15":"uni_artist_genre-concerto","16":"uni_artist_genre-hi-fi","17":"uni_artist_genre-strings","19":"first","20":"instock","21":"taxable","22":"shipping-taxable","23":"purchasable","24":"product-type-simple"},"_links":{"self":[{"href":"https:\/\/grappa.no\/no\/wp-json\/wp\/v2\/product\/369","targetHints":{"allow":["GET"]}}],"collection":[{"href":"https:\/\/grappa.no\/no\/wp-json\/wp\/v2\/product"}],"about":[{"href":"https:\/\/grappa.no\/no\/wp-json\/wp\/v2\/types\/product"}],"replies":[{"embeddable":true,"href":"https:\/\/grappa.no\/no\/wp-json\/wp\/v2\/comments?post=369"}],"wp:featuredmedia":[{"embeddable":true,"href":"https:\/\/grappa.no\/no\/wp-json\/wp\/v2\/media\/27556"}],"wp:attachment":[{"href":"https:\/\/grappa.no\/no\/wp-json\/wp\/v2\/media?parent=369"}],"wp:term":[{"taxonomy":"product_brand","embeddable":true,"href":"https:\/\/grappa.no\/no\/wp-json\/wp\/v2\/product_brand?post=369"},{"taxonomy":"product_cat","embeddable":true,"href":"https:\/\/grappa.no\/no\/wp-json\/wp\/v2\/product_cat?post=369"},{"taxonomy":"product_tag","embeddable":true,"href":"https:\/\/grappa.no\/no\/wp-json\/wp\/v2\/product_tag?post=369"}],"curies":[{"name":"wp","href":"https:\/\/api.w.org\/{rel}","templated":true}]}}