{"id":36806,"date":"2019-08-09T00:00:00","date_gmt":"2019-08-05T23:00:00","guid":{"rendered":"https:\/\/grappa.no\/no\/albums\/ukategorisert\/knut-buen-vandraren\/"},"modified":"2019-08-08T22:04:02","modified_gmt":"2019-08-08T21:04:02","slug":"knut-buen-vandraren","status":"publish","type":"product","link":"https:\/\/grappa.no\/no\/albums\/heilo\/knut-buen-vandraren\/","title":{"rendered":"Knut Buen: Vandraren"},"content":{"rendered":"<p><\/p>\n<p>Nykomponerte sl\u00e5tter satt ut for klaver<\/p>\n<p>Fra den nyskapende multikunstneren Knut Buen kommer albumet \u00abVandraren\u00bb, best\u00e5ende av 19 hardingfelesl\u00e5tter komponert av Buen, arrangert for klaver av Kjetil Bergheim. Sl\u00e5ttene tolkes av 16 pianister med bakgrunn fra 10 forskjellige land, inklusive H\u00e5vard Gimse som ogs\u00e5 er initiativtaker til prosjektet. Utgivelsen inneholder ogs\u00e5 feleversjonen av noen sl\u00e5tter, spilt av Knut selv.<br \/>\nI forbindelse med plateslippet blir samlingen urfremf\u00f8rt med alle pianistene p\u00e5 Neset Gard i Rauland 10. august. 17. august blir det konsert p\u00e5 Oscarshall under regi av Oslo Kammermusikkfestival.<\/p>\n<p><!--more--><\/p>\n<h4>Vandraren<\/h4>\n<p>\u00abVandraren\u00bb er p\u00e5 mange m\u00e5ter et initiativ for \u00e5 gj\u00f8re folkemusikken tilgjengelig for et st\u00f8rre publikum. En ekstra motivasjon for Buen er at denne musikken med dype r\u00f8tter i Telemark blir tolket av unge, h\u00e5ndplukkede ut\u00f8vere med ulik personlighet, b\u00e6rende p\u00e5 hver sin musikalske arv. Felles for dem alle er at de enten har v\u00e6rt eller er studenter av H\u00e5vard Gimse ved Norges musikkh\u00f8gskole. De unge ut\u00f8vernes forskjellige bakgrunn resulterer i mange ulike innfallsvinkler til stykkene, slik at hver sl\u00e5tt f\u00e5r sin egen farge preget av en verden der ulike kulturer smelter sammen.<br \/>\nAlbumet inneholder ogs\u00e5 9 sl\u00e5tter av og med Knut Buen. I anledning at Knut Buen spiller noen av sine egne sl\u00e5tter p\u00e5 hardingfele, medvirker ogs\u00e5 Finn Kvalem med opplesing av dikt, K\u00e5re Nordstoga med orgelarrangement og Agnes Buen Garn\u00e5s med kveding i verket &quot;Dei fredlause&quot; (f\u00f8rst utgitt 1985). Sl\u00e5ttestev til &quot;Gjermund Haugens minne&quot; er ogs\u00e5 tatt med, tolket av Gjermund Haugen i arkivopptak.<\/p>\n<h4>Knut Buen<\/h4>\n<p>Knut Buen er kjent for sin sterke posisjon i hardingfeletradisjonen fra Telemark. Imidlertid er Buen ogs\u00e5 en av de mest nyskapende og allsidige hardingfelespillerne vi har. Hans f\u00f8rste utgivelse kom i 1972, og etter dette st\u00e5r han bak en lang rekke utgivelser blant annet p\u00e5 sitt eget forlag \u00abBuen Kulturverkstad\u00bb. Hans siste prosjekter viser allsidigheten i Buens virke, her kan nevnes hans bidrag som tekstforfatter p\u00e5 sju l\u00e5ter p\u00e5 G\u00e5tes etterlengtede comeback-album \u00abSvevn\u00bb i 2018. Samme \u00e5r ga han ut \u00abGamle danser fra Telemark\u00bb- runddansmusikk sammen med H\u00e5vard Svendsrud trio. Buen ble utnevnt til statsstipendiat i 1989 og ble i 2017 ansatt som professor ved Norges musikkh\u00f8gskole.<\/p>\n<h4><\/h4>\n<\/p>\n<p><\/p>","protected":false},"excerpt":{"rendered":"<p>Et s\u00e6regent album med komposisjoner av Knut Buen \u2013 tolket av unge pianister<\/p>\n","protected":false},"featured_media":36807,"comment_status":"closed","ping_status":"open","template":"","meta":[],"product_brand":[],"product_cat":[35],"product_tag":[],"class_list":{"0":"post-36806","1":"product","2":"type-product","3":"status-publish","4":"has-post-thumbnail","6":"product_cat-heilo","7":"product_shipping_class-cddvd-shipping","8":"uni_artist_tag-agnes-buen-garnas","9":"uni_artist_tag-christian-sommerfelt","10":"uni_artist_tag-dragos-a-cantea","11":"uni_artist_tag-emil-duncumb","12":"uni_artist_tag-finn-kvalem","13":"uni_artist_tag-gjermund-haugen","14":"uni_artist_tag-grace-jee-eun-oh","15":"uni_artist_tag-havard-gimse","16":"uni_artist_tag-jie-zhang","17":"uni_artist_tag-josephine-hsieh","18":"uni_artist_tag-julie-yuqing-ye","19":"uni_artist_tag-kare-nordstoga","20":"uni_artist_tag-knut-buen","21":"uni_artist_tag-natallia-papova","22":"uni_artist_tag-olaf-andreas-strand","23":"uni_artist_tag-olga-jorgensen","24":"uni_artist_tag-sean-lewis","25":"uni_artist_tag-shengqki-chen","26":"uni_artist_tag-siril-aufles-valberg","27":"uni_artist_tag-tatia-chikovani","28":"uni_artist_tag-vivian-l-tsui","29":"uni_artist_tag-yun-han-hung","30":"uni_artist_genre-folk-music","31":"uni_artist_genre-instrumental","32":"uni_artist_genre-piano","34":"first","35":"instock","36":"taxable","37":"shipping-taxable","38":"purchasable","39":"product-type-simple"},"_links":{"self":[{"href":"https:\/\/grappa.no\/no\/wp-json\/wp\/v2\/product\/36806","targetHints":{"allow":["GET"]}}],"collection":[{"href":"https:\/\/grappa.no\/no\/wp-json\/wp\/v2\/product"}],"about":[{"href":"https:\/\/grappa.no\/no\/wp-json\/wp\/v2\/types\/product"}],"replies":[{"embeddable":true,"href":"https:\/\/grappa.no\/no\/wp-json\/wp\/v2\/comments?post=36806"}],"wp:featuredmedia":[{"embeddable":true,"href":"https:\/\/grappa.no\/no\/wp-json\/wp\/v2\/media\/36807"}],"wp:attachment":[{"href":"https:\/\/grappa.no\/no\/wp-json\/wp\/v2\/media?parent=36806"}],"wp:term":[{"taxonomy":"product_brand","embeddable":true,"href":"https:\/\/grappa.no\/no\/wp-json\/wp\/v2\/product_brand?post=36806"},{"taxonomy":"product_cat","embeddable":true,"href":"https:\/\/grappa.no\/no\/wp-json\/wp\/v2\/product_cat?post=36806"},{"taxonomy":"product_tag","embeddable":true,"href":"https:\/\/grappa.no\/no\/wp-json\/wp\/v2\/product_tag?post=36806"}],"curies":[{"name":"wp","href":"https:\/\/api.w.org\/{rel}","templated":true}]}}