{"id":368,"date":"1990-08-13T00:00:00","date_gmt":"1990-08-12T23:00:00","guid":{"rendered":"http:\/\/www.grappa.no\/albums\/uncategorized\/childrens-corner\/"},"modified":"2019-02-22T15:37:03","modified_gmt":"2019-02-22T14:37:03","slug":"childrens-corner","status":"publish","type":"product","link":"https:\/\/grappa.no\/no\/albums\/simax-classics\/childrens-corner\/","title":{"rendered":"Children&#8217;s Corner"},"content":{"rendered":"<p><\/p>\n<p>Peter Katin i lekekroken<\/p>\n<p>Den annerkjente pianisten Peter Katin serverer et lekent repertoar av de fire komponistene Grovlez, Severac, Ibert og Debussy. P\u00e5 hver sin unike m\u00e5te fanger disse komponistene i sin musikk den fantasien og friheten man kan finne i et barns sinn. Et bredt repertoar av nette stykker, stemningsfulle melodier og lekne vendinger skaper til sammen en spennende plate som man kan h\u00f8re om og om igjen. <\/p>\n<p>Til verket L&#8217;Almanach aux Images (billedboken) av Gabriel Grovlez er det lagt ved dikt som passer til de ulike stykkene som maner frem stemninger og bilder. Stykkene av D\u00e9odat de S\u00e9verac handler om de to barne Toto and Mimi som elsket \u00e5 ape etter andre. Jacques Iberts Histories gir oss varierte musikalske uttrykk gjennom ti sm\u00e5 stykker basert p\u00e5 samme antall sm\u00e5 historier. Plata avlutter med det kjente og kj\u00e6re Children&#8217;s Corner (barnas hj\u00f8rne) av Debussy.   <\/p>\n<p>Peter Katin har gjennom siden karriere oppn\u00e5dd stor suksess med blant annet sine fremf\u00f8relser av Beethoven, Mozart og Chopin.<\/p>\n<p><!--more--><\/p>\n<h4><\/h4>\n<\/p>\n<h4><\/h4>\n<p><h4><\/h4>\n<\/p>\n<p><\/p>","protected":false},"excerpt":{"rendered":"<p>\u2013 This recital is a quiet delight. [Fanfare]<\/p>\n","protected":false},"featured_media":27555,"comment_status":"closed","ping_status":"open","template":"","meta":[],"product_brand":[],"product_cat":[180],"product_tag":[],"class_list":{"0":"post-368","1":"product","2":"type-product","3":"status-publish","4":"has-post-thumbnail","6":"product_cat-simax-classics","7":"product_shipping_class-cddvd-shipping","8":"uni_artist_tag-claude-debussy","9":"uni_artist_tag-jaques-ibert","10":"uni_artist_tag-peter-katin","11":"uni_main_artist_tag-peter-katin","12":"uni_artist_genre-children","13":"uni_artist_genre-piano","15":"first","16":"instock","17":"taxable","18":"shipping-taxable","19":"purchasable","20":"product-type-simple"},"_links":{"self":[{"href":"https:\/\/grappa.no\/no\/wp-json\/wp\/v2\/product\/368","targetHints":{"allow":["GET"]}}],"collection":[{"href":"https:\/\/grappa.no\/no\/wp-json\/wp\/v2\/product"}],"about":[{"href":"https:\/\/grappa.no\/no\/wp-json\/wp\/v2\/types\/product"}],"replies":[{"embeddable":true,"href":"https:\/\/grappa.no\/no\/wp-json\/wp\/v2\/comments?post=368"}],"wp:featuredmedia":[{"embeddable":true,"href":"https:\/\/grappa.no\/no\/wp-json\/wp\/v2\/media\/27555"}],"wp:attachment":[{"href":"https:\/\/grappa.no\/no\/wp-json\/wp\/v2\/media?parent=368"}],"wp:term":[{"taxonomy":"product_brand","embeddable":true,"href":"https:\/\/grappa.no\/no\/wp-json\/wp\/v2\/product_brand?post=368"},{"taxonomy":"product_cat","embeddable":true,"href":"https:\/\/grappa.no\/no\/wp-json\/wp\/v2\/product_cat?post=368"},{"taxonomy":"product_tag","embeddable":true,"href":"https:\/\/grappa.no\/no\/wp-json\/wp\/v2\/product_tag?post=368"}],"curies":[{"name":"wp","href":"https:\/\/api.w.org\/{rel}","templated":true}]}}