{"id":36785,"date":"2019-07-12T00:00:00","date_gmt":"2019-07-11T23:00:00","guid":{"rendered":"https:\/\/grappa.no\/no\/albums\/ukategorisert\/et-han-mot-overklassen\/"},"modified":"2020-08-21T09:17:39","modified_gmt":"2020-08-21T08:17:39","slug":"et-han-mot-overklassen","status":"publish","type":"product","link":"https:\/\/grappa.no\/no\/albums\/hubro\/et-han-mot-overklassen\/","title":{"rendered":"Et h\u00e5n mot overklassen"},"content":{"rendered":"<p><\/p>\n<p>Bushman\u2019s Revenge- \u00abEt h\u00e5n mot overklassen\u00bb er en uvanlig subtil innspilling, og markerer en signifikant avstand fra deres tidligere r\u00f8tter, gjennom \u00e5 dempe hard elektronikk til det bandet beskriver som en roligere, nesten semi-akustisk stil.  Debut HUBRO-albumet fra den h\u00f8yt aktede norske trioen Bushman\u2019s Revenge- undergrunnsstjerner fra Rune Grammofon-labelen i ti\u00e5r- opererer p\u00e5 flere niv\u00e5er. Etter en hypnotisk eksperimentell prelude som skaper et slags h\u00f8rbart v\u00e6rsystem, med de delikate glissandoene fra Even Helte Hermansens soprangitar satt opp mot Gard Nilssens perkusjon og de elegante taktene fra Rune Nergaards elektriske bass, begynner \u00abEt h\u00e5n mot overklassen\u00bb \u00e5 sette seg. Instrumentene h\u00f8res rett og slett slik som gitar, bass og trommer er ment \u00e5 h\u00f8res ut, og \u00e5pningsnumrene f\u00f8lger en gjenkjennbar modell av tema\/improvisasjon\/tema.<\/p>\n<p><!--more--><\/p>\n<h4><\/h4>\n<\/p>\n<h4><\/h4>\n<p><h4><\/h4>\n<\/p>\n<p><\/p>","protected":false},"excerpt":{"rendered":"<p>Klingende bluesjam m\u00f8ter svevende gotiske lydlandskap i en kulttrios overskridende h\u00e5n av overklassen.<\/p>\n","protected":false},"featured_media":36795,"comment_status":"closed","ping_status":"open","template":"","meta":[],"product_brand":[],"product_cat":[36],"product_tag":[],"class_list":{"0":"post-36785","1":"product","2":"type-product","3":"status-publish","4":"has-post-thumbnail","6":"product_cat-hubro","7":"product_shipping_class-cddvd-shipping","8":"uni_artist_tag-bushmans-revenge","9":"uni_artist_tag-gard-nilssen","10":"uni_artist_tag-rune-nergaard","11":"uni_main_artist_tag-bushmans-revenge","12":"uni_artist_genre-improvised-music","13":"uni_artist_genre-instrumental","14":"uni_artist_genre-jazz","16":"first","17":"instock","18":"taxable","19":"shipping-taxable","20":"purchasable","21":"product-type-variable","22":"has-default-attributes"},"_links":{"self":[{"href":"https:\/\/grappa.no\/no\/wp-json\/wp\/v2\/product\/36785","targetHints":{"allow":["GET"]}}],"collection":[{"href":"https:\/\/grappa.no\/no\/wp-json\/wp\/v2\/product"}],"about":[{"href":"https:\/\/grappa.no\/no\/wp-json\/wp\/v2\/types\/product"}],"replies":[{"embeddable":true,"href":"https:\/\/grappa.no\/no\/wp-json\/wp\/v2\/comments?post=36785"}],"wp:featuredmedia":[{"embeddable":true,"href":"https:\/\/grappa.no\/no\/wp-json\/wp\/v2\/media\/36795"}],"wp:attachment":[{"href":"https:\/\/grappa.no\/no\/wp-json\/wp\/v2\/media?parent=36785"}],"wp:term":[{"taxonomy":"product_brand","embeddable":true,"href":"https:\/\/grappa.no\/no\/wp-json\/wp\/v2\/product_brand?post=36785"},{"taxonomy":"product_cat","embeddable":true,"href":"https:\/\/grappa.no\/no\/wp-json\/wp\/v2\/product_cat?post=36785"},{"taxonomy":"product_tag","embeddable":true,"href":"https:\/\/grappa.no\/no\/wp-json\/wp\/v2\/product_tag?post=36785"}],"curies":[{"name":"wp","href":"https:\/\/api.w.org\/{rel}","templated":true}]}}