{"id":36781,"date":"2000-08-31T00:00:00","date_gmt":"2000-08-30T23:00:00","guid":{"rendered":"https:\/\/grappa.no\/no\/albums\/ukategorisert\/gisle-kvaerndokk-bokken-lasson-sensibel-suksess-radiopera\/"},"modified":"2024-01-02T11:01:32","modified_gmt":"2024-01-02T10:01:32","slug":"gisle-kvaerndokk-bokken-lasson-sensibel-suksess-radiopera","status":"publish","type":"product","link":"https:\/\/grappa.no\/no\/albums\/simax-classics\/gisle-kvaerndokk-bokken-lasson-sensibel-suksess-radiopera\/","title":{"rendered":"Gisle Kv\u00e6rndokk: Bokken Lasson &#8211; sensibel suksess (RadiOpera)"},"content":{"rendered":"<p><\/p>\n<p>Bokken Lasson \u2013 Chat Noirs mor<\/p>\n<p>Bokken Lasson kalles med rette for Chat Noirs mor. I 1912 dannet hun denne cabareten i Oslo som samlet kunstnere b\u00e5de fra Norge og fra andre land. Det var en \u00ablitter\u00e6r \u00bbcabaret etter fransk m\u00f8nster; det mer finstemte uttrykket var idealet. Men hva var egentlig hennes historie, og klarte hun \u00e5 realisere sin dr\u00f8m? <\/p>\n<p>Komponist Gisle Kverndokk og tekstforfatter Ivar Tindberg har laget et musikkteater-verk som forteller Bokkens historie i toner og ord, med hovedpersonen selv i rollen som forteller. Utgangspunktet er naturlig nok cabareten, men man har ogs\u00e5 tatt i bruk virkemidler som er utviklet innenfor genren radiodokumentar. Slik beveger stykket seg elegant mellom flere forskjellige tidsplan og lar ord og musikk utdype mange av de faser som til sammen danner Bokken Lassons begivenhetsrike liv. Som lyttere tas vi med inn i kunstens levek\u00e5r i Norge rundt forrige \u00e5rhundreskifte, og f\u00f8lger en av dem man regnet som en del av \u201dChristiania-bohemen\u201d. <\/p>\n<p>Kverndokk og Tindberg har skapt et verk som er dramatisk og informativt p\u00e5 samme tid, levendegjort i et samarbeid mellom NRK Radioteatret og Musikkredaksjonen. Berit Hedemann, en pioner innen utviklingen av radiodokumentar-genren, har gitt stykket en puls som driver historien avg\u00e5rde som en moderne dokumentar, med flere forskjellige innfallsvinkler og kommentarer fra de involverte rollefigurene etterhvert som handlingen skrider fremover. <\/p>\n<p>En flott hyldest til Bokken Lassons liv og kunst som tegner et bilde av mennesket som skapte Chat Noir, og som aldri lot seg knekke av den motgangen livet ga henne.<\/p>\n<p><!--more--><\/p>\n<p>Bokken Lasson kalles med rette for Chat Noirs mor. I 1912 dannet hun denne cabareten i Oslo som samlet kunstnere b\u00e5de fra Norge og fra andre land. Det var en \u00ablitter\u00e6r \u00bbcabaret etter fransk m\u00f8nster; det mer finstemte uttrykket var idealet. Men hva var egentlig hennes historie, og klarte hun \u00e5 realisere sin dr\u00f8m?<\/p>\n<h4><\/h4>\n<\/p>\n<h4><\/h4>\n<p><h4><\/h4>\n<\/p>\n<p><\/p>","protected":false},"excerpt":{"rendered":"<p>Komponist Gisle Kverndokk og tekstforfatter Ivar Tindberg har laget et musikkteater-verk som forteller Bokkens historie i toner og ord, med hovedpersonen selv i rollen som forteller.<\/p>\n","protected":false},"featured_media":36793,"comment_status":"closed","ping_status":"closed","template":"","meta":[],"product_brand":[],"product_cat":[180],"product_tag":[],"class_list":{"0":"post-36781","1":"product","2":"type-product","3":"status-publish","4":"has-post-thumbnail","6":"product_cat-simax-classics","7":"product_shipping_class-cddvd-shipping","8":"uni_artist_tag-christian-eggen","9":"uni_artist_tag-gisle-kverndokk","10":"uni_artist_tag-norwegian-radio-orchestra","11":"uni_artist_genre-contemporary-music","13":"first","14":"outofstock","15":"taxable","16":"shipping-taxable","17":"purchasable","18":"product-type-simple"},"_links":{"self":[{"href":"https:\/\/grappa.no\/no\/wp-json\/wp\/v2\/product\/36781","targetHints":{"allow":["GET"]}}],"collection":[{"href":"https:\/\/grappa.no\/no\/wp-json\/wp\/v2\/product"}],"about":[{"href":"https:\/\/grappa.no\/no\/wp-json\/wp\/v2\/types\/product"}],"replies":[{"embeddable":true,"href":"https:\/\/grappa.no\/no\/wp-json\/wp\/v2\/comments?post=36781"}],"wp:featuredmedia":[{"embeddable":true,"href":"https:\/\/grappa.no\/no\/wp-json\/wp\/v2\/media\/36793"}],"wp:attachment":[{"href":"https:\/\/grappa.no\/no\/wp-json\/wp\/v2\/media?parent=36781"}],"wp:term":[{"taxonomy":"product_brand","embeddable":true,"href":"https:\/\/grappa.no\/no\/wp-json\/wp\/v2\/product_brand?post=36781"},{"taxonomy":"product_cat","embeddable":true,"href":"https:\/\/grappa.no\/no\/wp-json\/wp\/v2\/product_cat?post=36781"},{"taxonomy":"product_tag","embeddable":true,"href":"https:\/\/grappa.no\/no\/wp-json\/wp\/v2\/product_tag?post=36781"}],"curies":[{"name":"wp","href":"https:\/\/api.w.org\/{rel}","templated":true}]}}