{"id":36752,"date":"2019-06-21T00:00:00","date_gmt":"2019-06-20T23:00:00","guid":{"rendered":"https:\/\/www.grappa.no\/no\/albums\/ukategorisert\/konger-av-norge\/"},"modified":"2019-07-31T18:40:22","modified_gmt":"2019-07-31T17:40:22","slug":"konger-av-norge","status":"publish","type":"product","link":"https:\/\/grappa.no\/no\/albums\/grappa\/konger-av-norge\/","title":{"rendered":"Konger av Norge"},"content":{"rendered":"<p><\/p>\n<p>Birkelunden Mannskor albumdebuterer! <\/p>\n<p>Konger av Norge inneholder \u00e5tte verk om norske konger gjennom tidene &#8211; og to av dem er nyskrevne for anledningen. Dette er en plate med klassisk mannskorrepertoar, fremf\u00f8rt av det unge og friske Birkelunden Mannskor. <\/p>\n<p>Koret har samlet det beste av det beste fra det norske nasjonalromantiske mannskorrepertoaret og laget et album med sanger som handler om norske konger. Disse stykkene stammer fra mannskorets gullalder, p\u00e5 slutten av 1800-tallet til starten av 1900-tallet. Men, av albumets totalt \u00e5tte stykker, er to av dem nykomponerte verk. Vi snakker om det nyskrevne samtidsverket om Harald H\u00e5rfagre og slaget ved Hafrsfjord av Eivind Buene, og singelen \u00abV\u00e5r Konge\u00bb som er skrevet av Gisle Kverndokk med tekst av Odd-Magnus Williamson, og som selvf\u00f8lgelig handler om Kong Harald V. Fra begynnelsen med \u00abKongesang\u00bb til de siste tonene av \u00abNorges fjell\u00bb tar Birkelunden Mannskor med oss gjennom de vakreste og mest kjente sangene om norske konger (og fjell).<\/p>\n<p><!--more--><\/p>\n<p>Birkelunden Mannskor albumdebuterer!<\/p>\n<h4>Nykomponerte verk<\/h4>\n<p>Dette er en plate med klassisk mannskorrepertoar, fremf\u00f8rt av det unge og friske Birkelunden Mannskor.<br \/>\nKoret har samlet det beste av det beste fra det norske nasjonalromantiske mannskorrepertoaret og laget et album med sanger som handler om norske konger. Disse stykkene stammer fra mannskorets gullalder, p\u00e5 slutten av 1800-tallet til starten av 1900-tallet.<\/p>\n<p>Men, av albumets totalt \u00e5tte stykker, er to av dem nykomponerte verk. Vi snakker om det nyskrevne samtidsverket om Harald H\u00e5rfagre og slaget ved Hafrsfjord av Eivind Buene, og singelen \u00abV\u00e5r Konge\u00bb som er skrevet av Gisle Kverndokk med tekst av Odd-Magnus Williamson, og som selvf\u00f8lgelig handler om Kong Harald V.<\/p>\n<h4>Sangene om norske konger (og fjell)<\/h4>\n<p>Fra begynnelsen med \u00abKongesang\u00bb til de siste tonene av \u00abNorges fjell\u00bb tar Birkelunden Mannskor med oss gjennom de vakreste og mest kjente sangene om norske konger (og fjell). <\/p>\n<p>\u2013 Vi h\u00e5per p\u00e5 at vi med Konger av Norge klarer \u00e5 gj\u00f8re et nytt og ungt publikum &#8211; som kanskje ikke har h\u00f8rt s\u00e5 mye p\u00e5 mannskor tidligere &#8211; oppmerksomme p\u00e5 det som er en h\u00e5ndfull kjente og kj\u00e6re mannskorperler, sier dirigent Knut Kristian Mohn. <\/p>\n<p>\u2013 Dette er klassiske innspillinger, ja, men de inneholder mye tr\u00f8kk og liv!<\/p>\n<p>Produsenten bak Konger av Norge er Eivind Helger\u00f8d, som er kjent for sitt arbeid med Emilie Nicolas og Astrid S, og ble hentet for \u00e5 gj\u00f8re soundet relevant for n\u00e5tiden. Med seg p\u00e5 laget har Birkelunden Mannskor ogs\u00e5 f\u00e5tt med seg den internasjonalt anerkjente barytonen Yngve Andr\u00e9 S\u00f8berg, som synger det mektige solopartiet p\u00e5 \u00abLandkjenning\u00bb, som portretterer Olaf Trygvasson sin hjemkomst til Norge.<\/p>\n<h4><\/h4>\n<\/p>\n<p><\/p>","protected":false},"excerpt":{"rendered":"<p>Birkelunden Mannskor har samlet det beste av det beste fra det norske nasjonalromantiske mannskorrepertoaret og laget et album med sanger som handler om norske konger.<\/p>\n","protected":false},"featured_media":36753,"comment_status":"closed","ping_status":"open","template":"","meta":[],"product_brand":[],"product_cat":[6],"product_tag":[],"class_list":{"0":"post-36752","1":"product","2":"type-product","3":"status-publish","4":"has-post-thumbnail","6":"product_cat-grappa","7":"product_shipping_class-cddvd-shipping","8":"uni_artist_tag-arne-nossum","9":"uni_artist_tag-birkelunden-mannskor","10":"uni_artist_tag-edvard-grieg","11":"uni_artist_tag-eivind-buene","12":"uni_artist_tag-eivind-helgerod","13":"uni_artist_tag-friedrich-august-reissiger","14":"uni_artist_tag-gisle-kverndokk","15":"uni_artist_tag-halfdan-kjerulf","16":"uni_artist_tag-j-halvorsen","17":"uni_artist_tag-trad","18":"uni_main_artist_tag-birkelunden-mannskor","19":"uni_artist_genre-choir","20":"uni_artist_genre-classical","22":"first","23":"instock","24":"taxable","25":"shipping-taxable","26":"purchasable","27":"product-type-simple"},"_links":{"self":[{"href":"https:\/\/grappa.no\/no\/wp-json\/wp\/v2\/product\/36752","targetHints":{"allow":["GET"]}}],"collection":[{"href":"https:\/\/grappa.no\/no\/wp-json\/wp\/v2\/product"}],"about":[{"href":"https:\/\/grappa.no\/no\/wp-json\/wp\/v2\/types\/product"}],"replies":[{"embeddable":true,"href":"https:\/\/grappa.no\/no\/wp-json\/wp\/v2\/comments?post=36752"}],"wp:featuredmedia":[{"embeddable":true,"href":"https:\/\/grappa.no\/no\/wp-json\/wp\/v2\/media\/36753"}],"wp:attachment":[{"href":"https:\/\/grappa.no\/no\/wp-json\/wp\/v2\/media?parent=36752"}],"wp:term":[{"taxonomy":"product_brand","embeddable":true,"href":"https:\/\/grappa.no\/no\/wp-json\/wp\/v2\/product_brand?post=36752"},{"taxonomy":"product_cat","embeddable":true,"href":"https:\/\/grappa.no\/no\/wp-json\/wp\/v2\/product_cat?post=36752"},{"taxonomy":"product_tag","embeddable":true,"href":"https:\/\/grappa.no\/no\/wp-json\/wp\/v2\/product_tag?post=36752"}],"curies":[{"name":"wp","href":"https:\/\/api.w.org\/{rel}","templated":true}]}}