{"id":36739,"date":"2019-06-14T00:00:00","date_gmt":"2019-06-13T23:00:00","guid":{"rendered":"https:\/\/www.grappa.no\/no\/albums\/ukategorisert\/reveries-and-revelations\/"},"modified":"2020-08-21T09:17:31","modified_gmt":"2020-08-21T08:17:31","slug":"reveries-and-revelations","status":"publish","type":"product","link":"https:\/\/grappa.no\/no\/albums\/hubro\/reveries-and-revelations\/","title":{"rendered":"Reveries And Revelations"},"content":{"rendered":"<p><\/p>\n<p>Lag for lag  Mats Eilertsen er en av Norges mest internasjonalt anerkjente jazzmusikere, og en av Europas ledende bassister. Han har gitt ut rekke plater p\u00e5 HUBRO siden starten for ti \u00e5r siden, men har ogs\u00e5 gitt ut flere plater p\u00e5 ECM. P\u00e5 sitt f\u00f8rste soloalbum har han f\u00e5tt med seg et stjernespekket gjestelag, inkludert Arve Henriksen, Eivind Aarset, Geir Sundst\u00f8l, Thomas Str\u00f8nen og Per Oddvar Johansen. Albumet er m\u00f8ysommelig konstruert, lag for lag, i Eilertsens hjemmestudio. Selv spiller han ogs\u00e5 orgel, gitar og en del andre instrumenter i tillegg til bass p\u00e5 albumet. Resultatet er en stemningsfull og spennende plate, som viser nye sider av Eilertsen.<\/p>\n<p><!--more--><\/p>\n<p>Mats Eilertsen er en av Norges mest internasjonalt anerkjente jazzmusikere, og en av Europas ledende bassister. Han har gitt ut rekke plater p\u00e5 HUBRO siden starten for ti \u00e5r siden, men har ogs\u00e5 gitt ut flere plater p\u00e5 ECM. P\u00e5 sitt f\u00f8rste soloalbum har han f\u00e5tt med seg et stjernespekket gjestelag, inkludert Arve Henriksen, Eivind Aarset, Geir Sundst\u00f8l, Thomas Str\u00f8nen og Per Oddvar Johansen. Albumet er m\u00f8ysommelig konstruert, lag for lag, i Eilertsens hjemmestudio. Selv spiller han ogs\u00e5 orgel, gitar og en del andre instrumenter i tillegg til bass p\u00e5 albumet. Resultatet er en stemningsfull og spennende plate, som viser nye sider av Eilertsen.<\/p>\n<h4><\/h4>\n<\/p>\n<h4><\/h4>\n<p><h4><\/h4>\n<\/p>\n<p><\/p>","protected":false},"excerpt":{"rendered":"<p>Mats Eilertsen er en av Norges mest internasjonalt anerkjente jazzmusikere, og en av Europas ledende bassister.<\/p>\n","protected":false},"featured_media":36742,"comment_status":"closed","ping_status":"open","template":"","meta":[],"product_brand":[],"product_cat":[36],"product_tag":[],"class_list":{"0":"post-36739","1":"product","2":"type-product","3":"status-publish","4":"has-post-thumbnail","6":"product_cat-hubro","7":"product_shipping_class-cddvd-shipping","8":"uni_artist_tag-arve-henriksen","9":"uni_artist_tag-eivind-aarset","10":"uni_artist_tag-geir-sundstol","11":"uni_artist_tag-mats-eilertsen","12":"uni_artist_tag-per-oddvar-johansen","13":"uni_artist_tag-thomas-stronen","14":"uni_main_artist_tag-mats-eilertsen","15":"uni_artist_genre-ambient","16":"uni_artist_genre-instrumental","17":"uni_artist_genre-jazz","19":"first","20":"instock","21":"taxable","22":"shipping-taxable","23":"purchasable","24":"product-type-variable","25":"has-default-attributes"},"_links":{"self":[{"href":"https:\/\/grappa.no\/no\/wp-json\/wp\/v2\/product\/36739","targetHints":{"allow":["GET"]}}],"collection":[{"href":"https:\/\/grappa.no\/no\/wp-json\/wp\/v2\/product"}],"about":[{"href":"https:\/\/grappa.no\/no\/wp-json\/wp\/v2\/types\/product"}],"replies":[{"embeddable":true,"href":"https:\/\/grappa.no\/no\/wp-json\/wp\/v2\/comments?post=36739"}],"wp:featuredmedia":[{"embeddable":true,"href":"https:\/\/grappa.no\/no\/wp-json\/wp\/v2\/media\/36742"}],"wp:attachment":[{"href":"https:\/\/grappa.no\/no\/wp-json\/wp\/v2\/media?parent=36739"}],"wp:term":[{"taxonomy":"product_brand","embeddable":true,"href":"https:\/\/grappa.no\/no\/wp-json\/wp\/v2\/product_brand?post=36739"},{"taxonomy":"product_cat","embeddable":true,"href":"https:\/\/grappa.no\/no\/wp-json\/wp\/v2\/product_cat?post=36739"},{"taxonomy":"product_tag","embeddable":true,"href":"https:\/\/grappa.no\/no\/wp-json\/wp\/v2\/product_tag?post=36739"}],"curies":[{"name":"wp","href":"https:\/\/api.w.org\/{rel}","templated":true}]}}